{"id":668,"date":"2025-12-28T00:48:24","date_gmt":"2025-12-27T22:48:24","guid":{"rendered":"https:\/\/calparro.cat\/ca\/?page_id=668"},"modified":"2026-02-24T23:00:14","modified_gmt":"2026-02-24T21:00:14","slug":"apartament-2","status":"publish","type":"page","link":"https:\/\/calparro.cat\/fr\/lacasa\/apartament-2\/","title":{"rendered":"Apartament 2"},"content":{"rendered":"\n<h1 class=\"wp-block-heading\">Appartement 2<\/h1>\n\n\n\n<details class=\"wp-block-details has-medium-font-size is-layout-flow wp-block-details-is-layout-flow\"><summary><strong>Voir plus<\/strong><\/summary>\n<p>Appartement de style rustique con\u00e7u pour profiter d\u2019un s\u00e9jour calme et chaleureux. L\u2019espace allie la chaleur des mat\u00e9riaux traditionnels \u00e0 toutes les commodit\u00e9s n\u00e9cessaires pour une escapade confortable.<\/p>\n\n\n\n<p>Il dispose d\u2019une cuisine ouverte enti\u00e8rement \u00e9quip\u00e9e, int\u00e9gr\u00e9e \u00e0 la salle \u00e0 manger et au salon, cr\u00e9ant un espace spacieux et fonctionnel, id\u00e9al pour se d\u00e9tendre. Il comprend \u00e9galement une chambre double lumineuse ainsi qu\u2019une salle de bain compl\u00e8te avec douche.<\/p>\n\n\n\n<p>L\u2019appartement est compl\u00e9t\u00e9 par deux balcons ext\u00e9rieurs offrant d\u2019agr\u00e9ables vues sur le village et les montagnes, parfaits pour profiter de l\u2019environnement et de la tranquillit\u00e9 du paysage.<br><\/p>\n<\/details>\n\n\n\n<div class=\"wp-block-group has-global-padding is-content-justification-center is-layout-constrained wp-block-group-is-layout-constrained\">\n<h2 class=\"wp-block-heading\">Entr\u00e9e<\/h2>\n\n\n\n<div class=\"wp-block-columns is-layout-flex wp-container-core-columns-is-layout-28f84493 wp-block-columns-is-layout-flex\">\n<div class=\"wp-block-column is-layout-flow wp-block-column-is-layout-flow\" style=\"flex-basis:100%\">\n<div class=\"wp-block-columns is-layout-flex wp-container-core-columns-is-layout-28f84493 wp-block-columns-is-layout-flex\">\n<div class=\"wp-block-column is-layout-flow wp-block-column-is-layout-flow\" style=\"flex-basis:100%\">\n<figure class=\"wp-block-image size-large is-resized has-custom-border\"><img loading=\"lazy\" decoding=\"async\" width=\"768\" height=\"1024\" src=\"https:\/\/calparro.cat\/wp-content\/uploads\/2026\/01\/IMG_20250921_140023-768x1024.jpg\" alt=\"\" class=\"wp-image-863\" style=\"border-top-left-radius:11px;border-top-right-radius:11px;border-bottom-left-radius:11px;border-bottom-right-radius:11px;aspect-ratio:0.7500381737669873;width:377px;height:auto\" srcset=\"https:\/\/calparro.cat\/wp-content\/uploads\/2026\/01\/IMG_20250921_140023-768x1024.jpg 768w, https:\/\/calparro.cat\/wp-content\/uploads\/2026\/01\/IMG_20250921_140023-225x300.jpg 225w, https:\/\/calparro.cat\/wp-content\/uploads\/2026\/01\/IMG_20250921_140023-2000x2667.jpg 2000w, https:\/\/calparro.cat\/wp-content\/uploads\/2026\/01\/IMG_20250921_140023-scaled.jpg 1920w\" sizes=\"auto, (max-width: 768px) 100vw, 768px\" \/><\/figure>\n<\/div>\n<\/div>\n<\/div>\n<\/div>\n<\/div>\n\n\n\n<div class=\"wp-block-group is-layout-flow wp-block-group-is-layout-flow\">\n<h2 class=\"wp-block-heading\">Salon<\/h2>\n\n\n\n<div class=\"wp-block-columns is-layout-flex wp-container-core-columns-is-layout-28f84493 wp-block-columns-is-layout-flex\">\n<div class=\"wp-block-column is-style-default is-layout-flow wp-block-column-is-layout-flow\" style=\"border-style:none;border-width:0px;padding-top:0;padding-right:0;padding-bottom:0;padding-left:0\">\n<figure class=\"wp-block-image size-full has-custom-border is-style-default\"><img loading=\"lazy\" decoding=\"async\" width=\"2560\" height=\"1811\" src=\"https:\/\/calparro.cat\/wp-content\/uploads\/2026\/01\/IMG_20250921_135043-scaled.jpg\" alt=\"\" class=\"wp-image-879\" style=\"border-radius:11px;aspect-ratio:4\/3;object-fit:cover\" srcset=\"https:\/\/calparro.cat\/wp-content\/uploads\/2026\/01\/IMG_20250921_135043-scaled.jpg 2560w, https:\/\/calparro.cat\/wp-content\/uploads\/2026\/01\/IMG_20250921_135043-300x212.jpg 300w, https:\/\/calparro.cat\/wp-content\/uploads\/2026\/01\/IMG_20250921_135043-1024x724.jpg 1024w, https:\/\/calparro.cat\/wp-content\/uploads\/2026\/01\/IMG_20250921_135043-2000x1415.jpg 2000w\" sizes=\"auto, (max-width: 2560px) 100vw, 2560px\" \/><\/figure>\n<\/div>\n\n\n\n<div class=\"wp-block-column is-style-default is-layout-flow wp-block-column-is-layout-flow\" style=\"border-style:none;border-width:0px;padding-top:0;padding-right:0;padding-bottom:0;padding-left:0\">\n<figure class=\"wp-block-image size-full has-custom-border\"><img loading=\"lazy\" decoding=\"async\" width=\"2560\" height=\"1923\" src=\"https:\/\/calparro.cat\/wp-content\/uploads\/2026\/01\/IMG_20250921_131908-scaled.jpg\" alt=\"\" class=\"wp-image-867\" style=\"border-radius:11px;aspect-ratio:4\/3;object-fit:cover\" srcset=\"https:\/\/calparro.cat\/wp-content\/uploads\/2026\/01\/IMG_20250921_131908-scaled.jpg 2560w, https:\/\/calparro.cat\/wp-content\/uploads\/2026\/01\/IMG_20250921_131908-300x225.jpg 300w, https:\/\/calparro.cat\/wp-content\/uploads\/2026\/01\/IMG_20250921_131908-1024x769.jpg 1024w, https:\/\/calparro.cat\/wp-content\/uploads\/2026\/01\/IMG_20250921_131908-2000x1502.jpg 2000w\" sizes=\"auto, (max-width: 2560px) 100vw, 2560px\" \/><\/figure>\n<\/div>\n<\/div>\n\n\n\n<div class=\"wp-block-columns is-layout-flex wp-container-core-columns-is-layout-28f84493 wp-block-columns-is-layout-flex\">\n<div class=\"wp-block-column is-style-default is-layout-flow wp-block-column-is-layout-flow\" style=\"border-style:none;border-width:0px;padding-top:0;padding-right:0;padding-bottom:0;padding-left:0\">\n<figure class=\"wp-block-image size-full has-custom-border\"><img loading=\"lazy\" decoding=\"async\" width=\"2560\" height=\"1660\" src=\"https:\/\/calparro.cat\/wp-content\/uploads\/2026\/01\/1678042490674-scaled.jpg\" alt=\"\" class=\"wp-image-870\" style=\"border-radius:11px;aspect-ratio:4\/3;object-fit:cover\" srcset=\"https:\/\/calparro.cat\/wp-content\/uploads\/2026\/01\/1678042490674-scaled.jpg 2560w, https:\/\/calparro.cat\/wp-content\/uploads\/2026\/01\/1678042490674-300x195.jpg 300w, https:\/\/calparro.cat\/wp-content\/uploads\/2026\/01\/1678042490674-1024x664.jpg 1024w, https:\/\/calparro.cat\/wp-content\/uploads\/2026\/01\/1678042490674-2000x1297.jpg 2000w\" sizes=\"auto, (max-width: 2560px) 100vw, 2560px\" \/><\/figure>\n<\/div>\n\n\n\n<div class=\"wp-block-column is-style-default is-layout-flow wp-block-column-is-layout-flow\" style=\"border-style:none;border-width:0px;padding-top:0;padding-right:0;padding-bottom:0;padding-left:0\">\n<figure class=\"wp-block-image size-full has-custom-border is-style-default\"><img loading=\"lazy\" decoding=\"async\" width=\"2560\" height=\"1923\" src=\"https:\/\/calparro.cat\/wp-content\/uploads\/2026\/01\/IMG_20250920_140017-scaled.jpg\" alt=\"\" class=\"wp-image-873\" style=\"border-radius:11px;aspect-ratio:4\/3;object-fit:cover\" srcset=\"https:\/\/calparro.cat\/wp-content\/uploads\/2026\/01\/IMG_20250920_140017-scaled.jpg 2560w, https:\/\/calparro.cat\/wp-content\/uploads\/2026\/01\/IMG_20250920_140017-300x225.jpg 300w, https:\/\/calparro.cat\/wp-content\/uploads\/2026\/01\/IMG_20250920_140017-1024x769.jpg 1024w, https:\/\/calparro.cat\/wp-content\/uploads\/2026\/01\/IMG_20250920_140017-2000x1502.jpg 2000w\" sizes=\"auto, (max-width: 2560px) 100vw, 2560px\" \/><\/figure>\n<\/div>\n<\/div>\n<\/div>\n\n\n\n<div class=\"wp-block-group has-global-padding is-layout-constrained wp-block-group-is-layout-constrained\">\n<h2 class=\"wp-block-heading\">Salle \u00e0 manger et cuisine<\/h2>\n\n\n\n<div class=\"wp-block-columns is-layout-flex wp-container-core-columns-is-layout-28f84493 wp-block-columns-is-layout-flex\">\n<div class=\"wp-block-column is-style-default is-layout-flow wp-block-column-is-layout-flow\" style=\"border-style:none;border-width:0px;padding-top:0;padding-right:0;padding-bottom:0;padding-left:0\">\n<figure class=\"wp-block-image size-full has-custom-border\"><img loading=\"lazy\" decoding=\"async\" width=\"2560\" height=\"1576\" src=\"https:\/\/calparro.cat\/wp-content\/uploads\/2025\/11\/1691928415383-scaled.jpg\" alt=\"\" class=\"wp-image-381\" style=\"border-radius:11px;aspect-ratio:4\/3;object-fit:cover\" srcset=\"https:\/\/calparro.cat\/wp-content\/uploads\/2025\/11\/1691928415383-scaled.jpg 2560w, https:\/\/calparro.cat\/wp-content\/uploads\/2025\/11\/1691928415383-300x185.jpg 300w, https:\/\/calparro.cat\/wp-content\/uploads\/2025\/11\/1691928415383-1024x630.jpg 1024w, https:\/\/calparro.cat\/wp-content\/uploads\/2025\/11\/1691928415383-2000x1231.jpg 2000w\" sizes=\"auto, (max-width: 2560px) 100vw, 2560px\" \/><\/figure>\n<\/div>\n\n\n\n<div class=\"wp-block-column is-style-default is-layout-flow wp-block-column-is-layout-flow\" style=\"border-style:none;border-width:0px;padding-top:0;padding-right:0;padding-bottom:0;padding-left:0\">\n<figure class=\"wp-block-image size-full has-custom-border\"><img loading=\"lazy\" decoding=\"async\" width=\"2560\" height=\"1843\" src=\"https:\/\/calparro.cat\/wp-content\/uploads\/2026\/01\/IMG_20250921_132544-scaled.jpg\" alt=\"\" class=\"wp-image-868\" style=\"border-radius:11px;aspect-ratio:4\/3;object-fit:cover\" srcset=\"https:\/\/calparro.cat\/wp-content\/uploads\/2026\/01\/IMG_20250921_132544-scaled.jpg 2560w, https:\/\/calparro.cat\/wp-content\/uploads\/2026\/01\/IMG_20250921_132544-300x216.jpg 300w, https:\/\/calparro.cat\/wp-content\/uploads\/2026\/01\/IMG_20250921_132544-1024x737.jpg 1024w, https:\/\/calparro.cat\/wp-content\/uploads\/2026\/01\/IMG_20250921_132544-2000x1440.jpg 2000w\" sizes=\"auto, (max-width: 2560px) 100vw, 2560px\" \/><\/figure>\n<\/div>\n<\/div>\n<\/div>\n\n\n\n<div class=\"wp-block-group has-global-padding is-layout-constrained wp-block-group-is-layout-constrained\">\n<h2 class=\"wp-block-heading\">Chambre double<\/h2>\n\n\n\n<div class=\"wp-block-columns is-layout-flex wp-container-core-columns-is-layout-28f84493 wp-block-columns-is-layout-flex\">\n<div class=\"wp-block-column is-style-default is-layout-flow wp-block-column-is-layout-flow\" style=\"border-style:none;border-width:0px;padding-top:0;padding-right:0;padding-bottom:0;padding-left:0\">\n<figure class=\"wp-block-image size-full has-custom-border is-style-default\"><img loading=\"lazy\" decoding=\"async\" width=\"2560\" height=\"1440\" src=\"https:\/\/calparro.cat\/wp-content\/uploads\/2026\/01\/1678042490662-scaled.jpg\" alt=\"\" class=\"wp-image-881\" style=\"border-radius:11px;aspect-ratio:4\/3;object-fit:cover\" srcset=\"https:\/\/calparro.cat\/wp-content\/uploads\/2026\/01\/1678042490662-scaled.jpg 2560w, https:\/\/calparro.cat\/wp-content\/uploads\/2026\/01\/1678042490662-300x169.jpg 300w, https:\/\/calparro.cat\/wp-content\/uploads\/2026\/01\/1678042490662-1024x576.jpg 1024w, https:\/\/calparro.cat\/wp-content\/uploads\/2026\/01\/1678042490662-2000x1125.jpg 2000w\" sizes=\"auto, (max-width: 2560px) 100vw, 2560px\" \/><\/figure>\n<\/div>\n\n\n\n<div class=\"wp-block-column is-style-default is-layout-flow wp-block-column-is-layout-flow\" style=\"border-style:none;border-width:0px;padding-top:0;padding-right:0;padding-bottom:0;padding-left:0\">\n<figure class=\"wp-block-image size-full has-custom-border\"><img loading=\"lazy\" decoding=\"async\" width=\"2560\" height=\"1923\" src=\"https:\/\/calparro.cat\/wp-content\/uploads\/2026\/01\/IMG_20250921_133006-scaled.jpg\" alt=\"\" class=\"wp-image-884\" style=\"border-radius:11px;aspect-ratio:4\/3;object-fit:cover\" srcset=\"https:\/\/calparro.cat\/wp-content\/uploads\/2026\/01\/IMG_20250921_133006-scaled.jpg 2560w, https:\/\/calparro.cat\/wp-content\/uploads\/2026\/01\/IMG_20250921_133006-300x225.jpg 300w, https:\/\/calparro.cat\/wp-content\/uploads\/2026\/01\/IMG_20250921_133006-1024x769.jpg 1024w, https:\/\/calparro.cat\/wp-content\/uploads\/2026\/01\/IMG_20250921_133006-2000x1502.jpg 2000w\" sizes=\"auto, (max-width: 2560px) 100vw, 2560px\" \/><\/figure>\n<\/div>\n<\/div>\n\n\n\n<div class=\"wp-block-columns is-layout-flex wp-container-core-columns-is-layout-28f84493 wp-block-columns-is-layout-flex\">\n<div class=\"wp-block-column is-style-default is-layout-flow wp-block-column-is-layout-flow\" style=\"border-style:none;border-width:0px;padding-top:0;padding-right:0;padding-bottom:0;padding-left:0\">\n<figure class=\"wp-block-image size-full has-custom-border is-style-default\"><img loading=\"lazy\" decoding=\"async\" width=\"1696\" height=\"2560\" src=\"https:\/\/calparro.cat\/wp-content\/uploads\/2026\/01\/1691826569517-scaled.jpg\" alt=\"\" class=\"wp-image-882\" style=\"border-radius:11px;aspect-ratio:4\/3;object-fit:cover\" srcset=\"https:\/\/calparro.cat\/wp-content\/uploads\/2026\/01\/1691826569517-scaled.jpg 1696w, https:\/\/calparro.cat\/wp-content\/uploads\/2026\/01\/1691826569517-199x300.jpg 199w, https:\/\/calparro.cat\/wp-content\/uploads\/2026\/01\/1691826569517-678x1024.jpg 678w\" sizes=\"auto, (max-width: 1696px) 100vw, 1696px\" \/><\/figure>\n<\/div>\n\n\n\n<div class=\"wp-block-column is-style-default is-layout-flow wp-block-column-is-layout-flow\" style=\"border-style:none;border-width:0px;padding-top:0;padding-right:0;padding-bottom:0;padding-left:0\">\n<p><\/p>\n<\/div>\n<\/div>\n<\/div>\n\n\n\n<div class=\"wp-block-group is-layout-flow wp-block-group-is-layout-flow\">\n<h2 class=\"wp-block-heading\">Salle de bain<\/h2>\n\n\n\n<div class=\"wp-block-columns is-layout-flex wp-container-core-columns-is-layout-28f84493 wp-block-columns-is-layout-flex\">\n<div class=\"wp-block-column is-layout-flow wp-block-column-is-layout-flow\" style=\"flex-basis:100%\">\n<figure class=\"wp-block-image size-large is-resized has-custom-border is-style-rounded\"><img loading=\"lazy\" decoding=\"async\" width=\"1024\" height=\"665\" src=\"https:\/\/calparro.cat\/wp-content\/uploads\/2026\/01\/1678042490640-1024x665.jpg\" alt=\"\" class=\"wp-image-896\" style=\"border-top-left-radius:11px;border-top-right-radius:11px;border-bottom-left-radius:11px;border-bottom-right-radius:11px;aspect-ratio:1.3333333333333333;object-fit:cover;width:649px;height:auto\" srcset=\"https:\/\/calparro.cat\/wp-content\/uploads\/2026\/01\/1678042490640-1024x665.jpg 1024w, https:\/\/calparro.cat\/wp-content\/uploads\/2026\/01\/1678042490640-300x195.jpg 300w, https:\/\/calparro.cat\/wp-content\/uploads\/2026\/01\/1678042490640-2000x1299.jpg 2000w\" sizes=\"auto, (max-width: 1024px) 100vw, 1024px\" \/><\/figure>\n<\/div>\n<\/div>\n<\/div>\n","protected":false},"excerpt":{"rendered":"<p>Appartement 2 Entr\u00e9e Salon Salle \u00e0 manger et cuisine Chambre double Salle de bain<\/p>\n","protected":false},"author":1,"featured_media":870,"parent":11,"menu_order":0,"comment_status":"closed","ping_status":"closed","template":"","meta":{"footnotes":""},"class_list":["post-668","page","type-page","status-publish","has-post-thumbnail","hentry"],"_links":{"self":[{"href":"https:\/\/calparro.cat\/fr\/wp-json\/wp\/v2\/pages\/668","targetHints":{"allow":["GET"]}}],"collection":[{"href":"https:\/\/calparro.cat\/fr\/wp-json\/wp\/v2\/pages"}],"about":[{"href":"https:\/\/calparro.cat\/fr\/wp-json\/wp\/v2\/types\/page"}],"author":[{"embeddable":true,"href":"https:\/\/calparro.cat\/fr\/wp-json\/wp\/v2\/users\/1"}],"replies":[{"embeddable":true,"href":"https:\/\/calparro.cat\/fr\/wp-json\/wp\/v2\/comments?post=668"}],"version-history":[{"count":63,"href":"https:\/\/calparro.cat\/fr\/wp-json\/wp\/v2\/pages\/668\/revisions"}],"predecessor-version":[{"id":1445,"href":"https:\/\/calparro.cat\/fr\/wp-json\/wp\/v2\/pages\/668\/revisions\/1445"}],"up":[{"embeddable":true,"href":"https:\/\/calparro.cat\/fr\/wp-json\/wp\/v2\/pages\/11"}],"wp:featuredmedia":[{"embeddable":true,"href":"https:\/\/calparro.cat\/fr\/wp-json\/wp\/v2\/media\/870"}],"wp:attachment":[{"href":"https:\/\/calparro.cat\/fr\/wp-json\/wp\/v2\/media?parent=668"}],"curies":[{"name":"wp","href":"https:\/\/api.w.org\/{rel}","templated":true}]}}