{"id":591,"date":"2025-12-26T18:13:26","date_gmt":"2025-12-26T16:13:26","guid":{"rendered":"https:\/\/calparro.cat\/ca\/?page_id=591"},"modified":"2026-02-22T13:54:26","modified_gmt":"2026-02-22T11:54:26","slug":"enoturisme","status":"publish","type":"page","link":"https:\/\/calparro.cat\/fr\/blog\/enoturisme\/","title":{"rendered":"\u0152notourisme"},"content":{"rendered":"\n<p>L\u2019\u0153notourisme \u00e0 Batea se pr\u00e9sente comme une proposition de grande valeur culturelle, paysag\u00e8re et gastronomique au sein de la comarque de la Terra Alta. Cette commune se distingue par une tradition vitivinicole profond\u00e9ment enracin\u00e9e, soutenue par un climat m\u00e9diterran\u00e9en continental et des sols calcaires qui favorisent une viticulture de qualit\u00e9, particuli\u00e8rement reconnue pour la grenache blanche.<\/p>\n\n\n\n<p>L\u2019offre \u0153notouristique de Batea associe la visite de caves \u2014 tant coop\u00e9ratives que familiales \u2014 \u00e0 des exp\u00e9riences mettant en valeur le patrimoine architectural moderniste, le paysage viticole et la culture locale. Les activit\u00e9s propos\u00e9es comprennent g\u00e9n\u00e9ralement des d\u00e9gustations comment\u00e9es, des itin\u00e9raires \u00e0 travers les vignobles, des accords mets et vins avec des produits de proximit\u00e9, ainsi que des \u00e9v\u00e9nements li\u00e9s au calendrier agricole et festif.<\/p>\n\n\n\n<p>Par ailleurs, l\u2019\u0153notourisme agit comme un moteur de d\u00e9veloppement local, en int\u00e9grant des secteurs tels que la restauration, l\u2019h\u00e9bergement rural et le commerce de produits agroalimentaires. Dans son ensemble, Batea s\u2019affirme comme une destination id\u00e9ale pour un tourisme sp\u00e9cialis\u00e9 et durable, destin\u00e9 \u00e0 des visiteurs en qu\u00eate d\u2019authenticit\u00e9, de connaissance du territoire et d\u2019exp\u00e9riences li\u00e9es au vin.<\/p>\n\n\n\n<p>Pour toutes les personnes souhaitant approfondir cette offre, l\u2019ensemble des caves de notre commune peut \u00eatre consult\u00e9 via le portail officiel du tourisme :<br><a href=\"https:\/\/turismebatea.com\/enoturisme-cellers-terra-alta\">https:\/\/turismebatea.com\/enoturisme-cellers-terra-alta<\/a><\/p>\n\n\n\n<p>Ci-dessous, nous vous en pr\u00e9sentons un \u00e9chantillon repr\u00e9sentatif :<\/p>\n\n\n\n<div style=\"height:58px\" aria-hidden=\"true\" class=\"wp-block-spacer\"><\/div>\n\n\n\n<div class=\"wp-block-columns are-vertically-aligned-center is-layout-flex wp-container-core-columns-is-layout-28f84493 wp-block-columns-is-layout-flex\">\n<div class=\"wp-block-column is-vertically-aligned-center is-layout-flow wp-block-column-is-layout-flow\" style=\"flex-basis:26%\">\n<figure class=\"wp-block-image has-custom-border is-style-rounded\"><img loading=\"lazy\" decoding=\"async\" width=\"692\" height=\"692\" src=\"https:\/\/calparro.cat\/wp-content\/uploads\/2025\/12\/altavins1.jpg\" alt=\"\" class=\"wp-image-592\" style=\"border-top-left-radius:11px;border-top-right-radius:11px;border-bottom-left-radius:11px;border-bottom-right-radius:11px\" srcset=\"https:\/\/calparro.cat\/wp-content\/uploads\/2025\/12\/altavins1.jpg 692w, https:\/\/calparro.cat\/wp-content\/uploads\/2025\/12\/altavins1-300x300.jpg 300w, https:\/\/calparro.cat\/wp-content\/uploads\/2025\/12\/altavins1-150x150.jpg 150w\" sizes=\"auto, (max-width: 692px) 100vw, 692px\" \/><\/figure>\n<\/div>\n\n\n\n<div class=\"wp-block-column is-vertically-aligned-center is-layout-flow wp-block-column-is-layout-flow\" style=\"flex-basis:74%\">\n<p><strong>Altavins est un domaine viticole situ\u00e9 au sein de la DO Terra Alta, o\u00f9 sont \u00e9labor\u00e9s des vins fins, marqu\u00e9s par l\u2019essence des c\u00e9pages traditionnels et produits dans le respect de la culture vitivinicole de la r\u00e9gion. Connaissez-vous la tradition mill\u00e9naire et les histoires qui se cachent dans les 75 cl d\u2019une bouteille de vin ? Venez les d\u00e9couvrir !<\/strong><\/p>\n\n\n\n<p><strong>ILERCAVONIA:<\/strong> vin jeune 100 % grenache blanche<br><strong>ALMODI:<\/strong> 100 % grenache noire, 4 mois en barrique<br><strong>TEMPUS:<\/strong> grenache, syrah et carignan, 10 mois d\u2019\u00e9levage<br><strong>DOMUS PENSI:<\/strong> r\u00e9serve. Grenache, syrah, cabernet et merlot, avec 18 mois en f\u00fbts de ch\u00eane fran\u00e7ais.<\/p>\n<\/div>\n<\/div>\n\n\n\n<div style=\"height:58px\" aria-hidden=\"true\" class=\"wp-block-spacer\"><\/div>\n\n\n\n<div class=\"wp-block-columns are-vertically-aligned-center is-layout-flex wp-container-core-columns-is-layout-28f84493 wp-block-columns-is-layout-flex\">\n<div class=\"wp-block-column is-vertically-aligned-center is-layout-flow wp-block-column-is-layout-flow\" style=\"flex-basis:26%\">\n<figure class=\"wp-block-image has-custom-border is-style-rounded\"><img loading=\"lazy\" decoding=\"async\" width=\"800\" height=\"800\" src=\"https:\/\/calparro.cat\/wp-content\/uploads\/2025\/12\/lafou1.jpg\" alt=\"\" class=\"wp-image-593\" style=\"border-top-left-radius:11px;border-top-right-radius:11px;border-bottom-left-radius:11px;border-bottom-right-radius:11px\" srcset=\"https:\/\/calparro.cat\/wp-content\/uploads\/2025\/12\/lafou1.jpg 800w, https:\/\/calparro.cat\/wp-content\/uploads\/2025\/12\/lafou1-300x300.jpg 300w, https:\/\/calparro.cat\/wp-content\/uploads\/2025\/12\/lafou1-150x150.jpg 150w\" sizes=\"auto, (max-width: 800px) 100vw, 800px\" \/><\/figure>\n<\/div>\n\n\n\n<div class=\"wp-block-column is-vertically-aligned-center is-layout-flow wp-block-column-is-layout-flow\" style=\"flex-basis:74%\">\n<p><strong>Grenache et territoire d\u00e9finissent le style unique des vins de LaFou, un domaine viticole install\u00e9 dans une maison seigneuriale du XVIII\u1d49 si\u00e8cle sur la place principale du village.<\/strong><\/p>\n\n\n\n<p>LaFou cherche \u00e0 r\u00e9v\u00e9ler l\u2019essence de la Terra Alta \u00e0 travers la grenache, en visant l\u2019expression maximale de ses vins gr\u00e2ce \u00e0 des processus d\u2019\u00e9laboration qui mettent en valeur la profondeur, l\u2019identit\u00e9 et l\u2019expressivit\u00e9 du territoire.<\/p>\n<\/div>\n<\/div>\n\n\n\n<div style=\"height:58px\" aria-hidden=\"true\" class=\"wp-block-spacer\"><\/div>\n\n\n\n<div class=\"wp-block-columns are-vertically-aligned-center is-layout-flex wp-container-core-columns-is-layout-28f84493 wp-block-columns-is-layout-flex\">\n<div class=\"wp-block-column is-vertically-aligned-center is-layout-flow wp-block-column-is-layout-flow\" style=\"flex-basis:26%\">\n<figure class=\"wp-block-image has-custom-border is-style-rounded\"><img loading=\"lazy\" decoding=\"async\" width=\"1024\" height=\"576\" src=\"https:\/\/calparro.cat\/wp-content\/uploads\/2025\/12\/logo-celler-batea-16-9-1024x576.png\" alt=\"\" class=\"wp-image-598\" style=\"border-top-left-radius:11px;border-top-right-radius:11px;border-bottom-left-radius:11px;border-bottom-right-radius:11px\" srcset=\"https:\/\/calparro.cat\/wp-content\/uploads\/2025\/12\/logo-celler-batea-16-9-1024x576.png 1024w, https:\/\/calparro.cat\/wp-content\/uploads\/2025\/12\/logo-celler-batea-16-9-300x169.png 300w, https:\/\/calparro.cat\/wp-content\/uploads\/2025\/12\/logo-celler-batea-16-9.png 1280w\" sizes=\"auto, (max-width: 1024px) 100vw, 1024px\" \/><\/figure>\n<\/div>\n\n\n\n<div class=\"wp-block-column is-vertically-aligned-center is-layout-flow wp-block-column-is-layout-flow\" style=\"flex-basis:74%\">\n<p><strong>Le Celler Batea a \u00e9t\u00e9 fond\u00e9 en 1961. Il compte actuellement 212 associ\u00e9s et commercialise ses vins sur le march\u00e9 catalan ainsi qu\u2019\u00e0 l\u2019exportation.<\/strong><\/p>\n\n\n\n<p>Nos marques de vins embouteill\u00e9s sont Castell d\u2019Algars, Vallamajor, Prim\u00edcia, Vivertell, L\u2019Aube, Tipicitat, Equinox et Naturalis Mer, un vin biologique.<br>Nous produisons \u00e9galement de l\u2019huile d\u2019olive et des olives de grande qualit\u00e9.<\/p>\n<\/div>\n<\/div>\n","protected":false},"excerpt":{"rendered":"<p>L\u2019\u0153notourisme \u00e0 Batea se pr\u00e9sente comme une proposition de grande valeur culturelle, paysag\u00e8re et gastronomique au sein de la comarque de la Terra Alta. Cette commune se distingue par une tradition vitivinicole profond\u00e9ment enracin\u00e9e, soutenue par un climat m\u00e9diterran\u00e9en continental et des sols calcaires qui favorisent une viticulture de qualit\u00e9, particuli\u00e8rement reconnue pour la grenache &hellip; <\/p>\n<p class=\"link-more\"><a href=\"https:\/\/calparro.cat\/fr\/blog\/enoturisme\/\" class=\"more-link\">Lire la suite de<span class=\"screen-reader-text\">\u00ab\u00a0\u0152notourisme\u00a0\u00bb<\/span><\/a><\/p>\n","protected":false},"author":1,"featured_media":992,"parent":13,"menu_order":0,"comment_status":"closed","ping_status":"closed","template":"","meta":{"footnotes":""},"class_list":["post-591","page","type-page","status-publish","has-post-thumbnail","hentry"],"_links":{"self":[{"href":"https:\/\/calparro.cat\/fr\/wp-json\/wp\/v2\/pages\/591","targetHints":{"allow":["GET"]}}],"collection":[{"href":"https:\/\/calparro.cat\/fr\/wp-json\/wp\/v2\/pages"}],"about":[{"href":"https:\/\/calparro.cat\/fr\/wp-json\/wp\/v2\/types\/page"}],"author":[{"embeddable":true,"href":"https:\/\/calparro.cat\/fr\/wp-json\/wp\/v2\/users\/1"}],"replies":[{"embeddable":true,"href":"https:\/\/calparro.cat\/fr\/wp-json\/wp\/v2\/comments?post=591"}],"version-history":[{"count":17,"href":"https:\/\/calparro.cat\/fr\/wp-json\/wp\/v2\/pages\/591\/revisions"}],"predecessor-version":[{"id":1437,"href":"https:\/\/calparro.cat\/fr\/wp-json\/wp\/v2\/pages\/591\/revisions\/1437"}],"up":[{"embeddable":true,"href":"https:\/\/calparro.cat\/fr\/wp-json\/wp\/v2\/pages\/13"}],"wp:featuredmedia":[{"embeddable":true,"href":"https:\/\/calparro.cat\/fr\/wp-json\/wp\/v2\/media\/992"}],"wp:attachment":[{"href":"https:\/\/calparro.cat\/fr\/wp-json\/wp\/v2\/media?parent=591"}],"curies":[{"name":"wp","href":"https:\/\/api.w.org\/{rel}","templated":true}]}}