{"id":560,"date":"2025-12-26T12:53:19","date_gmt":"2025-12-26T10:53:19","guid":{"rendered":"https:\/\/calparro.cat\/ca\/?page_id=560"},"modified":"2026-02-22T13:47:41","modified_gmt":"2026-02-22T11:47:41","slug":"punts-dinteres","status":"publish","type":"page","link":"https:\/\/calparro.cat\/fr\/blog\/punts-dinteres\/","title":{"rendered":"Points d\u2019int\u00e9r\u00eat"},"content":{"rendered":"\n<div class=\"wp-block-columns are-vertically-aligned-center is-layout-flex wp-container-core-columns-is-layout-28f84493 wp-block-columns-is-layout-flex\">\n<div class=\"wp-block-column is-vertically-aligned-center is-layout-flow wp-block-column-is-layout-flow\" style=\"flex-basis:24%\">\n<figure class=\"wp-block-image has-custom-border is-style-rounded\"><img loading=\"lazy\" decoding=\"async\" width=\"400\" height=\"400\" src=\"https:\/\/calparro.cat\/wp-content\/uploads\/2025\/12\/image-3.png\" alt=\"\" class=\"wp-image-550\" style=\"border-top-left-radius:11px;border-top-right-radius:11px;border-bottom-left-radius:11px;border-bottom-right-radius:11px\" srcset=\"https:\/\/calparro.cat\/wp-content\/uploads\/2025\/12\/image-3.png 400w, https:\/\/calparro.cat\/wp-content\/uploads\/2025\/12\/image-3-300x300.png 300w, https:\/\/calparro.cat\/wp-content\/uploads\/2025\/12\/image-3-150x150.png 150w\" sizes=\"auto, (max-width: 400px) 100vw, 400px\" \/><\/figure>\n<\/div>\n\n\n\n<div class=\"wp-block-column is-vertically-aligned-center is-layout-flow wp-block-column-is-layout-flow\" style=\"flex-basis:76%\">\n<div style=\"height:16px\" aria-hidden=\"true\" class=\"wp-block-spacer\"><\/div>\n\n\n\n<p style=\"text-decoration:underline\"><strong>Point d\u2019information touristique<\/strong><\/p>\n\n\n\n<p><strong>Vous y verrez expos\u00e9s tous les vins de nos producteurs locaux, au rez-de-chauss\u00e9e de la mairie de Batea.<\/strong><\/p>\n\n\n\n<p>Ouvert tous les jours de l\u2019ann\u00e9e pour vous offrir une information compl\u00e8te sur notre localit\u00e9. Des d\u00e9marches administratives aux \u00e9v\u00e9nements et activit\u00e9s, notre centre d\u2019information est la source principale pour d\u00e9couvrir la vie de notre communaut\u00e9.<\/p>\n<\/div>\n<\/div>\n\n\n\n<div style=\"height:47px\" aria-hidden=\"true\" class=\"wp-block-spacer\"><\/div>\n\n\n\n<div class=\"wp-block-columns are-vertically-aligned-center is-layout-flex wp-container-core-columns-is-layout-28f84493 wp-block-columns-is-layout-flex\">\n<div class=\"wp-block-column is-vertically-aligned-center is-layout-flow wp-block-column-is-layout-flow\" style=\"flex-basis:24%\">\n<figure class=\"wp-block-image has-custom-border is-style-rounded\"><img loading=\"lazy\" decoding=\"async\" width=\"800\" height=\"800\" src=\"https:\/\/calparro.cat\/wp-content\/uploads\/2025\/12\/placa1.jpg\" alt=\"\" class=\"wp-image-564\" style=\"border-top-left-radius:11px;border-top-right-radius:11px;border-bottom-left-radius:11px;border-bottom-right-radius:11px\" srcset=\"https:\/\/calparro.cat\/wp-content\/uploads\/2025\/12\/placa1.jpg 800w, https:\/\/calparro.cat\/wp-content\/uploads\/2025\/12\/placa1-300x300.jpg 300w, https:\/\/calparro.cat\/wp-content\/uploads\/2025\/12\/placa1-150x150.jpg 150w\" sizes=\"auto, (max-width: 800px) 100vw, 800px\" \/><\/figure>\n<\/div>\n\n\n\n<div class=\"wp-block-column is-vertically-aligned-center is-layout-flow wp-block-column-is-layout-flow\" style=\"flex-basis:76%\">\n<div style=\"height:16px\" aria-hidden=\"true\" class=\"wp-block-spacer\"><\/div>\n\n\n\n<p style=\"text-decoration:underline\"><strong>Pla\u00e7a Major<\/strong><\/p>\n\n\n\n<p><strong>L\u2019ancienne esplanade, pr\u00e9lude d\u2019une ville fortifi\u00e9e, s\u2019\u00e9l\u00e8ve aujourd\u2019hui en une place imposante, lien entre le centre historique et la modernit\u00e9.<\/strong><\/p>\n\n\n\n<p>La place de Catalogne s\u2019impose aujourd\u2019hui comme le point d\u2019accueil des visiteurs de Batea. Et ce n\u2019est pas un hasard : il y a des si\u00e8cles, elle constituait litt\u00e9ralement l\u2019entr\u00e9e du village, le principal point d\u2019acc\u00e8s pour les visiteurs arrivant par le chemin de Tortosa, face \u00e0 une ville enti\u00e8rement fortifi\u00e9e.<\/p>\n<\/div>\n<\/div>\n\n\n\n<div style=\"height:47px\" aria-hidden=\"true\" class=\"wp-block-spacer\"><\/div>\n\n\n\n<div class=\"wp-block-columns are-vertically-aligned-center is-layout-flex wp-container-core-columns-is-layout-28f84493 wp-block-columns-is-layout-flex\">\n<div class=\"wp-block-column is-vertically-aligned-center is-layout-flow wp-block-column-is-layout-flow\" style=\"flex-basis:24%\">\n<figure class=\"wp-block-image has-custom-border is-style-rounded\"><img loading=\"lazy\" decoding=\"async\" width=\"800\" height=\"800\" src=\"https:\/\/calparro.cat\/wp-content\/uploads\/2025\/12\/ajuntament1.jpg\" alt=\"\" class=\"wp-image-568\" style=\"border-top-left-radius:11px;border-top-right-radius:11px;border-bottom-left-radius:11px;border-bottom-right-radius:11px\" srcset=\"https:\/\/calparro.cat\/wp-content\/uploads\/2025\/12\/ajuntament1.jpg 800w, https:\/\/calparro.cat\/wp-content\/uploads\/2025\/12\/ajuntament1-300x300.jpg 300w, https:\/\/calparro.cat\/wp-content\/uploads\/2025\/12\/ajuntament1-150x150.jpg 150w\" sizes=\"auto, (max-width: 800px) 100vw, 800px\" \/><\/figure>\n<\/div>\n\n\n\n<div class=\"wp-block-column is-vertically-aligned-center is-layout-flow wp-block-column-is-layout-flow\" style=\"flex-basis:76%\">\n<div style=\"height:16px\" aria-hidden=\"true\" class=\"wp-block-spacer\"><\/div>\n\n\n\n<p style=\"text-decoration:underline\"><strong>Ca la Vila<\/strong><\/p>\n\n\n\n<p><strong>Un b\u00e2timent qui dominait l\u2019entr\u00e9e de la ville au Moyen \u00c2ge et qui abrite aujourd\u2019hui des services destin\u00e9s aux touristes et aux habitants de Batea.<\/strong><\/p>\n\n\n\n<p>Ca la Vila est le nom donn\u00e9 \u00e0 la Grande Maison de la commune, d\u2019origine m\u00e9di\u00e9vale, qui est aujourd\u2019hui le si\u00e8ge de la mairie. Elle fut agrandie au XVI\u1d49 si\u00e8cle et reconstruite aux XIX\u1d49 et XX\u1d49 si\u00e8cles.<\/p>\n<\/div>\n<\/div>\n\n\n\n<div style=\"height:47px\" aria-hidden=\"true\" class=\"wp-block-spacer\"><\/div>\n\n\n\n<div class=\"wp-block-columns are-vertically-aligned-center is-layout-flex wp-container-core-columns-is-layout-28f84493 wp-block-columns-is-layout-flex\">\n<div class=\"wp-block-column is-vertically-aligned-center is-layout-flow wp-block-column-is-layout-flow\" style=\"flex-basis:24%\">\n<figure class=\"wp-block-image has-custom-border is-style-rounded\"><img loading=\"lazy\" decoding=\"async\" width=\"400\" height=\"400\" src=\"https:\/\/calparro.cat\/wp-content\/uploads\/2025\/12\/capella3.jpg\" alt=\"\" class=\"wp-image-571\" style=\"border-top-left-radius:11px;border-top-right-radius:11px;border-bottom-left-radius:11px;border-bottom-right-radius:11px\" srcset=\"https:\/\/calparro.cat\/wp-content\/uploads\/2025\/12\/capella3.jpg 400w, https:\/\/calparro.cat\/wp-content\/uploads\/2025\/12\/capella3-300x300.jpg 300w, https:\/\/calparro.cat\/wp-content\/uploads\/2025\/12\/capella3-150x150.jpg 150w\" sizes=\"auto, (max-width: 400px) 100vw, 400px\" \/><\/figure>\n<\/div>\n\n\n\n<div class=\"wp-block-column is-vertically-aligned-center is-layout-flow wp-block-column-is-layout-flow\" style=\"flex-basis:76%\">\n<div style=\"height:16px\" aria-hidden=\"true\" class=\"wp-block-spacer\"><\/div>\n\n\n\n<p style=\"text-decoration:underline\"><strong>Chapelle Mare de D\u00e9u del Portal<\/strong><\/p>\n\n\n\n<p><strong>Chapelle d\u00e9di\u00e9e \u00e0 la patronne de la ville, de style baroque, richement orn\u00e9e et dot\u00e9e d\u2019une coupole de grandes dimensions.<\/strong><\/p>\n\n\n\n<p>La chapelle de la Vierge du Portal est de style baroque et fut construite en 1698. On y v\u00e9n\u00e8re l\u2019image de la patronne de la ville, la Vierge du Portal, qui ornait autrefois le portail fermant la rue d\u2019En Perera, attenante \u00e0 la chapelle.<\/p>\n<\/div>\n<\/div>\n\n\n\n<div style=\"height:47px\" aria-hidden=\"true\" class=\"wp-block-spacer\"><\/div>\n\n\n\n<div class=\"wp-block-columns are-vertically-aligned-center is-layout-flex wp-container-core-columns-is-layout-28f84493 wp-block-columns-is-layout-flex\">\n<div class=\"wp-block-column is-vertically-aligned-center is-layout-flow wp-block-column-is-layout-flow\" style=\"flex-basis:24%\">\n<figure class=\"wp-block-image has-custom-border\"><img loading=\"lazy\" decoding=\"async\" width=\"400\" height=\"400\" src=\"https:\/\/calparro.cat\/wp-content\/uploads\/2025\/12\/major2.jpg\" alt=\"\" class=\"wp-image-577\" style=\"border-top-left-radius:11px;border-top-right-radius:11px;border-bottom-left-radius:11px;border-bottom-right-radius:11px\" srcset=\"https:\/\/calparro.cat\/wp-content\/uploads\/2025\/12\/major2.jpg 400w, https:\/\/calparro.cat\/wp-content\/uploads\/2025\/12\/major2-300x300.jpg 300w, https:\/\/calparro.cat\/wp-content\/uploads\/2025\/12\/major2-150x150.jpg 150w\" sizes=\"auto, (max-width: 400px) 100vw, 400px\" \/><\/figure>\n<\/div>\n\n\n\n<div class=\"wp-block-column is-vertically-aligned-center is-layout-flow wp-block-column-is-layout-flow\" style=\"flex-basis:76%\">\n<div style=\"height:16px\" aria-hidden=\"true\" class=\"wp-block-spacer\"><\/div>\n\n\n\n<p style=\"text-decoration:underline\"><strong>Carrer Major<\/strong><\/p>\n\n\n\n<p><strong>La rue principale de la ville close, qui donnait acc\u00e8s \u00e0 l\u2019\u00e9glise et au ch\u00e2teau par le biais d\u2019arcades gothiques m\u00e9di\u00e9vales.<\/strong><\/p>\n\n\n\n<p>Monter la pente de la rue principale, c\u2019est commencer \u00e0 p\u00e9n\u00e9trer dans l\u2019ancienne ville close. On y remarque notamment les arcs et portiques gothiques des XIII\u1d49, XIV\u1d49 et XV\u1d49 si\u00e8cles, qui servaient d\u2019abri aux passants les jours de pluie et de boutiques et ateliers aux artisans commer\u00e7ants lors des foires et du march\u00e9 hebdomadaire.<\/p>\n<\/div>\n<\/div>\n","protected":false},"excerpt":{"rendered":"<p>Point d\u2019information touristique Vous y verrez expos\u00e9s tous les vins de nos producteurs locaux, au rez-de-chauss\u00e9e de la mairie de Batea. Ouvert tous les jours de l\u2019ann\u00e9e pour vous offrir une information compl\u00e8te sur notre localit\u00e9. Des d\u00e9marches administratives aux \u00e9v\u00e9nements et activit\u00e9s, notre centre d\u2019information est la source principale pour d\u00e9couvrir la vie de &hellip; <\/p>\n<p class=\"link-more\"><a href=\"https:\/\/calparro.cat\/fr\/blog\/punts-dinteres\/\" class=\"more-link\">Lire la suite de<span class=\"screen-reader-text\">\u00ab\u00a0Points d\u2019int\u00e9r\u00eat\u00a0\u00bb<\/span><\/a><\/p>\n","protected":false},"author":1,"featured_media":989,"parent":13,"menu_order":0,"comment_status":"closed","ping_status":"closed","template":"","meta":{"footnotes":""},"class_list":["post-560","page","type-page","status-publish","has-post-thumbnail","hentry"],"_links":{"self":[{"href":"https:\/\/calparro.cat\/fr\/wp-json\/wp\/v2\/pages\/560","targetHints":{"allow":["GET"]}}],"collection":[{"href":"https:\/\/calparro.cat\/fr\/wp-json\/wp\/v2\/pages"}],"about":[{"href":"https:\/\/calparro.cat\/fr\/wp-json\/wp\/v2\/types\/page"}],"author":[{"embeddable":true,"href":"https:\/\/calparro.cat\/fr\/wp-json\/wp\/v2\/users\/1"}],"replies":[{"embeddable":true,"href":"https:\/\/calparro.cat\/fr\/wp-json\/wp\/v2\/comments?post=560"}],"version-history":[{"count":17,"href":"https:\/\/calparro.cat\/fr\/wp-json\/wp\/v2\/pages\/560\/revisions"}],"predecessor-version":[{"id":1429,"href":"https:\/\/calparro.cat\/fr\/wp-json\/wp\/v2\/pages\/560\/revisions\/1429"}],"up":[{"embeddable":true,"href":"https:\/\/calparro.cat\/fr\/wp-json\/wp\/v2\/pages\/13"}],"wp:featuredmedia":[{"embeddable":true,"href":"https:\/\/calparro.cat\/fr\/wp-json\/wp\/v2\/media\/989"}],"wp:attachment":[{"href":"https:\/\/calparro.cat\/fr\/wp-json\/wp\/v2\/media?parent=560"}],"curies":[{"name":"wp","href":"https:\/\/api.w.org\/{rel}","templated":true}]}}