{"id":540,"date":"2025-12-26T12:20:51","date_gmt":"2025-12-26T10:20:51","guid":{"rendered":"https:\/\/calparro.cat\/ca\/?page_id=540"},"modified":"2026-02-22T13:42:45","modified_gmt":"2026-02-22T11:42:45","slug":"historia","status":"publish","type":"page","link":"https:\/\/calparro.cat\/fr\/blog\/historia\/","title":{"rendered":"Histoire"},"content":{"rendered":"\n<h3 class=\"wp-block-heading\"><strong>Approche historique de la ville de Batea<\/strong><\/h3>\n\n\n\n<p>Certains historiens ont identifi\u00e9 Batea \u00e0 une importante cit\u00e9 de l\u2019Ilercavonie (cit\u00e9e par Ptol\u00e9m\u00e9e), connue sous le nom d\u2019\u00ab Adeba \u00bb. Cette hypoth\u00e8se fait toutefois d\u00e9bat, mais il est \u00e9vident que Batea, comme le reste des localit\u00e9s de la comarque de la Terra Alta, est d\u2019origine protohistorique.<\/p>\n\n\n\n<figure class=\"wp-block-image\"><img decoding=\"async\" src=\"https:\/\/turismebatea.com\/assets\/img\/historia\/muralles.jpg\" alt=\"\"\/><\/figure>\n\n\n\n<p>Il existe des vestiges de plusieurs villages ib\u00e8res situ\u00e9s sur le territoire de Batea, ainsi qu\u2019un tron\u00e7on de 3 km de l\u2019ancienne voie romaine qui reliait le port de Dertusa (Tortosa) aux villes de l\u2019int\u00e9rieur de la province de Tarraconaise, telles qu\u2019Ilerda (Lleida) et Caesaraugusta (Saragosse). Le trac\u00e9 correspond \u00e0 l\u2019ancien chemin des Massalocans, qui relie Batea \u00e0 la Pobla de Massaluca, et constitue le principal t\u00e9moignage du passage des Romains \u00e0 Batea.<\/p>\n\n\n\n<figure class=\"wp-block-image\"><img decoding=\"async\" src=\"https:\/\/turismebatea.com\/assets\/img\/historia\/santpol.jpg\" alt=\"\"\/><\/figure>\n\n\n\n<p>Apr\u00e8s la conqu\u00eate du territoire sur les Arabes en 1153, Batea est mentionn\u00e9e pour la premi\u00e8re fois dans un document \u00e9crit. Il s\u2019agit de la charte de donation de Ramon Berenguer IV aux Templiers de Miravet. En 1181, deux concessions d\u2019Alphonse I font r\u00e9f\u00e9rence \u00e0 Batea et \u00e0 l\u2019Algars. Il accorde une charte de peuplement aux futurs habitants selon le for de Saragosse, tout en conc\u00e9dant les deux ch\u00e2teaux, selon le for de Barcelone, au chevalier Bernat Granell, qui en assura effectivement la mise en \u0153uvre. Quelques ann\u00e9es plus tard, les Templiers exig\u00e8rent et r\u00e9cup\u00e9r\u00e8rent la seigneurie de Batea et de l\u2019Algars.<\/p>\n\n\n\n<p>Lorsque, en 1317, les Hospitaliers h\u00e9rit\u00e8rent des biens des Templiers, Batea, Pinyeres et l\u2019Algars faisaient partie de la baillie de Miravet, qui sera connue par la suite sous le nom de Castellanie d\u2019Amposta.<\/p>\n\n\n\n<figure class=\"wp-block-image\"><img decoding=\"async\" src=\"https:\/\/turismebatea.com\/assets\/img\/historia\/castellania.jpg\" alt=\"\"\/><\/figure>\n\n\n\n<p>Apr\u00e8s plusieurs si\u00e8cles marqu\u00e9s par de nombreuses guerres et \u00e9pid\u00e9mies, la prosp\u00e9rit\u00e9 \u00e9conomique et d\u00e9mographique arrive au XVIII\u1d49 si\u00e8cle. Elle se manifeste par la construction de la nouvelle \u00e9glise paroissiale de Sant Miquel, par l\u2019expansion agricole au-del\u00e0 du territoire communal et par l\u2019agrandissement du village.<\/p>\n\n\n\n<p>Durant la guerre civile espagnole (1936-1939), la ville se trouve en arri\u00e8re-front du front de l\u2019\u00c8bre et accueille de nombreux h\u00f4pitaux de campagne.<br><img decoding=\"async\" width=\"300\" src=\"https:\/\/turismebatea.com\/assets\/img\/historia\/placa.jpg\"><\/p>\n","protected":false},"excerpt":{"rendered":"<p>Approche historique de la ville de Batea Certains historiens ont identifi\u00e9 Batea \u00e0 une importante cit\u00e9 de l\u2019Ilercavonie (cit\u00e9e par Ptol\u00e9m\u00e9e), connue sous le nom d\u2019\u00ab Adeba \u00bb. Cette hypoth\u00e8se fait toutefois d\u00e9bat, mais il est \u00e9vident que Batea, comme le reste des localit\u00e9s de la comarque de la Terra Alta, est d\u2019origine protohistorique. Il &hellip; <\/p>\n<p class=\"link-more\"><a href=\"https:\/\/calparro.cat\/fr\/blog\/historia\/\" class=\"more-link\">Lire la suite de<span class=\"screen-reader-text\">\u00ab\u00a0Histoire\u00a0\u00bb<\/span><\/a><\/p>\n","protected":false},"author":1,"featured_media":988,"parent":13,"menu_order":0,"comment_status":"closed","ping_status":"closed","template":"","meta":{"footnotes":""},"class_list":["post-540","page","type-page","status-publish","has-post-thumbnail","hentry"],"_links":{"self":[{"href":"https:\/\/calparro.cat\/fr\/wp-json\/wp\/v2\/pages\/540","targetHints":{"allow":["GET"]}}],"collection":[{"href":"https:\/\/calparro.cat\/fr\/wp-json\/wp\/v2\/pages"}],"about":[{"href":"https:\/\/calparro.cat\/fr\/wp-json\/wp\/v2\/types\/page"}],"author":[{"embeddable":true,"href":"https:\/\/calparro.cat\/fr\/wp-json\/wp\/v2\/users\/1"}],"replies":[{"embeddable":true,"href":"https:\/\/calparro.cat\/fr\/wp-json\/wp\/v2\/comments?post=540"}],"version-history":[{"count":9,"href":"https:\/\/calparro.cat\/fr\/wp-json\/wp\/v2\/pages\/540\/revisions"}],"predecessor-version":[{"id":1425,"href":"https:\/\/calparro.cat\/fr\/wp-json\/wp\/v2\/pages\/540\/revisions\/1425"}],"up":[{"embeddable":true,"href":"https:\/\/calparro.cat\/fr\/wp-json\/wp\/v2\/pages\/13"}],"wp:featuredmedia":[{"embeddable":true,"href":"https:\/\/calparro.cat\/fr\/wp-json\/wp\/v2\/media\/988"}],"wp:attachment":[{"href":"https:\/\/calparro.cat\/fr\/wp-json\/wp\/v2\/media?parent=540"}],"curies":[{"name":"wp","href":"https:\/\/api.w.org\/{rel}","templated":true}]}}