{"id":13,"date":"2025-06-21T19:58:30","date_gmt":"2025-06-21T17:58:30","guid":{"rendered":"https:\/\/xavieradriafrigola.com\/?page_id=13"},"modified":"2026-02-22T13:39:21","modified_gmt":"2026-02-22T11:39:21","slug":"blog","status":"publish","type":"page","link":"https:\/\/calparro.cat\/fr\/blog\/","title":{"rendered":"Le Village"},"content":{"rendered":"\n<div class=\"wp-block-group has-global-padding is-layout-constrained wp-block-group-is-layout-constrained\">\n<h2 class=\"wp-block-heading\">Batea<\/h2>\n\n\n\n<div class=\"wp-block-columns are-vertically-aligned-center is-layout-flex wp-container-core-columns-is-layout-28f84493 wp-block-columns-is-layout-flex\">\n<div class=\"wp-block-column is-vertically-aligned-center is-layout-flow wp-block-column-is-layout-flow\" style=\"flex-basis:100%\">\n<p>Batea est une commune de la comarque de la Terra Alta, dans la province de Tarragone, qui se distingue par son patrimoine historique, son environnement naturel et une \u00e9conomie \u00e9troitement li\u00e9e \u00e0 l\u2019agriculture et au vin.<\/p>\n\n\n\n<p>Dot\u00e9e d\u2019une identit\u00e9 profond\u00e9ment enracin\u00e9e et d\u2019une vocation clairement tourn\u00e9e vers l\u2019avenir, Batea allie tradition, qualit\u00e9 de vie et d\u00e9veloppement durable.<\/p>\n<\/div>\n\n\n\n<div class=\"wp-block-column is-vertically-aligned-center is-layout-flow wp-block-column-is-layout-flow\" style=\"flex-basis:100%\">\n<figure class=\"wp-block-image size-full has-custom-border is-style-rounded\"><img loading=\"lazy\" decoding=\"async\" width=\"1000\" height=\"667\" src=\"https:\/\/calparro.cat\/wp-content\/uploads\/2025\/12\/image-5.png\" alt=\"\" class=\"wp-image-558\" style=\"border-top-left-radius:11px;border-top-right-radius:11px;border-bottom-left-radius:11px;border-bottom-right-radius:11px;aspect-ratio:4\/3;object-fit:cover\" srcset=\"https:\/\/calparro.cat\/wp-content\/uploads\/2025\/12\/image-5.png 1000w, https:\/\/calparro.cat\/wp-content\/uploads\/2025\/12\/image-5-300x200.png 300w\" sizes=\"auto, (max-width: 1000px) 100vw, 1000px\" \/><\/figure>\n<\/div>\n<\/div>\n\n\n\n<div style=\"height:47px\" aria-hidden=\"true\" class=\"wp-block-spacer\"><\/div>\n<\/div>\n\n\n\n<div class=\"wp-block-group has-global-padding is-layout-constrained wp-block-group-is-layout-constrained\">\n<h2 class=\"wp-block-heading\">Histoire<\/h2>\n\n\n\n<div class=\"wp-block-columns are-vertically-aligned-center is-style-rounded is-layout-flex wp-container-core-columns-is-layout-28f84493 wp-block-columns-is-layout-flex\">\n<div class=\"wp-block-column is-vertically-aligned-center is-layout-flow wp-block-column-is-layout-flow\" style=\"flex-basis:50%\">\n<figure class=\"wp-block-image has-custom-border is-style-rounded\"><img loading=\"lazy\" decoding=\"async\" width=\"800\" height=\"800\" src=\"https:\/\/calparro.cat\/wp-content\/uploads\/2025\/12\/image-1.png\" alt=\"\" class=\"wp-image-547\" style=\"border-top-left-radius:11px;border-top-right-radius:11px;border-bottom-left-radius:11px;border-bottom-right-radius:11px;aspect-ratio:4\/3;object-fit:cover\" srcset=\"https:\/\/calparro.cat\/wp-content\/uploads\/2025\/12\/image-1.png 800w, https:\/\/calparro.cat\/wp-content\/uploads\/2025\/12\/image-1-300x300.png 300w, https:\/\/calparro.cat\/wp-content\/uploads\/2025\/12\/image-1-150x150.png 150w\" sizes=\"auto, (max-width: 800px) 100vw, 800px\" \/><\/figure>\n<\/div>\n\n\n\n<div class=\"wp-block-column is-vertically-aligned-center is-layout-flow wp-block-column-is-layout-flow\" style=\"flex-basis:50%\">\n<p>Le centre historique de Batea conserve la structure typique des villages historiques de la Terra Alta. Ses rues et ses places t\u00e9moignent d\u2019un pass\u00e9 \u00e9troitement li\u00e9 \u00e0 l\u2019agriculture, aux ordres militaires et \u00e0 la vie rurale traditionnelle.<\/p>\n\n\n\n<p>Le patrimoine architectural et urbanistique refl\u00e8te des si\u00e8cles d\u2019histoire et l\u2019\u00e9volution de la commune au fil du temps.<\/p>\n<\/div>\n<\/div>\n\n\n\n<div style=\"height:47px\" aria-hidden=\"true\" class=\"wp-block-spacer\"><\/div>\n<\/div>\n\n\n\n<div class=\"wp-block-group has-global-padding is-layout-constrained wp-block-group-is-layout-constrained\">\n<h2 class=\"wp-block-heading\">Points d\u2019int\u00e9r\u00eat<\/h2>\n\n\n\n<div class=\"wp-block-columns is-style-rounded is-layout-flex wp-container-core-columns-is-layout-28f84493 wp-block-columns-is-layout-flex\">\n<div class=\"wp-block-column is-vertically-aligned-center is-layout-flow wp-block-column-is-layout-flow\" style=\"flex-basis:50%\">\n<p>Situ\u00e9e dans un environnement privil\u00e9gi\u00e9 de vignobles et d\u2019oliveraies, Batea offre un paysage id\u00e9al aussi bien pour y vivre que pour le visiter.<\/p>\n\n\n\n<p>Les espaces naturels du territoire communal, associ\u00e9s aux \u00e9l\u00e9ments patrimoniaux du village, invitent \u00e0 la promenade, \u00e0 la d\u00e9couverte et \u00e0 la jouissance d\u2019un cadre paisible et authentique.<\/p>\n<\/div>\n\n\n\n<div class=\"wp-block-column is-layout-flow wp-block-column-is-layout-flow\" style=\"flex-basis:50%\">\n<figure class=\"wp-block-image has-custom-border is-style-rounded\"><img loading=\"lazy\" decoding=\"async\" width=\"400\" height=\"400\" src=\"https:\/\/calparro.cat\/wp-content\/uploads\/2025\/12\/image-3.png\" alt=\"\" class=\"wp-image-550\" style=\"border-top-left-radius:11px;border-top-right-radius:11px;border-bottom-left-radius:11px;border-bottom-right-radius:11px\" srcset=\"https:\/\/calparro.cat\/wp-content\/uploads\/2025\/12\/image-3.png 400w, https:\/\/calparro.cat\/wp-content\/uploads\/2025\/12\/image-3-300x300.png 300w, https:\/\/calparro.cat\/wp-content\/uploads\/2025\/12\/image-3-150x150.png 150w\" sizes=\"auto, (max-width: 400px) 100vw, 400px\" \/><\/figure>\n<\/div>\n<\/div>\n\n\n\n<div style=\"height:47px\" aria-hidden=\"true\" class=\"wp-block-spacer\"><\/div>\n\n\n\n<div class=\"wp-block-group has-global-padding is-layout-constrained wp-block-group-is-layout-constrained\">\n<h2 class=\"wp-block-heading\">\u0152notourisme<\/h2>\n\n\n\n<div class=\"wp-block-columns are-vertically-aligned-center is-style-rounded is-layout-flex wp-container-core-columns-is-layout-28f84493 wp-block-columns-is-layout-flex\">\n<div class=\"wp-block-column is-vertically-aligned-center is-layout-flow wp-block-column-is-layout-flow\" style=\"flex-basis:50%\">\n<figure class=\"wp-block-image size-large has-custom-border is-style-rounded\"><img loading=\"lazy\" decoding=\"async\" width=\"1024\" height=\"769\" src=\"https:\/\/calparro.cat\/wp-content\/uploads\/2025\/12\/terra-alta-07-1024x769.jpg\" alt=\"\" class=\"wp-image-732\" style=\"border-top-left-radius:11px;border-top-right-radius:11px;border-bottom-left-radius:11px;border-bottom-right-radius:11px;aspect-ratio:4\/3;object-fit:cover\" srcset=\"https:\/\/calparro.cat\/wp-content\/uploads\/2025\/12\/terra-alta-07-1024x769.jpg 1024w, https:\/\/calparro.cat\/wp-content\/uploads\/2025\/12\/terra-alta-07-300x225.jpg 300w, https:\/\/calparro.cat\/wp-content\/uploads\/2025\/12\/terra-alta-07.jpg 1200w\" sizes=\"auto, (max-width: 1024px) 100vw, 1024px\" \/><\/figure>\n<\/div>\n\n\n\n<div class=\"wp-block-column is-vertically-aligned-center is-layout-flow wp-block-column-is-layout-flow\" style=\"flex-basis:50%\">\n<p>Batea fait partie de la Denominaci\u00f3 d\u2019Origine Terra Alta, reconnue en particulier pour ses vins \u00e9labor\u00e9s \u00e0 partir de grenache blanche. L\u2019\u0153notourisme s\u2019est impos\u00e9 comme une exp\u00e9rience cl\u00e9 pour d\u00e9couvrir le territoire, avec des visites de caves, des d\u00e9gustations de vins et des activit\u00e9s li\u00e9es \u00e0 la culture vitivinicole et au paysage.<\/p>\n<\/div>\n<\/div>\n\n\n\n<div style=\"height:47px\" aria-hidden=\"true\" class=\"wp-block-spacer\"><\/div>\n\n\n\n<div class=\"wp-block-group has-global-padding is-layout-constrained wp-block-group-is-layout-constrained\">\n<div class=\"wp-block-group has-global-padding is-layout-constrained wp-block-group-is-layout-constrained\">\n<h2 class=\"wp-block-heading\">Producteurs locaux<\/h2>\n\n\n\n<div class=\"wp-block-columns are-vertically-aligned-center is-style-rounded is-layout-flex wp-container-core-columns-is-layout-28f84493 wp-block-columns-is-layout-flex\">\n<div class=\"wp-block-column is-vertically-aligned-center is-layout-flow wp-block-column-is-layout-flow\" style=\"flex-basis:50%\">\n<p>L\u2019agriculture est l\u2019un des piliers fondamentaux de l\u2019\u00e9conomie de Batea. Outre le vin, d\u2019autres produits de qualit\u00e9 li\u00e9s \u00e0 la terre se distinguent, comme l\u2019huile d\u2019olive et les produits agroalimentaires de proximit\u00e9. Les producteurs locaux allient tradition et innovation, contribuant au d\u00e9veloppement \u00e9conomique et \u00e0 la pr\u00e9servation du territoire.<\/p>\n<\/div>\n\n\n\n<div class=\"wp-block-column is-vertically-aligned-center is-layout-flow wp-block-column-is-layout-flow\" style=\"flex-basis:50%\">\n<figure class=\"wp-block-image size-full has-custom-border is-style-rounded\"><img loading=\"lazy\" decoding=\"async\" width=\"1024\" height=\"1024\" src=\"https:\/\/calparro.cat\/wp-content\/uploads\/2025\/12\/altavins.webp\" alt=\"\" class=\"wp-image-739\" style=\"border-top-left-radius:11px;border-top-right-radius:11px;border-bottom-left-radius:11px;border-bottom-right-radius:11px;aspect-ratio:4\/3;object-fit:cover\" srcset=\"https:\/\/calparro.cat\/wp-content\/uploads\/2025\/12\/altavins.webp 1024w, https:\/\/calparro.cat\/wp-content\/uploads\/2025\/12\/altavins-300x300.webp 300w, https:\/\/calparro.cat\/wp-content\/uploads\/2025\/12\/altavins-150x150.webp 150w\" sizes=\"auto, (max-width: 1024px) 100vw, 1024px\" \/><\/figure>\n<\/div>\n<\/div>\n\n\n\n<div style=\"height:47px\" aria-hidden=\"true\" class=\"wp-block-spacer\"><\/div>\n<\/div>\n<\/div>\n<\/div>\n<\/div>\n\n\n\n<div class=\"wp-block-group has-global-padding is-layout-constrained wp-block-group-is-layout-constrained\">\n<div class=\"wp-block-group has-global-padding is-layout-constrained wp-block-group-is-layout-constrained\">\n<h2 class=\"wp-block-heading\">H\u00f4tellerie<\/h2>\n\n\n\n<div class=\"wp-block-columns are-vertically-aligned-center is-style-rounded is-layout-flex wp-container-core-columns-is-layout-28f84493 wp-block-columns-is-layout-flex\">\n<div class=\"wp-block-column is-vertically-aligned-center is-layout-flow wp-block-column-is-layout-flow\" style=\"flex-basis:50%\">\n<figure class=\"wp-block-image size-full is-resized has-custom-border is-style-rounded\"><img loading=\"lazy\" decoding=\"async\" width=\"400\" height=\"400\" src=\"https:\/\/calparro.cat\/wp-content\/uploads\/2025\/12\/miravall1.jpg\" alt=\"\" class=\"wp-image-741\" style=\"border-top-left-radius:11px;border-top-right-radius:11px;border-bottom-left-radius:11px;border-bottom-right-radius:11px;aspect-ratio:4\/3;object-fit:cover;width:583px;height:auto\" srcset=\"https:\/\/calparro.cat\/wp-content\/uploads\/2025\/12\/miravall1.jpg 400w, https:\/\/calparro.cat\/wp-content\/uploads\/2025\/12\/miravall1-300x300.jpg 300w, https:\/\/calparro.cat\/wp-content\/uploads\/2025\/12\/miravall1-150x150.jpg 150w\" sizes=\"auto, (max-width: 400px) 100vw, 400px\" \/><\/figure>\n<\/div>\n\n\n\n<div class=\"wp-block-column is-vertically-aligned-center is-layout-flow wp-block-column-is-layout-flow\" style=\"flex-basis:50%\">\n<p>Batea dispose d\u2019une offre d\u2019h\u00e9bergement et de restauration qui permet aux visiteurs de d\u00e9couvrir la gastronomie locale et de profiter d\u2019un s\u00e9jour accueillant. Les \u00e9tablissements de la commune privil\u00e9gient les produits de proximit\u00e9 et un accueil chaleureux, renfor\u00e7ant l\u2019exp\u00e9rience touristique et le caract\u00e8re hospitalier du village.<\/p>\n<\/div>\n<\/div>\n<\/div>\n<\/div>\n","protected":false},"excerpt":{"rendered":"<p>Batea Batea est une commune de la comarque de la Terra Alta, dans la province de Tarragone, qui se distingue par son patrimoine historique, son environnement naturel et une \u00e9conomie \u00e9troitement li\u00e9e \u00e0 l\u2019agriculture et au vin. Dot\u00e9e d\u2019une identit\u00e9 profond\u00e9ment enracin\u00e9e et d\u2019une vocation clairement tourn\u00e9e vers l\u2019avenir, Batea allie tradition, qualit\u00e9 de vie &hellip; <\/p>\n<p class=\"link-more\"><a href=\"https:\/\/calparro.cat\/fr\/blog\/\" class=\"more-link\">Lire la suite de<span class=\"screen-reader-text\">\u00ab\u00a0Le Village\u00a0\u00bb<\/span><\/a><\/p>\n","protected":false},"author":1,"featured_media":341,"parent":0,"menu_order":0,"comment_status":"closed","ping_status":"closed","template":"","meta":{"footnotes":""},"class_list":["post-13","page","type-page","status-publish","has-post-thumbnail","hentry"],"_links":{"self":[{"href":"https:\/\/calparro.cat\/fr\/wp-json\/wp\/v2\/pages\/13","targetHints":{"allow":["GET"]}}],"collection":[{"href":"https:\/\/calparro.cat\/fr\/wp-json\/wp\/v2\/pages"}],"about":[{"href":"https:\/\/calparro.cat\/fr\/wp-json\/wp\/v2\/types\/page"}],"author":[{"embeddable":true,"href":"https:\/\/calparro.cat\/fr\/wp-json\/wp\/v2\/users\/1"}],"replies":[{"embeddable":true,"href":"https:\/\/calparro.cat\/fr\/wp-json\/wp\/v2\/comments?post=13"}],"version-history":[{"count":46,"href":"https:\/\/calparro.cat\/fr\/wp-json\/wp\/v2\/pages\/13\/revisions"}],"predecessor-version":[{"id":1420,"href":"https:\/\/calparro.cat\/fr\/wp-json\/wp\/v2\/pages\/13\/revisions\/1420"}],"wp:featuredmedia":[{"embeddable":true,"href":"https:\/\/calparro.cat\/fr\/wp-json\/wp\/v2\/media\/341"}],"wp:attachment":[{"href":"https:\/\/calparro.cat\/fr\/wp-json\/wp\/v2\/media?parent=13"}],"curies":[{"name":"wp","href":"https:\/\/api.w.org\/{rel}","templated":true}]}}