{"id":110,"date":"2025-08-17T20:01:15","date_gmt":"2025-08-17T18:01:15","guid":{"rendered":"https:\/\/xavieradriafrigola.com\/?page_id=110"},"modified":"2026-02-24T22:59:56","modified_gmt":"2026-02-24T20:59:56","slug":"portada","status":"publish","type":"page","link":"https:\/\/calparro.cat\/fr\/","title":{"rendered":"Cal Parro"},"content":{"rendered":"\n<div class=\"wp-block-group is-style-default has-light-background-background-color has-background has-global-padding is-layout-constrained wp-container-core-group-is-layout-02ab25f7 wp-block-group-is-layout-constrained\" style=\"padding-top:60px;padding-bottom:60px;padding-left:0\">\n<div class=\"wp-block-group has-global-padding is-layout-constrained wp-block-group-is-layout-constrained\">\n<div class=\"wp-block-columns are-vertically-aligned-center is-layout-flex wp-container-core-columns-is-layout-d7d455e7 wp-block-columns-is-layout-flex\" style=\"padding-top:0;padding-right:0;padding-bottom:0;padding-left:0\">\n<div class=\"wp-block-column is-vertically-aligned-center is-layout-flow wp-block-column-is-layout-flow\">\n<div class=\"wp-block-columns are-vertically-aligned-center is-layout-flex wp-container-core-columns-is-layout-28f84493 wp-block-columns-is-layout-flex\">\n<div class=\"wp-block-column is-vertically-aligned-center is-layout-flow wp-block-column-is-layout-flow\">\n<figure class=\"wp-block-image size-full has-custom-border is-style-rounded\"><img loading=\"lazy\" decoding=\"async\" width=\"471\" height=\"768\" src=\"https:\/\/calparro.cat\/wp-content\/uploads\/2025\/08\/calparro2.jpg\" alt=\"\" class=\"wp-image-114\" style=\"border-top-left-radius:11px;border-top-right-radius:11px;border-bottom-left-radius:11px;border-bottom-right-radius:11px\" srcset=\"https:\/\/calparro.cat\/wp-content\/uploads\/2025\/08\/calparro2.jpg 471w, https:\/\/calparro.cat\/wp-content\/uploads\/2025\/08\/calparro2-184x300.jpg 184w\" sizes=\"auto, (max-width: 471px) 100vw, 471px\" \/><\/figure>\n<\/div>\n\n\n\n<div class=\"wp-block-column is-vertically-aligned-center is-layout-flow wp-block-column-is-layout-flow\">\n<h2 class=\"wp-block-heading has-text-align-left\">Bienvenue \u00e0 Cal Parro<\/h2>\n\n\n\n<p><strong>Notre maison rurale est situ\u00e9e dans un environnement enchanteur o\u00f9 tranquillit\u00e9, nature et tradition se rejoignent pour vous offrir un s\u00e9jour inoubliable.<\/strong><\/p>\n\n\n\n<details class=\"wp-block-details is-layout-flow wp-block-details-is-layout-flow\"><summary><strong>En savoir plus<\/strong><\/summary>\n<p>\u00c0 Cal Parro, nous ouvrons les portes d\u2019une maison en pierre charg\u00e9e d\u2019histoire, restaur\u00e9e avec soin afin de pr\u00e9server l\u2019essence du pass\u00e9 tout en offrant tout le confort moderne.<\/p>\n\n\n\n<p>Situ\u00e9e dans le <strong>centre historique m\u00e9di\u00e9val de Batea<\/strong>, dans la r\u00e9gion de la Terra Alta, elle constitue le point de d\u00e9part id\u00e9al pour d\u00e9couvrir la nature, les sentiers de randonn\u00e9e, les produits locaux et la culture du territoire.<\/p>\n\n\n\n<p>Nous sommes une famille profond\u00e9ment enracin\u00e9e dans cette terre, et c\u2019est avec une grande joie que nous partageons avec vous ce que nous aimons le plus : l\u2019hospitalit\u00e9 et un environnement o\u00f9 le temps semble s\u2019arr\u00eater.<\/p>\n\n\n\n<p>Que vous veniez en couple, entre amis ou en famille, vous trouverez un espace chaleureux pour vous reposer, d\u00e9connecter et renouer avec l\u2019essentiel.<\/p>\n\n\n\n<p>\u00c0 Cal Parro, nous n\u2019offrons pas seulement un h\u00e9bergement, mais une v\u00e9ritable exp\u00e9rience de vie rurale authentique.<\/p>\n<\/details>\n<\/div>\n<\/div>\n<\/div>\n<\/div>\n<\/div>\n<\/div>\n\n\n\n<div class=\"wp-block-group has-global-padding is-layout-constrained wp-block-group-is-layout-constrained\">\n<div class=\"wp-block-columns is-layout-flex wp-container-core-columns-is-layout-28f84493 wp-block-columns-is-layout-flex\">\n<div class=\"wp-block-column is-layout-flow wp-block-column-is-layout-flow\" style=\"flex-basis:100%\">\n<div class=\"wp-block-group is-layout-flow wp-block-group-is-layout-flow\">\n<h1 class=\"wp-block-heading has-text-align-center has-max-60-font-size\"><strong>Que vous proposons-nous ?<\/strong><\/h1>\n\n\n\n<div style=\"height:14px\" aria-hidden=\"true\" class=\"wp-block-spacer\"><\/div>\n\n\n\n<div id=\"team\" class=\"wp-block-group has-global-padding is-layout-constrained wp-block-group-is-layout-constrained\">\n<div class=\"wp-block-group is-layout-flow wp-block-group-is-layout-flow\">\n<h2 class=\"wp-block-heading ocultar-text has-x-large-font-size\" style=\"border-style:none;border-width:0px;font-style:normal;font-weight:800\">La Maison<\/h2>\n\n\n\n<div class=\"wp-block-group has-global-padding is-layout-constrained wp-block-group-is-layout-constrained\">\n<details class=\"wp-block-details has-large-font-size is-layout-flow wp-block-details-is-layout-flow\"><summary><strong>D\u00e9tails<\/strong><\/summary>\n<p class=\"has-medium-font-size\">\ud83c\udff0 <strong>H\u00e9bergements au c\u0153ur du centre historique m\u00e9di\u00e9val de Batea (Terra Alta).<\/strong><\/p>\n\n\n\n<p class=\"has-medium-font-size\">\ud83d\udecf\ufe0f R\u00e9nov\u00e9s en pensant au confort des h\u00f4tes \u2728<br>\ud83d\udcdc En conservant l\u2019essence des logements originaux de ce b\u00e2timent du XVII\u1d49 si\u00e8cle.<\/p>\n<\/details>\n<\/div>\n\n\n\n<details class=\"wp-block-details has-large-font-size is-layout-flow wp-block-details-is-layout-flow\"><summary><strong>Appartement 1<\/strong><\/summary>\n<p class=\"has-medium-font-size\">\ud83c\udf1e <strong>Appartement avec grande terrasse (comprend une piscine priv\u00e9e d\u2019\u00e9t\u00e9 <\/strong>\ud83c\udfca\u200d\u2642\ufe0f<strong>)<\/strong><\/p>\n\n\n\n<p class=\"has-medium-font-size\">\ud83d\udecf\ufe0f 1 chambre double avec dressing<br>\ud83c\udf73 Cuisine \u00e9quip\u00e9e<br>\ud83c\udf7d\ufe0f Salle \u00e0 manger avec coin salon \ud83d\udecb\ufe0f<br>\ud83d\udebf Salle de bain compl\u00e8te avec douche<\/p>\n<\/details>\n\n\n\n<div class=\"wp-block-columns is-layout-flex wp-container-core-columns-is-layout-28f84493 wp-block-columns-is-layout-flex\">\n<div class=\"wp-block-column is-style-default is-layout-flow wp-block-column-is-layout-flow\" style=\"border-style:none;border-width:0px;padding-top:0;padding-right:0;padding-bottom:0;padding-left:0\">\n<figure class=\"wp-block-image size-full has-custom-border is-style-default\"><img loading=\"lazy\" decoding=\"async\" width=\"2560\" height=\"1560\" src=\"https:\/\/calparro.cat\/wp-content\/uploads\/2025\/11\/1708265231646-scaled.jpg\" alt=\"\" class=\"wp-image-374\" style=\"border-radius:11px;aspect-ratio:4\/3;object-fit:cover\" srcset=\"https:\/\/calparro.cat\/wp-content\/uploads\/2025\/11\/1708265231646-scaled.jpg 2560w, https:\/\/calparro.cat\/wp-content\/uploads\/2025\/11\/1708265231646-300x183.jpg 300w, https:\/\/calparro.cat\/wp-content\/uploads\/2025\/11\/1708265231646-1024x624.jpg 1024w, https:\/\/calparro.cat\/wp-content\/uploads\/2025\/11\/1708265231646-2000x1219.jpg 2000w\" sizes=\"auto, (max-width: 2560px) 100vw, 2560px\" \/><\/figure>\n\n\n\n<h3 class=\"wp-block-heading has-small-font-size\">Salon<\/h3>\n<\/div>\n\n\n\n<div class=\"wp-block-column is-style-default is-layout-flow wp-block-column-is-layout-flow\" style=\"border-style:none;border-width:0px;padding-top:0;padding-right:0;padding-bottom:0;padding-left:0\">\n<figure class=\"wp-block-image size-full has-custom-border\"><img loading=\"lazy\" decoding=\"async\" width=\"2560\" height=\"1920\" src=\"https:\/\/calparro.cat\/wp-content\/uploads\/2025\/11\/IMG_5613-scaled.jpg\" alt=\"\" class=\"wp-image-387\" style=\"border-radius:11px;aspect-ratio:4\/3;object-fit:cover\" srcset=\"https:\/\/calparro.cat\/wp-content\/uploads\/2025\/11\/IMG_5613-scaled.jpg 2560w, https:\/\/calparro.cat\/wp-content\/uploads\/2025\/11\/IMG_5613-300x225.jpg 300w, https:\/\/calparro.cat\/wp-content\/uploads\/2025\/11\/IMG_5613-1024x768.jpg 1024w, https:\/\/calparro.cat\/wp-content\/uploads\/2025\/11\/IMG_5613-2000x1500.jpg 2000w\" sizes=\"auto, (max-width: 2560px) 100vw, 2560px\" \/><\/figure>\n\n\n\n<h3 class=\"wp-block-heading has-small-font-size\">Chambre double<\/h3>\n<\/div>\n<\/div>\n\n\n\n<div class=\"wp-block-columns is-layout-flex wp-container-core-columns-is-layout-28f84493 wp-block-columns-is-layout-flex\">\n<div class=\"wp-block-column is-style-default is-layout-flow wp-block-column-is-layout-flow\" style=\"border-style:none;border-width:0px;padding-top:0;padding-right:0;padding-bottom:0;padding-left:0\">\n<figure class=\"wp-block-image size-full has-custom-border is-style-default\"><img loading=\"lazy\" decoding=\"async\" width=\"2560\" height=\"1920\" src=\"https:\/\/calparro.cat\/wp-content\/uploads\/2025\/11\/image3-scaled.jpeg\" alt=\"\" class=\"wp-image-384\" style=\"border-radius:11px;aspect-ratio:4\/3;object-fit:cover\" srcset=\"https:\/\/calparro.cat\/wp-content\/uploads\/2025\/11\/image3-scaled.jpeg 2560w, https:\/\/calparro.cat\/wp-content\/uploads\/2025\/11\/image3-300x225.jpeg 300w, https:\/\/calparro.cat\/wp-content\/uploads\/2025\/11\/image3-1024x768.jpeg 1024w, https:\/\/calparro.cat\/wp-content\/uploads\/2025\/11\/image3-2000x1500.jpeg 2000w\" sizes=\"auto, (max-width: 2560px) 100vw, 2560px\" \/><\/figure>\n\n\n\n<h3 class=\"wp-block-heading has-small-font-size\">Bain<\/h3>\n<\/div>\n\n\n\n<div class=\"wp-block-column is-style-default is-layout-flow wp-block-column-is-layout-flow\" style=\"border-style:none;border-width:0px;padding-top:0;padding-right:0;padding-bottom:0;padding-left:0\">\n<figure class=\"wp-block-image size-full has-custom-border\"><img loading=\"lazy\" decoding=\"async\" width=\"1920\" height=\"1489\" src=\"https:\/\/calparro.cat\/wp-content\/uploads\/2025\/11\/piscina.jpg\" alt=\"\" class=\"wp-image-376\" style=\"border-radius:11px;aspect-ratio:4\/3;object-fit:cover\" srcset=\"https:\/\/calparro.cat\/wp-content\/uploads\/2025\/11\/piscina.jpg 1920w, https:\/\/calparro.cat\/wp-content\/uploads\/2025\/11\/piscina-300x233.jpg 300w, https:\/\/calparro.cat\/wp-content\/uploads\/2025\/11\/piscina-1024x794.jpg 1024w\" sizes=\"auto, (max-width: 1920px) 100vw, 1920px\" \/><\/figure>\n\n\n\n<h3 class=\"wp-block-heading has-small-font-size\">Terrasse avec piscine<\/h3>\n<\/div>\n<\/div>\n<\/div>\n<\/div>\n\n\n\n<div id=\"team\" class=\"wp-block-group has-global-padding is-layout-constrained wp-block-group-is-layout-constrained\">\n<div class=\"wp-block-group is-layout-flow wp-block-group-is-layout-flow\">\n<h3 class=\"wp-block-heading\"><a href=\"https:\/\/calparro.cat\/ca\/apartament-1\/\" data-type=\"link\" data-id=\"https:\/\/calparro.cat\/ca\/apartament-1\/\" target=\"_blank\" rel=\"noreferrer noopener\">En savoir plus<\/a><\/h3>\n\n\n\n<details class=\"wp-block-details has-large-font-size is-layout-flow wp-block-details-is-layout-flow\"><summary><strong><strong>Appartement <\/strong>2<\/strong><\/summary>\n<p class=\"has-medium-font-size\"><strong>\ud83c\udf3f Appartement de style rustique<\/strong><\/p>\n\n\n\n<p class=\"has-medium-font-size\">\ud83c\udf73 Cuisine ouverte<br>\ud83c\udf7d\ufe0f Salle \u00e0 manger et salon \ud83d\udecb\ufe0f<br>\ud83d\udecf\ufe0f 1 chambre double<br>\ud83d\udebf Salle de bain compl\u00e8te avec douche<br>\ud83c\udf04 2 balcons ext\u00e9rieurs avec vue sur le village et les montagnes<\/p>\n<\/details>\n\n\n\n<div style=\"height:0px\" aria-hidden=\"true\" class=\"wp-block-spacer\"><\/div>\n\n\n\n<div class=\"wp-block-columns is-layout-flex wp-container-core-columns-is-layout-28f84493 wp-block-columns-is-layout-flex\">\n<div class=\"wp-block-column is-style-default is-layout-flow wp-block-column-is-layout-flow\" style=\"border-style:none;border-width:0px;padding-top:0;padding-right:0;padding-bottom:0;padding-left:0\">\n<figure class=\"wp-block-image size-full has-custom-border is-style-default\"><img loading=\"lazy\" decoding=\"async\" width=\"2560\" height=\"1660\" src=\"https:\/\/calparro.cat\/wp-content\/uploads\/2025\/11\/1678042490674-scaled.jpg\" alt=\"\" class=\"wp-image-379\" style=\"border-radius:11px;aspect-ratio:4\/3;object-fit:cover\" srcset=\"https:\/\/calparro.cat\/wp-content\/uploads\/2025\/11\/1678042490674-scaled.jpg 2560w, https:\/\/calparro.cat\/wp-content\/uploads\/2025\/11\/1678042490674-300x195.jpg 300w, https:\/\/calparro.cat\/wp-content\/uploads\/2025\/11\/1678042490674-1024x664.jpg 1024w, https:\/\/calparro.cat\/wp-content\/uploads\/2025\/11\/1678042490674-2000x1297.jpg 2000w\" sizes=\"auto, (max-width: 2560px) 100vw, 2560px\" \/><\/figure>\n\n\n\n<h3 class=\"wp-block-heading has-small-font-size\">Salon<\/h3>\n<\/div>\n\n\n\n<div class=\"wp-block-column is-style-default is-layout-flow wp-block-column-is-layout-flow\" style=\"border-style:none;border-width:0px;padding-top:0;padding-right:0;padding-bottom:0;padding-left:0\">\n<figure class=\"wp-block-image size-full has-custom-border\"><img loading=\"lazy\" decoding=\"async\" width=\"2560\" height=\"1440\" src=\"https:\/\/calparro.cat\/wp-content\/uploads\/2025\/11\/1678042490662-scaled.jpg\" alt=\"\" class=\"wp-image-382\" style=\"border-radius:11px;aspect-ratio:4\/3;object-fit:cover\" srcset=\"https:\/\/calparro.cat\/wp-content\/uploads\/2025\/11\/1678042490662-scaled.jpg 2560w, https:\/\/calparro.cat\/wp-content\/uploads\/2025\/11\/1678042490662-300x169.jpg 300w, https:\/\/calparro.cat\/wp-content\/uploads\/2025\/11\/1678042490662-1024x576.jpg 1024w, https:\/\/calparro.cat\/wp-content\/uploads\/2025\/11\/1678042490662-2000x1125.jpg 2000w\" sizes=\"auto, (max-width: 2560px) 100vw, 2560px\" \/><\/figure>\n\n\n\n<h3 class=\"wp-block-heading has-small-font-size\">Chambre double<\/h3>\n<\/div>\n<\/div>\n\n\n\n<div class=\"wp-block-columns is-layout-flex wp-container-core-columns-is-layout-28f84493 wp-block-columns-is-layout-flex\">\n<div class=\"wp-block-column is-style-default is-layout-flow wp-block-column-is-layout-flow\" style=\"border-style:none;border-width:0px;padding-top:0;padding-right:0;padding-bottom:0;padding-left:0\">\n<figure class=\"wp-block-image size-full has-custom-border is-style-default\"><img loading=\"lazy\" decoding=\"async\" width=\"2560\" height=\"1663\" src=\"https:\/\/calparro.cat\/wp-content\/uploads\/2025\/11\/1678042490640-scaled.jpg\" alt=\"\" class=\"wp-image-377\" style=\"border-radius:11px;aspect-ratio:4\/3;object-fit:cover\" srcset=\"https:\/\/calparro.cat\/wp-content\/uploads\/2025\/11\/1678042490640-scaled.jpg 2560w, https:\/\/calparro.cat\/wp-content\/uploads\/2025\/11\/1678042490640-300x195.jpg 300w, https:\/\/calparro.cat\/wp-content\/uploads\/2025\/11\/1678042490640-1024x665.jpg 1024w, https:\/\/calparro.cat\/wp-content\/uploads\/2025\/11\/1678042490640-2000x1299.jpg 2000w\" sizes=\"auto, (max-width: 2560px) 100vw, 2560px\" \/><\/figure>\n\n\n\n<h3 class=\"wp-block-heading has-small-font-size\">Bain<\/h3>\n<\/div>\n\n\n\n<div class=\"wp-block-column is-style-default is-layout-flow wp-block-column-is-layout-flow\" style=\"border-style:none;border-width:0px;padding-top:0;padding-right:0;padding-bottom:0;padding-left:0\">\n<figure class=\"wp-block-image size-full has-custom-border\"><img loading=\"lazy\" decoding=\"async\" width=\"2560\" height=\"1576\" src=\"https:\/\/calparro.cat\/wp-content\/uploads\/2025\/11\/1691928415383-scaled.jpg\" alt=\"\" class=\"wp-image-381\" style=\"border-radius:11px;aspect-ratio:4\/3;object-fit:cover\" srcset=\"https:\/\/calparro.cat\/wp-content\/uploads\/2025\/11\/1691928415383-scaled.jpg 2560w, https:\/\/calparro.cat\/wp-content\/uploads\/2025\/11\/1691928415383-300x185.jpg 300w, https:\/\/calparro.cat\/wp-content\/uploads\/2025\/11\/1691928415383-1024x630.jpg 1024w, https:\/\/calparro.cat\/wp-content\/uploads\/2025\/11\/1691928415383-2000x1231.jpg 2000w\" sizes=\"auto, (max-width: 2560px) 100vw, 2560px\" \/><\/figure>\n\n\n\n<h3 class=\"wp-block-heading has-small-font-size\">Cuisine-salle \u00e0 manger<\/h3>\n<\/div>\n<\/div>\n\n\n\n<h3 class=\"wp-block-heading\"><a href=\"https:\/\/calparro.cat\/ca\/apartament-2\/\" data-type=\"link\" data-id=\"https:\/\/calparro.cat\/ca\/apartament-2\/\" target=\"_blank\" rel=\"noreferrer noopener\">En savoir plus<\/a><\/h3>\n<\/div>\n<\/div>\n<\/div>\n<\/div>\n<\/div>\n<\/div>\n\n\n\n<div id=\"team\" class=\"wp-block-group has-global-padding is-layout-constrained wp-block-group-is-layout-constrained\">\n<div class=\"wp-block-group is-layout-flow wp-block-group-is-layout-flow\">\n<h2 class=\"wp-block-heading ocultar-text has-x-large-font-size\" style=\"border-style:none;border-width:0px;font-style:normal;font-weight:800\">Le Village<\/h2>\n\n\n\n<figure class=\"wp-block-image size-large is-resized\"><img loading=\"lazy\" decoding=\"async\" width=\"1024\" height=\"386\" src=\"https:\/\/xavieradriafrigola.com\/wp-content\/uploads\/2025\/09\/1-1024x386.jpg\" alt=\"\" class=\"wp-image-341\" style=\"width:907px;height:auto\" srcset=\"https:\/\/calparro.cat\/wp-content\/uploads\/2025\/09\/1-1024x386.jpg 1024w, https:\/\/calparro.cat\/wp-content\/uploads\/2025\/09\/1-300x113.jpg 300w, https:\/\/calparro.cat\/wp-content\/uploads\/2025\/09\/1.jpg 1140w\" sizes=\"auto, (max-width: 1024px) 100vw, 1024px\" \/><\/figure>\n\n\n\n<p class=\"has-medium-font-size\">\ud83c\udf47<strong> Batea, Terra Alta<\/strong><br>\ud83c\udff0 Histoire vivante, rues m\u00e9di\u00e9vales et authenticit\u00e9<br>\ud83c\udf06 Modernit\u00e9 et qualit\u00e9 touristique avec confort et accessibilit\u00e9<br>\ud83c\udf77 Terre de vins, \u0153notourisme et passion pour la vigne<br>\ud83c\udf3f Batea, profond\u00e9ment enracin\u00e9e dans la terre<\/p>\n\n\n\n<details class=\"wp-block-details has-large-font-size is-layout-flow wp-block-details-is-layout-flow\"><summary><strong>D\u00e9tails<\/strong><\/summary>\n<p class=\"has-medium-font-size\">\ud83c\udf47\u2728 <strong>Tourisme et vins<\/strong><\/p>\n\n\n\n<p class=\"has-medium-font-size\">\ud83c\udff0 <strong>Batea m\u00e9di\u00e9vale<\/strong><br>Un village riche en patrimoine et en histoire, avec un centre m\u00e9di\u00e9val parfaitement conserv\u00e9 et en constante r\u00e9habilitation. Un espace au trac\u00e9 m\u00e9di\u00e9val unique, avec porches et arcs qui vous transportent dans une autre \u00e9poque.<\/p>\n\n\n\n<p class=\"has-medium-font-size\">\ud83c\udf06 <strong>Batea moderne<\/strong><br>Une ville qui allie tradition et modernit\u00e9 : qualit\u00e9 touristique, confort, avant-garde et un engagement fort envers le tourisme accessible et social.<\/p>\n\n\n\n<p class=\"has-medium-font-size\">\ud83c\udf77 <strong>Batea, terre de vin<\/strong><br>L\u2019\u0153notourisme est son \u00e2me : passion pour la vigne, la terre et le vin, moteur \u00e9conomique et social de la r\u00e9gion.<\/p>\n<\/details>\n\n\n\n<details class=\"wp-block-details has-large-font-size is-layout-flow wp-block-details-is-layout-flow\"><summary><strong>Points d\u2019int\u00e9r\u00eat<\/strong><\/summary>\n<p class=\"has-medium-font-size\">Vous trouverez ici une s\u00e9lection des principaux points d\u2019int\u00e9r\u00eat du village. Vous pouvez tous les consulter via ce lien: <a href=\"https:\/\/turismebatea.com\/puntsinteres\">https:\/\/turismebatea.com\/puntsinteres<\/a><\/p>\n\n\n\n<div style=\"height:25px\" aria-hidden=\"true\" class=\"wp-block-spacer\"><\/div>\n\n\n\n<figure class=\"wp-block-image size-full is-resized\"><img loading=\"lazy\" decoding=\"async\" width=\"400\" height=\"400\" src=\"https:\/\/xavieradriafrigola.com\/wp-content\/uploads\/2025\/09\/info_turistica3.png\" alt=\"\" class=\"wp-image-342\" style=\"width:320px;height:auto\" srcset=\"https:\/\/calparro.cat\/wp-content\/uploads\/2025\/09\/info_turistica3.png 400w, https:\/\/calparro.cat\/wp-content\/uploads\/2025\/09\/info_turistica3-300x300.png 300w, https:\/\/calparro.cat\/wp-content\/uploads\/2025\/09\/info_turistica3-150x150.png 150w\" sizes=\"auto, (max-width: 400px) 100vw, 400px\" \/><\/figure>\n\n\n\n<p class=\"has-medium-font-size\"><br><strong>\ud83d\udccd Office de tourisme<\/strong><\/p>\n<\/details>\n<\/div>\n<\/div>\n\n\n\n<div id=\"team\" class=\"wp-block-group has-global-padding is-layout-constrained wp-block-group-is-layout-constrained\">\n<div class=\"wp-block-group is-layout-flow wp-block-group-is-layout-flow\">\n<h2 class=\"wp-block-heading has-x-large-font-size\">Notre famille<\/h2>\n\n\n\n<p class=\"has-medium-font-size\">Bonjour !<\/p>\n\n\n\n<p class=\"has-medium-font-size\">Nous sommes Fina et Batiste, propri\u00e9taires des h\u00e9bergements <strong>Cal Parro<\/strong>.<\/p>\n\n\n\n<p class=\"has-medium-font-size\">Nous souhaitons profiter de cette page pour nous pr\u00e9senter et vous permettre de mieux nous conna\u00eetre.<\/p>\n\n\n\n<div class=\"wp-block-columns is-layout-flex wp-container-core-columns-is-layout-28f84493 wp-block-columns-is-layout-flex\">\n<div class=\"wp-block-column is-style-default is-layout-flow wp-block-column-is-layout-flow\" style=\"border-style:none;border-width:0px;padding-top:0;padding-right:0;padding-bottom:0;padding-left:0\">\n<figure class=\"wp-block-image size-full has-custom-border is-style-default\"><img loading=\"lazy\" decoding=\"async\" width=\"1200\" height=\"1600\" src=\"https:\/\/xavieradriafrigola.com\/wp-content\/uploads\/2025\/09\/mare.jpg\" alt=\"\" class=\"wp-image-345\" style=\"border-radius:11px\" srcset=\"https:\/\/calparro.cat\/wp-content\/uploads\/2025\/09\/mare.jpg 1200w, https:\/\/calparro.cat\/wp-content\/uploads\/2025\/09\/mare-225x300.jpg 225w, https:\/\/calparro.cat\/wp-content\/uploads\/2025\/09\/mare-768x1024.jpg 768w\" sizes=\"auto, (max-width: 1200px) 100vw, 1200px\" \/><\/figure>\n\n\n\n<h3 class=\"wp-block-heading\">Fina<\/h3>\n\n\n\n<p>Propri\u00e9taire<\/p>\n\n\n\n<p>Je suis Fina, la personne qui vous accueillera \u00e0 votre arriv\u00e9e. Je m\u2019occupe de la r\u00e9ception, de la gestion de l\u2019\u00e9tablissement et du nettoyage de tous les espaces.<\/p>\n\n\n\n<p>J\u2019aime que vous vous sentiez ici comme chez vous, quel que soit l\u2019endroit du monde d\u2019o\u00f9 vous venez, et rendre votre s\u00e9jour dans cette r\u00e9gion aussi paisible et agr\u00e9able que possible.<\/p>\n\n\n\n<p>N\u2019h\u00e9sitez pas \u00e0 me demander des informations sur les lieux \u00e0 visiter, les activit\u00e9s \u00e0 faire ou tout autre besoin.<\/p>\n<\/div>\n\n\n\n<div class=\"wp-block-column is-style-default is-layout-flow wp-block-column-is-layout-flow\" style=\"border-style:none;border-width:0px;padding-top:0;padding-right:0;padding-bottom:0;padding-left:0\">\n<figure class=\"wp-block-image size-full has-custom-border\"><img loading=\"lazy\" decoding=\"async\" width=\"1200\" height=\"1600\" src=\"https:\/\/xavieradriafrigola.com\/wp-content\/uploads\/2025\/09\/pare.jpg\" alt=\"\" class=\"wp-image-346\" style=\"border-radius:11px\" srcset=\"https:\/\/calparro.cat\/wp-content\/uploads\/2025\/09\/pare.jpg 1200w, https:\/\/calparro.cat\/wp-content\/uploads\/2025\/09\/pare-225x300.jpg 225w, https:\/\/calparro.cat\/wp-content\/uploads\/2025\/09\/pare-768x1024.jpg 768w\" sizes=\"auto, (max-width: 1200px) 100vw, 1200px\" \/><\/figure>\n\n\n\n<h3 class=\"wp-block-heading\">Batiste <\/h3>\n\n\n\n<p>Propri\u00e9taire<\/p>\n\n\n\n<p>Je suis Batiste. Je m\u2019occupe de l\u2019entretien des h\u00e9bergements et de certaines t\u00e2ches de nettoyage. Selon le jour, vous pourrez aussi me trouver \u00e0 la r\u00e9ception pour vous accueillir.<\/p>\n\n\n\n<p>Je suis menuisier et artisan de profession, et j\u2019ai restaur\u00e9 et am\u00e9nag\u00e9 chacun des appartements de notre petit \u00e9tablissement.<\/p>\n\n\n\n<p>Nous avons toujours travaill\u00e9 avec des mat\u00e9riaux comme le bois et la pierre afin de cr\u00e9er des espaces chaleureux, en conservant autant que possible les \u00e9l\u00e9ments architecturaux d\u2019origine pour pr\u00e9server l\u2019\u00e2me et le caract\u00e8re des logements.<\/p>\n<\/div>\n<\/div>\n<\/div>\n<\/div>\n\n\n\n<div class=\"wp-block-group has-global-padding is-layout-constrained wp-block-group-is-layout-constrained\">\n<div class=\"wp-block-group is-layout-flow wp-block-group-is-layout-flow\">\n<div style=\"height:67px\" aria-hidden=\"true\" class=\"wp-block-spacer\"><\/div>\n\n\n\n<div class=\"wp-block-columns is-layout-flex wp-container-core-columns-is-layout-28f84493 wp-block-columns-is-layout-flex\">\n<div class=\"wp-block-column is-layout-flow wp-block-column-is-layout-flow\">\n<h2 class=\"wp-block-heading has-text-align-left has-x-large-font-size\">O\u00f9 sommes-nous ?<\/h2>\n<\/div>\n<\/div>\n\n\n\n<hr class=\"wp-block-separator has-text-color has-lightgrey-color has-alpha-channel-opacity has-lightgrey-background-color has-background is-style-wide\"\/>\n<\/div>\n\n\n\n<h2 class=\"wp-block-heading\">Carrer de Sant Pol, 14, 43786 Batea, Tarragona<\/h2>\n<\/div>\n\n\n\n<!-- Contenidor responsive amb relaci\u00f3 16:9 -->\n<div style=\"position:relative;padding-bottom:56.25%;height:0;overflow:hidden;border-radius:12px;\">\n  <iframe\n    src=\"https:\/\/www.google.com\/maps\/embed?pb=!1m18!1m12!1m3!1d3006.8001543206506!2d0.30641527644725186!3d41.09521291406668!2m3!1f0!2f0!3f0!3m2!1i1024!2i768!4f13.1!3m3!1m2!1s0x12a0c7f994971e4f%3A0xdbd8d18f5884f4e4!2sCal%20Parro%20-%20Batea%20-%20Apartaments%20Rurals!5e0!3m2!1ses!2ses!4v1755538977659!5m2!1ses!2ses\"\n    style=\"position:absolute;top:0;left:0;width:100%;height:100%;border:0;\"\n    allowfullscreen=\"\"\n    loading=\"lazy\"\n    referrerpolicy=\"no-referrer-when-downgrade\">\n  <\/iframe>\n<\/div>\n\n\n\n<div style=\"height:100px\" aria-hidden=\"true\" class=\"wp-block-spacer\"><\/div>\n","protected":false},"excerpt":{"rendered":"<p>Bienvenue \u00e0 Cal Parro Notre maison rurale est situ\u00e9e dans un environnement enchanteur o\u00f9 tranquillit\u00e9, nature et tradition se rejoignent pour vous offrir un s\u00e9jour inoubliable. Que vous proposons-nous ? La Maison Salon Chambre double Bain Terrasse avec piscine En savoir plus Salon Chambre double Bain Cuisine-salle \u00e0 manger En savoir plus Le Village \ud83c\udf47 &hellip; <\/p>\n<p class=\"link-more\"><a href=\"https:\/\/calparro.cat\/fr\/\" class=\"more-link\">Lire la suite de<span class=\"screen-reader-text\">\u00ab\u00a0Cal Parro\u00a0\u00bb<\/span><\/a><\/p>\n","protected":false},"author":1,"featured_media":0,"parent":0,"menu_order":0,"comment_status":"open","ping_status":"closed","template":"page-templates\/no-title.php","meta":{"footnotes":""},"class_list":["post-110","page","type-page","status-publish","hentry"],"_links":{"self":[{"href":"https:\/\/calparro.cat\/fr\/wp-json\/wp\/v2\/pages\/110","targetHints":{"allow":["GET"]}}],"collection":[{"href":"https:\/\/calparro.cat\/fr\/wp-json\/wp\/v2\/pages"}],"about":[{"href":"https:\/\/calparro.cat\/fr\/wp-json\/wp\/v2\/types\/page"}],"author":[{"embeddable":true,"href":"https:\/\/calparro.cat\/fr\/wp-json\/wp\/v2\/users\/1"}],"replies":[{"embeddable":true,"href":"https:\/\/calparro.cat\/fr\/wp-json\/wp\/v2\/comments?post=110"}],"version-history":[{"count":275,"href":"https:\/\/calparro.cat\/fr\/wp-json\/wp\/v2\/pages\/110\/revisions"}],"predecessor-version":[{"id":1444,"href":"https:\/\/calparro.cat\/fr\/wp-json\/wp\/v2\/pages\/110\/revisions\/1444"}],"wp:attachment":[{"href":"https:\/\/calparro.cat\/fr\/wp-json\/wp\/v2\/media?parent=110"}],"curies":[{"name":"wp","href":"https:\/\/api.w.org\/{rel}","templated":true}]}}