{"id":11,"date":"2025-06-21T19:58:30","date_gmt":"2025-06-21T17:58:30","guid":{"rendered":"https:\/\/xavieradriafrigola.com\/?page_id=11"},"modified":"2026-02-22T13:21:22","modified_gmt":"2026-02-22T11:21:22","slug":"lacasa","status":"publish","type":"page","link":"https:\/\/calparro.cat\/fr\/lacasa\/","title":{"rendered":"La Maison"},"content":{"rendered":"\n<div style=\"height:40px\" aria-hidden=\"true\" class=\"wp-block-spacer\"><\/div>\n\n\n\n<div class=\"wp-block-columns is-layout-flex wp-container-core-columns-is-layout-28f84493 wp-block-columns-is-layout-flex\">\n<div class=\"wp-block-column is-layout-flow wp-block-column-is-layout-flow\" style=\"flex-basis:100%\">\n<figure class=\"wp-block-image size-large has-custom-border is-style-rounded\"><img loading=\"lazy\" decoding=\"async\" width=\"1024\" height=\"577\" src=\"https:\/\/calparro.cat\/wp-content\/uploads\/2025\/12\/1706387822004-1024x577.jpg\" alt=\"\" class=\"wp-image-610\" style=\"border-top-left-radius:11px;border-top-right-radius:11px;border-bottom-left-radius:11px;border-bottom-right-radius:11px\" srcset=\"https:\/\/calparro.cat\/wp-content\/uploads\/2025\/12\/1706387822004-1024x577.jpg 1024w, https:\/\/calparro.cat\/wp-content\/uploads\/2025\/12\/1706387822004-300x169.jpg 300w, https:\/\/calparro.cat\/wp-content\/uploads\/2025\/12\/1706387822004-2000x1126.jpg 2000w\" sizes=\"auto, (max-width: 1024px) 100vw, 1024px\" \/><\/figure>\n<\/div>\n\n\n\n<div class=\"wp-block-column is-vertically-aligned-center is-layout-flow wp-block-column-is-layout-flow\" style=\"flex-basis:100%\">\n<p>Cal Parro est une maison rurale de charme situ\u00e9e dans le centre historique m\u00e9di\u00e9val de Batea, entour\u00e9e de nature, d\u2019histoire et de silence. Un espace pens\u00e9 pour suspendre le temps et profiter des choses simples.<\/p>\n<\/div>\n<\/div>\n\n\n\n<div class=\"wp-block-columns is-layout-flex wp-container-core-columns-is-layout-28f84493 wp-block-columns-is-layout-flex\">\n<div class=\"wp-block-column is-vertically-aligned-center is-layout-flow wp-block-column-is-layout-flow\" style=\"flex-basis:63%\">\n<p>La maison, construite en pierre et restaur\u00e9e dans le respect de son caract\u00e8re, conserve l\u2019essence du pass\u00e9 tout en offrant tout le confort moderne. Chaque espace d\u00e9gage chaleur, authenticit\u00e9 et un art de vivre paisible.<\/p>\n<\/div>\n\n\n\n<div class=\"wp-block-column is-vertically-aligned-center is-layout-flow wp-block-column-is-layout-flow\" style=\"flex-basis:37%\"><div id=\"gutenslider-x8p2tb9u6\" class=\"wp-block-eedee-block-gutenslider gs-frontend content-fixed alignnone arrow-style-1 arrow-position-sides arrow-mb-none arrows-lg arrows-md arrows-sm dot-style-1 dots-lg dots-md dots-sm dot-position-bottom is-position-center-center mb-none wrap-auto-height\" style=\"--gutenslider-min-height: 50vh;--gutenslider-arrow-size: 30px;--gutenslider-dot-size: 25px;--gutenslider-arrow-color: #ffffff;--gutenslider-dot-color: #ffffff;--gutenslider-padding-y-mobile: 40px;--gutenslider-padding-x-mobile: 40px;--gutenslider-padding-y-tablet: 40px;--gutenslider-padding-x-tablet: 40px;--gutenslider-padding-y-desktop: 40px;--gutenslider-padding-x-desktop: 40px;--gutenslider-bg-image: url();--gutenslider-min-height-md: 50vh;--gutenslider-min-height-sm: 50vh;--gutenslider-padding-x: 40px;--gutenslider-padding-x-md: 40px;--gutenslider-padding-x-sm: 20px;--gutenslider-padding-y: 40px;--gutenslider-padding-y-md: 40px;--gutenslider-padding-y-sm: 20px;--gutenslider-arrow-size-md: 30px;--gutenslider-arrow-size-sm: 30px;--gutenslider-dot-size-md: 25px;--gutenslider-dot-size-sm: 25px;--gutenslider-arrow-bg-color: transparent;--gutenslider-arrow-hover-color: #eeeeee;--gutenslider-arrow-bg-hover-color: transparent;--gutenslider-arrow-x-offset: 10px;--gutenslider-arrow-x-offset-md: 10px;--gutenslider-arrow-x-offset-sm: 10px;--gutenslider-arrow-y-offset: 0px;--gutenslider-arrow-y-offset-md: 0px;--gutenslider-arrow-y-offset-sm: 0px;--gutenslider-arrow-x-spacing: 0px;--gutenslider-dot-y-offset: 10px;--gutenslider-dot-y-offset-md: 10px;--gutenslider-dot-y-offset-sm: 10px;--gutenslider-margin-x: 0px;--gutenslider-margin-x-md: 0px;--gutenslider-margin-x-sm: 0px;--gutenslider-margin-y: 0px;--gutenslider-margin-y-md: 0px;--gutenslider-margin-y-sm: 0px;--gutenslider-divider-top: 60px;--gutenslider-divider-bottom: 60px;--gutenslider-lightgallery-bg: #ffffff;--gutenslider-lightgallery-font: #000000;--gs-first-pos: 50% 50%;--gs-gap-vertical: var( --wp--style--gallery-gap-default, var( --gallery-block--gutter-size, var( --wp--style--block-gap, 0.5em ) ) );--gs-gap-horizontal: var( --wp--style--gallery-gap-default, var( --gallery-block--gutter-size, var( --wp--style--block-gap, 0.5em ) ) );\" data-parallax-direction=\"down\" data-parallax-amount=\"1.3\" data-lg-transition=\"lg-slide\" data-hash=\"\"><div class=\"eedee-swiper-outer\"><div class=\"gutenslider-divider-top\" style=\"color:#fff;\"><\/div><div class=\"swiper\" data-settings='{\"autoplay\":{\"delay\":3000,\"pauseOnMouseEnter\":true,\"disableOnInteraction\":false},\"speed\":700,\"direction\":\"horizontal\",\"autoHeight\":\"\",\"loop\":true,\"centeredSlides\":true,\"spaceBetween\":0,\"slidesPerView\":1,\"slidesPerGroup\":1,\"effect\":\"slide\",\"coverflowEffect\":{\"rotate\":30,\"slideShadows\":false,\"depth\":100,\"stretch\":50,\"modifier\":1},\"fadeEffect\":{\"crossFade\":true},\"zoom\":\"\",\"navigation\":{\"nextEl\":\"#gutenslider-x8p2tb9u6 .eedee-gutenslider-next\",\"prevEl\":\"#gutenslider-x8p2tb9u6 .eedee-gutenslider-prev\"},\"pagination\":{\"type\":\"bullets\",\"clickable\":true,\"dynamicBullets\":false,\"el\":\"#gutenslider-x8p2tb9u6 .eedee-gutenslider-pagination\"},\"pauseOnHover\":\"1\",\"watchSlidesProgress\":true,\"watchSlidesVisibility\":true,\"settingsMd\":{\"autoHeight\":\"\",\"slidesPerView\":1,\"slidesPerGroup\":1,\"spaceBetween\":0,\"loop\":true},\"settingsLg\":{\"autoHeight\":\"\",\"slidesPerView\":1,\"slidesPerGroup\":1,\"spaceBetween\":0,\"loop\":true},\"hasLg\":false,\"hasLgCounter\":true,\"isFullScreen\":false,\"arrowsFollowMouse\":false,\"lgTitle\":\"none\",\"lgCaption\":\"none\",\"lgThumbnails\":true,\"lgZoomEnabled\":false,\"keyboard\":{\"keyboard\":{\"enabled\":true,\"onlyInViewport\":true}},\"hashNavigation\":false,\"dividers\":false}'><div class=\"swiper-wrapper\">\n<div class=\"swiper-slide wp-block-eedee-block-gutenslide is-position-center-center ed-bg-image\" style=\"--ed-vw:300;--ed-vh:225;\" data-hash=\"\"><div class=\"eedee-background-div bg-image\"><img loading=\"lazy\" width=\"1024\" height=\"769\" class=\"wp-image-611\" src=\"https:\/\/calparro.cat\/wp-content\/uploads\/2025\/12\/IMG_20221120_154129-1024x769.jpg\" alt=\"\" decoding=\"async\" style=\"object-fit: cover; object-position: 50% 50%;\"  data-title=\"IMG_20221120_154129\" srcset=\"https:\/\/calparro.cat\/wp-content\/uploads\/2025\/12\/IMG_20221120_154129-1024x769.jpg 1024w, https:\/\/calparro.cat\/wp-content\/uploads\/2025\/12\/IMG_20221120_154129-300x225.jpg 300w, https:\/\/calparro.cat\/wp-content\/uploads\/2025\/12\/IMG_20221120_154129-2000x1502.jpg 2000w\" sizes=\"auto, (max-width: 1024px) 100vw, 1024px\" \/><div class=\"eedee-background-div__overlay\" style=\"opacity:1;\"><\/div><\/div><div class=\"slide-content\">\n\n<p class=\"has-text-align-center gutenslider-content-initial has-larger-font-size\"><\/p>\n\n<\/div><\/div>\n\n<div class=\"swiper-slide wp-block-eedee-block-gutenslide is-position-center-center ed-bg-image\" style=\"--ed-vw:300;--ed-vh:225;\" data-hash=\"\"><div class=\"eedee-background-div bg-image\"><img loading=\"lazy\" width=\"1024\" height=\"768\" class=\"wp-image-696\" src=\"https:\/\/calparro.cat\/wp-content\/uploads\/2025\/12\/IMG_20250831_095031-1-1024x768.jpg\" alt=\"\" decoding=\"async\" style=\"object-fit: cover; object-position: 50% 50%;\"  data-title=\"IMG_20250831_095031\" srcset=\"https:\/\/calparro.cat\/wp-content\/uploads\/2025\/12\/IMG_20250831_095031-1-1024x768.jpg 1024w, https:\/\/calparro.cat\/wp-content\/uploads\/2025\/12\/IMG_20250831_095031-1-300x225.jpg 300w, https:\/\/calparro.cat\/wp-content\/uploads\/2025\/12\/IMG_20250831_095031-1-2000x1500.jpg 2000w\" sizes=\"auto, (max-width: 1024px) 100vw, 1024px\" \/><div class=\"eedee-background-div__overlay\" style=\"opacity:1;\"><\/div><\/div><div class=\"slide-content\">\n\n<p class=\"has-text-align-center gutenslider-content-initial has-larger-font-size\"><\/p>\n\n<\/div><\/div>\n\n<div class=\"swiper-slide wp-block-eedee-block-gutenslide is-position-center-center ed-bg-image\" style=\"--ed-vw:300;--ed-vh:225;\" data-hash=\"\"><div class=\"eedee-background-div bg-image\"><img loading=\"lazy\" width=\"1024\" height=\"768\" class=\"wp-image-679\" src=\"https:\/\/calparro.cat\/wp-content\/uploads\/2025\/12\/IMG_20250831_102309-1024x768.jpg\" alt=\"\" decoding=\"async\" style=\"object-fit: cover; object-position: 50% 50%;\"  data-title=\"IMG_20250831_102309\" srcset=\"https:\/\/calparro.cat\/wp-content\/uploads\/2025\/12\/IMG_20250831_102309-1024x768.jpg 1024w, https:\/\/calparro.cat\/wp-content\/uploads\/2025\/12\/IMG_20250831_102309-300x225.jpg 300w, https:\/\/calparro.cat\/wp-content\/uploads\/2025\/12\/IMG_20250831_102309-2000x1500.jpg 2000w\" sizes=\"auto, (max-width: 1024px) 100vw, 1024px\" \/><div class=\"eedee-background-div__overlay\" style=\"opacity:1;\"><\/div><\/div><div class=\"slide-content\">\n\n<p class=\"has-text-align-center gutenslider-content-initial has-larger-font-size\"><\/p>\n\n<\/div><\/div>\n\n<div class=\"swiper-slide wp-block-eedee-block-gutenslide is-position-center-center ed-bg-image\" style=\"--ed-vw:225;--ed-vh:300;\" data-hash=\"\"><div class=\"eedee-background-div bg-image\"><img loading=\"lazy\" width=\"769\" height=\"1024\" class=\"wp-image-698\" src=\"https:\/\/calparro.cat\/wp-content\/uploads\/2025\/12\/IMG_20220904_140256-769x1024.jpg\" alt=\"\" decoding=\"async\" style=\"object-fit: cover; object-position: 50% 50%;\"  data-title=\"IMG_20220904_140256\" srcset=\"https:\/\/calparro.cat\/wp-content\/uploads\/2025\/12\/IMG_20220904_140256-769x1024.jpg 769w, https:\/\/calparro.cat\/wp-content\/uploads\/2025\/12\/IMG_20220904_140256-225x300.jpg 225w, https:\/\/calparro.cat\/wp-content\/uploads\/2025\/12\/IMG_20220904_140256-2000x2664.jpg 2000w, https:\/\/calparro.cat\/wp-content\/uploads\/2025\/12\/IMG_20220904_140256-scaled.jpg 1922w\" sizes=\"auto, (max-width: 769px) 100vw, 769px\" \/><div class=\"eedee-background-div__overlay\" style=\"opacity:1;\"><\/div><\/div><div class=\"slide-content\">\n\n<p class=\"has-text-align-center gutenslider-content-initial has-larger-font-size\"><\/p>\n\n<\/div><\/div>\n\n<div class=\"swiper-slide wp-block-eedee-block-gutenslide is-position-center-center ed-bg-image\" style=\"--ed-vw:300;--ed-vh:169;\" data-hash=\"\"><div class=\"eedee-background-div bg-image\"><img loading=\"lazy\" width=\"1024\" height=\"576\" class=\"wp-image-697\" src=\"https:\/\/calparro.cat\/wp-content\/uploads\/2025\/12\/1683458660811-1024x576.jpg\" alt=\"\" decoding=\"async\" style=\"object-fit: cover; object-position: 50% 50%;\"  data-title=\"1683458660811\" srcset=\"https:\/\/calparro.cat\/wp-content\/uploads\/2025\/12\/1683458660811-1024x576.jpg 1024w, https:\/\/calparro.cat\/wp-content\/uploads\/2025\/12\/1683458660811-300x169.jpg 300w, https:\/\/calparro.cat\/wp-content\/uploads\/2025\/12\/1683458660811-2000x1125.jpg 2000w\" sizes=\"auto, (max-width: 1024px) 100vw, 1024px\" \/><div class=\"eedee-background-div__overlay\" style=\"opacity:1;\"><\/div><\/div><div class=\"slide-content\">\n\n<p class=\"has-text-align-center gutenslider-content-initial has-larger-font-size\"><\/p>\n\n<\/div><\/div>\n<\/div><\/div><div class=\"wp-block-eedee-gutenslider__content co-1\">\n<div class=\"swiper-slide wp-block-eedee-block-gutenslide is-position-center-center ed-bg-image\" style=\"--ed-vw:300;--ed-vh:225;\" data-hash=\"\"><div class=\"eedee-background-div bg-image\"><img loading=\"lazy\" width=\"1024\" height=\"769\" class=\"wp-image-611\" src=\"https:\/\/calparro.cat\/wp-content\/uploads\/2025\/12\/IMG_20221120_154129-1024x769.jpg\" alt=\"\" decoding=\"async\" style=\"object-fit: cover; object-position: 50% 50%;\"  data-title=\"IMG_20221120_154129\" srcset=\"https:\/\/calparro.cat\/wp-content\/uploads\/2025\/12\/IMG_20221120_154129-1024x769.jpg 1024w, https:\/\/calparro.cat\/wp-content\/uploads\/2025\/12\/IMG_20221120_154129-300x225.jpg 300w, https:\/\/calparro.cat\/wp-content\/uploads\/2025\/12\/IMG_20221120_154129-2000x1502.jpg 2000w\" sizes=\"auto, (max-width: 1024px) 100vw, 1024px\" \/><div class=\"eedee-background-div__overlay\" style=\"opacity:1;\"><\/div><\/div><div class=\"slide-content\">\n\n<p class=\"has-text-align-center gutenslider-content-initial has-larger-font-size\"><\/p>\n\n<\/div><\/div>\n\n<div class=\"swiper-slide wp-block-eedee-block-gutenslide is-position-center-center ed-bg-image\" style=\"--ed-vw:300;--ed-vh:225;\" data-hash=\"\"><div class=\"eedee-background-div bg-image\"><img loading=\"lazy\" width=\"1024\" height=\"768\" class=\"wp-image-696\" src=\"https:\/\/calparro.cat\/wp-content\/uploads\/2025\/12\/IMG_20250831_095031-1-1024x768.jpg\" alt=\"\" decoding=\"async\" style=\"object-fit: cover; object-position: 50% 50%;\"  data-title=\"IMG_20250831_095031\" srcset=\"https:\/\/calparro.cat\/wp-content\/uploads\/2025\/12\/IMG_20250831_095031-1-1024x768.jpg 1024w, https:\/\/calparro.cat\/wp-content\/uploads\/2025\/12\/IMG_20250831_095031-1-300x225.jpg 300w, https:\/\/calparro.cat\/wp-content\/uploads\/2025\/12\/IMG_20250831_095031-1-2000x1500.jpg 2000w\" sizes=\"auto, (max-width: 1024px) 100vw, 1024px\" \/><div class=\"eedee-background-div__overlay\" style=\"opacity:1;\"><\/div><\/div><div class=\"slide-content\">\n\n<p class=\"has-text-align-center gutenslider-content-initial has-larger-font-size\"><\/p>\n\n<\/div><\/div>\n\n<div class=\"swiper-slide wp-block-eedee-block-gutenslide is-position-center-center ed-bg-image\" style=\"--ed-vw:300;--ed-vh:225;\" data-hash=\"\"><div class=\"eedee-background-div bg-image\"><img loading=\"lazy\" width=\"1024\" height=\"768\" class=\"wp-image-679\" src=\"https:\/\/calparro.cat\/wp-content\/uploads\/2025\/12\/IMG_20250831_102309-1024x768.jpg\" alt=\"\" decoding=\"async\" style=\"object-fit: cover; object-position: 50% 50%;\"  data-title=\"IMG_20250831_102309\" srcset=\"https:\/\/calparro.cat\/wp-content\/uploads\/2025\/12\/IMG_20250831_102309-1024x768.jpg 1024w, https:\/\/calparro.cat\/wp-content\/uploads\/2025\/12\/IMG_20250831_102309-300x225.jpg 300w, https:\/\/calparro.cat\/wp-content\/uploads\/2025\/12\/IMG_20250831_102309-2000x1500.jpg 2000w\" sizes=\"auto, (max-width: 1024px) 100vw, 1024px\" \/><div class=\"eedee-background-div__overlay\" style=\"opacity:1;\"><\/div><\/div><div class=\"slide-content\">\n\n<p class=\"has-text-align-center gutenslider-content-initial has-larger-font-size\"><\/p>\n\n<\/div><\/div>\n\n<div class=\"swiper-slide wp-block-eedee-block-gutenslide is-position-center-center ed-bg-image\" style=\"--ed-vw:225;--ed-vh:300;\" data-hash=\"\"><div class=\"eedee-background-div bg-image\"><img loading=\"lazy\" width=\"769\" height=\"1024\" class=\"wp-image-698\" src=\"https:\/\/calparro.cat\/wp-content\/uploads\/2025\/12\/IMG_20220904_140256-769x1024.jpg\" alt=\"\" decoding=\"async\" style=\"object-fit: cover; object-position: 50% 50%;\"  data-title=\"IMG_20220904_140256\" srcset=\"https:\/\/calparro.cat\/wp-content\/uploads\/2025\/12\/IMG_20220904_140256-769x1024.jpg 769w, https:\/\/calparro.cat\/wp-content\/uploads\/2025\/12\/IMG_20220904_140256-225x300.jpg 225w, https:\/\/calparro.cat\/wp-content\/uploads\/2025\/12\/IMG_20220904_140256-2000x2664.jpg 2000w, https:\/\/calparro.cat\/wp-content\/uploads\/2025\/12\/IMG_20220904_140256-scaled.jpg 1922w\" sizes=\"auto, (max-width: 769px) 100vw, 769px\" \/><div class=\"eedee-background-div__overlay\" style=\"opacity:1;\"><\/div><\/div><div class=\"slide-content\">\n\n<p class=\"has-text-align-center gutenslider-content-initial has-larger-font-size\"><\/p>\n\n<\/div><\/div>\n\n<div class=\"swiper-slide wp-block-eedee-block-gutenslide is-position-center-center ed-bg-image\" style=\"--ed-vw:300;--ed-vh:169;\" data-hash=\"\"><div class=\"eedee-background-div bg-image\"><img loading=\"lazy\" width=\"1024\" height=\"576\" class=\"wp-image-697\" src=\"https:\/\/calparro.cat\/wp-content\/uploads\/2025\/12\/1683458660811-1024x576.jpg\" alt=\"\" decoding=\"async\" style=\"object-fit: cover; object-position: 50% 50%;\"  data-title=\"1683458660811\" srcset=\"https:\/\/calparro.cat\/wp-content\/uploads\/2025\/12\/1683458660811-1024x576.jpg 1024w, https:\/\/calparro.cat\/wp-content\/uploads\/2025\/12\/1683458660811-300x169.jpg 300w, https:\/\/calparro.cat\/wp-content\/uploads\/2025\/12\/1683458660811-2000x1125.jpg 2000w\" sizes=\"auto, (max-width: 1024px) 100vw, 1024px\" \/><div class=\"eedee-background-div__overlay\" style=\"opacity:1;\"><\/div><\/div><div class=\"slide-content\">\n\n<p class=\"has-text-align-center gutenslider-content-initial has-larger-font-size\"><\/p>\n\n<\/div><\/div>\n<\/div><button class=\"eedee-gutenslider-nav eedee-gutenslider-prev\"><svg xmlns=\"http:\/\/www.w3.org\/2000\/svg\" viewBox=\"0 0 24 24\" width=\"24\" height=\"24\"><circle class=\"bg\" cx=\"13\" cy=\"12\" r=\"11\" \/><path fill=\"none\" d=\"M0 0h24v24H0z\"\/><path class=\"arrow\" d=\"M10.828 12l4.95 4.95-1.414 1.414L8 12l6.364-6.364 1.414 1.414z\"\/><\/svg><\/button><button class=\"eedee-gutenslider-nav eedee-gutenslider-next\"><svg xmlns=\"http:\/\/www.w3.org\/2000\/svg\" viewBox=\"0 0 24 24\" width=\"24\" height=\"24\"><circle class=\"bg\" cx=\"11\" cy=\"12\" r=\"11\" \/><path fill=\"none\" d=\"M0 0h24v24H0z\"\/><path class=\"arrow\" d=\"M13.172 12l-4.95-4.95 1.414-1.414L16 12l-6.364 6.364-1.414-1.414z\"\/><\/svg><\/button><div class=\"eedee-gutenslider-pagination\"><\/div><\/div><div class=\"gutenslider-divider-bottom \" style=\"color:#fff;\"><\/div><\/div><\/div>\n<\/div>\n\n\n\n<div style=\"height:40px\" aria-hidden=\"true\" class=\"wp-block-spacer\"><\/div>\n\n\n\n<div style=\"height:40px\" aria-hidden=\"true\" class=\"wp-block-spacer\"><\/div>\n\n\n\n<div class=\"wp-block-columns is-layout-flex wp-container-core-columns-is-layout-28f84493 wp-block-columns-is-layout-flex\">\n<div class=\"wp-block-column is-layout-flow wp-block-column-is-layout-flow\" style=\"flex-basis:100%\">\n<figure class=\"wp-block-gallery has-nested-images columns-default is-cropped wp-block-gallery-1 is-layout-flex wp-block-gallery-is-layout-flex\">\n<figure class=\"wp-block-image size-large has-custom-border is-style-rounded\"><img loading=\"lazy\" decoding=\"async\" width=\"1024\" height=\"577\" data-id=\"700\" src=\"https:\/\/calparro.cat\/wp-content\/uploads\/2025\/12\/1691928415355-1024x577.jpg\" alt=\"\" class=\"wp-image-700\" style=\"border-top-left-radius:11px;border-top-right-radius:11px;border-bottom-left-radius:11px;border-bottom-right-radius:11px\" srcset=\"https:\/\/calparro.cat\/wp-content\/uploads\/2025\/12\/1691928415355-1024x577.jpg 1024w, https:\/\/calparro.cat\/wp-content\/uploads\/2025\/12\/1691928415355-300x169.jpg 300w, https:\/\/calparro.cat\/wp-content\/uploads\/2025\/12\/1691928415355-2000x1126.jpg 2000w\" sizes=\"auto, (max-width: 1024px) 100vw, 1024px\" \/><\/figure>\n<\/figure>\n<\/div>\n\n\n\n<div class=\"wp-block-column is-vertically-aligned-center is-layout-flow wp-block-column-is-layout-flow\" style=\"flex-basis:100%\">\n<p>La maison, construite en pierre et restaur\u00e9e dans le respect de son caract\u00e8re, conserve l\u2019essence du pass\u00e9 tout en offrant tout le confort moderne. Chaque espace d\u00e9gage chaleur, authenticit\u00e9 et un art de vivre paisible.<\/p>\n<\/div>\n<\/div>\n\n\n\n<h3 class=\"wp-block-heading has-large-font-size\" id=\"inspiro-is-a-digital-product-agency-that-focuses-on-strategy-and-desig\" style=\"font-style:normal;font-weight:300\">R\u00e9servez d\u00e8s maintenant!<\/h3>\n\n\n\n<a href=\"https:\/\/wa.me\/34612345678\"\n   target=\"_blank\"\n   rel=\"noopener\"\n   aria-label=\"Contacta per WhatsApp\"\n   style=\"display:inline-block;\">\n  <figure class=\"wp-block-image size-large is-resized\"\n          style=\"width:56px; height:56px; border-radius:50%; display:flex; align-items:center; justify-content:center; margin:0;\">\n    <img decoding=\"async\"\n      src=\"https:\/\/calparro.cat\/wp-content\/uploads\/2025\/12\/whatts.png\"\n      alt=\"WhatsApp\"\n      style=\"width:80px; height:80px; object-fit:contain; display:block;\"\n    \/>\n  <\/figure>\n<\/a>\n\n\n\n<p><a href=\"https:\/\/wa.me\/34612345678\" target=\"_blank\" rel=\"noreferrer noopener\"><\/a><\/p>\n","protected":false},"excerpt":{"rendered":"<p>Cal Parro est une maison rurale de charme situ\u00e9e dans le centre historique m\u00e9di\u00e9val de Batea, entour\u00e9e de nature, d\u2019histoire et de silence. Un espace pens\u00e9 pour suspendre le temps et profiter des choses simples. La maison, construite en pierre et restaur\u00e9e dans le respect de son caract\u00e8re, conserve l\u2019essence du pass\u00e9 tout en offrant &hellip; <\/p>\n<p class=\"link-more\"><a href=\"https:\/\/calparro.cat\/fr\/lacasa\/\" class=\"more-link\">Lire la suite de<span class=\"screen-reader-text\">\u00ab\u00a0La Maison\u00a0\u00bb<\/span><\/a><\/p>\n","protected":false},"author":1,"featured_media":665,"parent":0,"menu_order":0,"comment_status":"closed","ping_status":"closed","template":"","meta":{"footnotes":""},"class_list":["post-11","page","type-page","status-publish","has-post-thumbnail","hentry"],"_links":{"self":[{"href":"https:\/\/calparro.cat\/fr\/wp-json\/wp\/v2\/pages\/11","targetHints":{"allow":["GET"]}}],"collection":[{"href":"https:\/\/calparro.cat\/fr\/wp-json\/wp\/v2\/pages"}],"about":[{"href":"https:\/\/calparro.cat\/fr\/wp-json\/wp\/v2\/types\/page"}],"author":[{"embeddable":true,"href":"https:\/\/calparro.cat\/fr\/wp-json\/wp\/v2\/users\/1"}],"replies":[{"embeddable":true,"href":"https:\/\/calparro.cat\/fr\/wp-json\/wp\/v2\/comments?post=11"}],"version-history":[{"count":29,"href":"https:\/\/calparro.cat\/fr\/wp-json\/wp\/v2\/pages\/11\/revisions"}],"predecessor-version":[{"id":1394,"href":"https:\/\/calparro.cat\/fr\/wp-json\/wp\/v2\/pages\/11\/revisions\/1394"}],"wp:featuredmedia":[{"embeddable":true,"href":"https:\/\/calparro.cat\/fr\/wp-json\/wp\/v2\/media\/665"}],"wp:attachment":[{"href":"https:\/\/calparro.cat\/fr\/wp-json\/wp\/v2\/media?parent=11"}],"curies":[{"name":"wp","href":"https:\/\/api.w.org\/{rel}","templated":true}]}}