{"id":1043,"date":"2026-01-16T12:58:41","date_gmt":"2026-01-16T10:58:41","guid":{"rendered":"https:\/\/calparro.cat\/?page_id=1043"},"modified":"2026-02-22T13:34:06","modified_gmt":"2026-02-22T11:34:06","slug":"actividades","status":"publish","type":"page","link":"https:\/\/calparro.cat\/fr\/actividades\/","title":{"rendered":"Actividades"},"content":{"rendered":"\n<div class=\"wp-block-group has-global-padding is-layout-constrained wp-block-group-is-layout-constrained\">\n<p>La Terra Alta offre une grande vari\u00e9t\u00e9 d\u2019activit\u00e9s pour tous les go\u00fbts : des itin\u00e9raires de randonn\u00e9e et de cyclotourisme \u00e0 travers des espaces embl\u00e9matiques comme la Voie verte de la Terra Alta, jusqu\u2019aux visites culturelles li\u00e9es \u00e0 la m\u00e9moire historique et \u00e0 la bataille de l\u2019\u00c8bre. Les amoureux de la nature peuvent explorer le Parc naturel des Ports, tandis que les passionn\u00e9s de vin trouveront dans les appellations DO Terra Alta une exp\u00e9rience \u0153notouristique de tout premier niveau.<\/p>\n\n\n\n<p>Nous vous proposons ci-dessous quelques recommandations :<\/p>\n\n\n\n<h2 class=\"wp-block-heading\">Voie verte entre Prat de Comte et El Pinell, en passant par la Fontcalda<\/h2>\n\n\n\n<p>La Voie verte est une excellente alternative pour s\u2019immerger dans l\u2019environnement naturel de la Terra Alta. Si vous voyagez avec des enfants, l\u2019un des itin\u00e9raires les plus recommand\u00e9s est celui qui relie l\u2019ancienne gare ferroviaire de Prat de Comte \u00e0 El Pinell de Brai.<\/p>\n\n\n\n<p>La raison est \u00e9vidente : \u00e0 mi-parcours, apr\u00e8s l\u2019exp\u00e9rience ludique de traverser plusieurs tunnels, on arrive au sanctuaire de la Fontcalda, un lieu qui se distingue par ses propres m\u00e9rites. Vous pourrez y d\u00e9couvrir une source d\u2019eaux thermales, profiter des piscines naturelles form\u00e9es par la rivi\u00e8re Canaletes et vous d\u00e9tendre dans une agr\u00e9able aire de pique-nique.<\/p>\n\n\n\n<p>Il convient \u00e9galement de souligner que l\u2019ancienne gare de Prat de Comte dispose d\u2019une autre aire de pique-nique, id\u00e9ale pour commencer ou terminer l\u2019excursion en toute tranquillit\u00e9.<\/p>\n\n\n\n<div class=\"wp-block-columns is-layout-flex wp-container-core-columns-is-layout-28f84493 wp-block-columns-is-layout-flex\">\n<div class=\"wp-block-column is-style-default is-layout-flow wp-block-column-is-layout-flow\" style=\"border-style:none;border-width:0px;padding-top:0;padding-right:0;padding-bottom:0;padding-left:0\">\n<figure class=\"wp-block-image size-full has-custom-border is-style-default\"><img loading=\"lazy\" decoding=\"async\" width=\"1280\" height=\"855\" src=\"https:\/\/calparro.cat\/wp-content\/uploads\/2026\/01\/viaverda.avif\" alt=\"\" class=\"wp-image-1004\" style=\"border-radius:11px;aspect-ratio:4\/3;object-fit:cover\"\/><\/figure>\n<\/div>\n\n\n\n<div class=\"wp-block-column is-style-default is-layout-flow wp-block-column-is-layout-flow\" style=\"border-style:none;border-width:0px;padding-top:0;padding-right:0;padding-bottom:0;padding-left:0\">\n<figure class=\"wp-block-image size-full has-custom-border\"><img loading=\"lazy\" decoding=\"async\" width=\"730\" height=\"487\" src=\"https:\/\/calparro.cat\/wp-content\/uploads\/2026\/01\/turismo-fontcalda-pozas-de-bano.jpg\" alt=\"\" class=\"wp-image-1000\" style=\"border-radius:11px;aspect-ratio:4\/3;object-fit:cover\" srcset=\"https:\/\/calparro.cat\/wp-content\/uploads\/2026\/01\/turismo-fontcalda-pozas-de-bano.jpg 730w, https:\/\/calparro.cat\/wp-content\/uploads\/2026\/01\/turismo-fontcalda-pozas-de-bano-300x200.jpg 300w\" sizes=\"auto, (max-width: 730px) 100vw, 730px\" \/><\/figure>\n<\/div>\n<\/div>\n\n\n\n<h2 class=\"wp-block-heading\">Les Olles<\/h2>\n\n\n\n<p>Si vous effectuez la visite pendant les mois les plus chauds, l\u2019exp\u00e9rience est v\u00e9ritablement inoubliable : vous pourrez vous rafra\u00eechir dans d\u2019impressionnantes piscines naturelles, consid\u00e9r\u00e9es parmi les plus belles non seulement de la Terra Alta et des Terres de l\u2019Ebre, mais aussi de toute la province de Tarragone. En revanche, si vous vous y rendez \u00e0 une p\u00e9riode plus fra\u00eeche, le paysage continue d\u2019offrir un cadre naturel spectaculaire \u00e0 appr\u00e9cier tranquillement.<\/p>\n\n\n\n<p>De plus, il s\u2019agit d\u2019un lieu tr\u00e8s accessible, adapt\u00e9 \u00e0 tous.<\/p>\n\n\n\n<div class=\"wp-block-columns is-layout-flex wp-container-core-columns-is-layout-28f84493 wp-block-columns-is-layout-flex\">\n<div class=\"wp-block-column is-style-default is-layout-flow wp-block-column-is-layout-flow\" style=\"border-style:none;border-width:0px;padding-top:0;padding-right:0;padding-bottom:0;padding-left:0\">\n<figure class=\"wp-block-image size-full has-custom-border is-style-default\"><img loading=\"lazy\" decoding=\"async\" width=\"1600\" height=\"1000\" src=\"https:\/\/calparro.cat\/wp-content\/uploads\/2026\/01\/olles-bot-horta-sant-joan.webp\" alt=\"\" class=\"wp-image-1007\" style=\"border-radius:11px;aspect-ratio:4\/3;object-fit:cover\" srcset=\"https:\/\/calparro.cat\/wp-content\/uploads\/2026\/01\/olles-bot-horta-sant-joan.webp 1600w, https:\/\/calparro.cat\/wp-content\/uploads\/2026\/01\/olles-bot-horta-sant-joan-300x188.webp 300w, https:\/\/calparro.cat\/wp-content\/uploads\/2026\/01\/olles-bot-horta-sant-joan-1024x640.webp 1024w\" sizes=\"auto, (max-width: 1600px) 100vw, 1600px\" \/><\/figure>\n<\/div>\n\n\n\n<div class=\"wp-block-column is-style-default is-layout-flow wp-block-column-is-layout-flow\" style=\"border-style:none;border-width:0px;padding-top:0;padding-right:0;padding-bottom:0;padding-left:0\">\n<figure class=\"wp-block-image size-full has-custom-border\"><img loading=\"lazy\" decoding=\"async\" width=\"1600\" height=\"1200\" src=\"https:\/\/calparro.cat\/wp-content\/uploads\/2026\/01\/17420362Master.jpg\" alt=\"\" class=\"wp-image-1009\" style=\"border-radius:11px;aspect-ratio:4\/3;object-fit:cover\" srcset=\"https:\/\/calparro.cat\/wp-content\/uploads\/2026\/01\/17420362Master.jpg 1600w, https:\/\/calparro.cat\/wp-content\/uploads\/2026\/01\/17420362Master-300x225.jpg 300w, https:\/\/calparro.cat\/wp-content\/uploads\/2026\/01\/17420362Master-1024x768.jpg 1024w\" sizes=\"auto, (max-width: 1600px) 100vw, 1600px\" \/><\/figure>\n<\/div>\n<\/div>\n<\/div>\n","protected":false},"excerpt":{"rendered":"<p>La Terra Alta offre une grande vari\u00e9t\u00e9 d\u2019activit\u00e9s pour tous les go\u00fbts : des itin\u00e9raires de randonn\u00e9e et de cyclotourisme \u00e0 travers des espaces embl\u00e9matiques comme la Voie verte de la Terra Alta, jusqu\u2019aux visites culturelles li\u00e9es \u00e0 la m\u00e9moire historique et \u00e0 la bataille de l\u2019\u00c8bre. Les amoureux de la nature peuvent explorer le &hellip; <\/p>\n<p class=\"link-more\"><a href=\"https:\/\/calparro.cat\/fr\/actividades\/\" class=\"more-link\">Lire la suite de<span class=\"screen-reader-text\">\u00ab\u00a0Actividades\u00a0\u00bb<\/span><\/a><\/p>\n","protected":false},"author":1,"featured_media":752,"parent":0,"menu_order":0,"comment_status":"closed","ping_status":"closed","template":"","meta":{"footnotes":""},"class_list":["post-1043","page","type-page","status-publish","has-post-thumbnail","hentry"],"_links":{"self":[{"href":"https:\/\/calparro.cat\/fr\/wp-json\/wp\/v2\/pages\/1043","targetHints":{"allow":["GET"]}}],"collection":[{"href":"https:\/\/calparro.cat\/fr\/wp-json\/wp\/v2\/pages"}],"about":[{"href":"https:\/\/calparro.cat\/fr\/wp-json\/wp\/v2\/types\/page"}],"author":[{"embeddable":true,"href":"https:\/\/calparro.cat\/fr\/wp-json\/wp\/v2\/users\/1"}],"replies":[{"embeddable":true,"href":"https:\/\/calparro.cat\/fr\/wp-json\/wp\/v2\/comments?post=1043"}],"version-history":[{"count":29,"href":"https:\/\/calparro.cat\/fr\/wp-json\/wp\/v2\/pages\/1043\/revisions"}],"predecessor-version":[{"id":1408,"href":"https:\/\/calparro.cat\/fr\/wp-json\/wp\/v2\/pages\/1043\/revisions\/1408"}],"wp:featuredmedia":[{"embeddable":true,"href":"https:\/\/calparro.cat\/fr\/wp-json\/wp\/v2\/media\/752"}],"wp:attachment":[{"href":"https:\/\/calparro.cat\/fr\/wp-json\/wp\/v2\/media?parent=1043"}],"curies":[{"name":"wp","href":"https:\/\/api.w.org\/{rel}","templated":true}]}}