{"id":666,"date":"2025-12-28T00:48:11","date_gmt":"2025-12-27T22:48:11","guid":{"rendered":"https:\/\/calparro.cat\/ca\/?page_id=666"},"modified":"2026-02-22T13:29:34","modified_gmt":"2026-02-22T11:29:34","slug":"apartament-1","status":"publish","type":"page","link":"https:\/\/calparro.cat\/es\/lacasa\/apartament-1\/","title":{"rendered":"Apartamento 1"},"content":{"rendered":"\n<h1 class=\"wp-block-heading\">Apartamento 1<\/h1>\n\n\n\n<details class=\"wp-block-details has-medium-font-size is-layout-flow wp-block-details-is-layout-flow\"><summary><strong>Ver m\u00e1s<\/strong><\/summary>\n<p>El <strong>Apartamento 1<\/strong> es un espacio acogedor y funcional, pensado para disfrutar de una estancia tranquila en la poblaci\u00f3n de <strong>Batea<\/strong>, en el coraz\u00f3n de la <strong>Terra Alta<\/strong>. Ideal para parejas o escapadas relajadas, combina comodidad, privacidad y un entorno privilegiado.<\/p>\n\n\n\n<p>El alojamiento dispone de una amplia terraza privada, perfecta para desconectar al aire libre, con acceso a una piscina de verano de uso exclusivo.<\/p>\n\n\n\n<p>En el interior encontrar\u00e9is una habitaci\u00f3n doble con vestidor, una cocina totalmente equipada, un comedor con una c\u00f3moda zona de estar y un ba\u00f1o completo con plato de ducha. Todo est\u00e1 dise\u00f1ado para que os sint\u00e1is como en casa y pod\u00e1is disfrutar del descanso con todas las comodidades.<\/p>\n<\/details>\n\n\n\n<div class=\"wp-block-group has-global-padding is-content-justification-center is-layout-constrained wp-block-group-is-layout-constrained\">\n<div class=\"wp-block-group has-global-padding is-content-justification-center is-layout-constrained wp-block-group-is-layout-constrained\">\n<h2 class=\"wp-block-heading\">Entrada<\/h2>\n\n\n\n<div class=\"wp-block-group is-layout-flow wp-block-group-is-layout-flow\">\n<div class=\"wp-block-columns is-layout-flex wp-container-core-columns-is-layout-28f84493 wp-block-columns-is-layout-flex\">\n<div class=\"wp-block-column is-style-default is-layout-flow wp-block-column-is-layout-flow\" style=\"border-style:none;border-width:0px;padding-top:0;padding-right:0;padding-bottom:0;padding-left:0\">\n<figure class=\"wp-block-image size-full has-custom-border is-style-default\"><img loading=\"lazy\" decoding=\"async\" width=\"1923\" height=\"2560\" src=\"https:\/\/calparro.cat\/wp-content\/uploads\/2026\/01\/IMG_20250921_141310-scaled.jpg\" alt=\"\" class=\"wp-image-757\" style=\"border-radius:11px;aspect-ratio:4\/3;object-fit:cover\" srcset=\"https:\/\/calparro.cat\/wp-content\/uploads\/2026\/01\/IMG_20250921_141310-scaled.jpg 1923w, https:\/\/calparro.cat\/wp-content\/uploads\/2026\/01\/IMG_20250921_141310-225x300.jpg 225w, https:\/\/calparro.cat\/wp-content\/uploads\/2026\/01\/IMG_20250921_141310-769x1024.jpg 769w, https:\/\/calparro.cat\/wp-content\/uploads\/2026\/01\/IMG_20250921_141310-2000x2662.jpg 2000w\" sizes=\"auto, (max-width: 1923px) 100vw, 1923px\" \/><\/figure>\n<\/div>\n\n\n\n<div class=\"wp-block-column is-style-default is-layout-flow wp-block-column-is-layout-flow\" style=\"border-style:none;border-width:0px;padding-top:0;padding-right:0;padding-bottom:0;padding-left:0\">\n<figure class=\"wp-block-image size-full has-custom-border\"><img loading=\"lazy\" decoding=\"async\" width=\"1887\" height=\"2560\" src=\"https:\/\/calparro.cat\/wp-content\/uploads\/2026\/01\/1678044260109-scaled.jpg\" alt=\"\" class=\"wp-image-755\" style=\"border-radius:11px;aspect-ratio:4\/3;object-fit:cover\" srcset=\"https:\/\/calparro.cat\/wp-content\/uploads\/2026\/01\/1678044260109-scaled.jpg 1887w, https:\/\/calparro.cat\/wp-content\/uploads\/2026\/01\/1678044260109-221x300.jpg 221w, https:\/\/calparro.cat\/wp-content\/uploads\/2026\/01\/1678044260109-755x1024.jpg 755w, https:\/\/calparro.cat\/wp-content\/uploads\/2026\/01\/1678044260109-2000x2713.jpg 2000w\" sizes=\"auto, (max-width: 1887px) 100vw, 1887px\" \/><\/figure>\n<\/div>\n<\/div>\n<\/div>\n\n\n\n<div class=\"wp-block-columns is-layout-flex wp-container-core-columns-is-layout-28f84493 wp-block-columns-is-layout-flex\">\n<div class=\"wp-block-column is-style-default is-layout-flow wp-block-column-is-layout-flow\" style=\"border-style:none;border-width:0px;padding-top:0;padding-right:0;padding-bottom:0;padding-left:0\">\n<figure class=\"wp-block-image size-full has-custom-border is-style-default\"><img loading=\"lazy\" decoding=\"async\" width=\"1694\" height=\"2560\" src=\"https:\/\/calparro.cat\/wp-content\/uploads\/2026\/01\/1708265572449-2-scaled.jpg\" alt=\"\" class=\"wp-image-756\" style=\"border-radius:11px;aspect-ratio:4\/3;object-fit:cover\" srcset=\"https:\/\/calparro.cat\/wp-content\/uploads\/2026\/01\/1708265572449-2-scaled.jpg 1694w, https:\/\/calparro.cat\/wp-content\/uploads\/2026\/01\/1708265572449-2-198x300.jpg 198w, https:\/\/calparro.cat\/wp-content\/uploads\/2026\/01\/1708265572449-2-678x1024.jpg 678w, https:\/\/calparro.cat\/wp-content\/uploads\/2026\/01\/1708265572449-2-2000x3023.jpg 2000w\" sizes=\"auto, (max-width: 1694px) 100vw, 1694px\" \/><\/figure>\n<\/div>\n\n\n\n<div class=\"wp-block-column is-style-default is-layout-flow wp-block-column-is-layout-flow\" style=\"border-style:none;border-width:0px;padding-top:0;padding-right:0;padding-bottom:0;padding-left:0\">\n<h3 class=\"wp-block-heading has-small-font-size\"><\/h3>\n<\/div>\n<\/div>\n<\/div>\n<\/div>\n\n\n\n<div class=\"wp-block-group has-global-padding is-content-justification-center is-layout-constrained wp-block-group-is-layout-constrained\">\n<h2 class=\"wp-block-heading\">Terraza con piscina privada exterior (piscina abierta del 24 de junio al 11 de septiembre)<\/h2>\n\n\n\n<div class=\"wp-block-group is-layout-flow wp-block-group-is-layout-flow\">\n<div class=\"wp-block-columns is-layout-flex wp-container-core-columns-is-layout-28f84493 wp-block-columns-is-layout-flex\">\n<div class=\"wp-block-column is-style-default is-layout-flow wp-block-column-is-layout-flow\" style=\"border-style:none;border-width:0px;padding-top:0;padding-right:0;padding-bottom:0;padding-left:0\">\n<figure class=\"wp-block-image size-full has-custom-border is-style-default\"><img loading=\"lazy\" decoding=\"async\" width=\"1920\" height=\"1489\" src=\"https:\/\/calparro.cat\/wp-content\/uploads\/2026\/01\/piscina.jpg\" alt=\"\" class=\"wp-image-765\" style=\"border-radius:11px;aspect-ratio:4\/3;object-fit:cover\" srcset=\"https:\/\/calparro.cat\/wp-content\/uploads\/2026\/01\/piscina.jpg 1920w, https:\/\/calparro.cat\/wp-content\/uploads\/2026\/01\/piscina-300x233.jpg 300w, https:\/\/calparro.cat\/wp-content\/uploads\/2026\/01\/piscina-1024x794.jpg 1024w\" sizes=\"auto, (max-width: 1920px) 100vw, 1920px\" \/><\/figure>\n<\/div>\n\n\n\n<div class=\"wp-block-column is-style-default is-layout-flow wp-block-column-is-layout-flow\" style=\"border-style:none;border-width:0px;padding-top:0;padding-right:0;padding-bottom:0;padding-left:0\">\n<figure class=\"wp-block-image size-full has-custom-border\"><img loading=\"lazy\" decoding=\"async\" width=\"2560\" height=\"1920\" src=\"https:\/\/calparro.cat\/wp-content\/uploads\/2026\/01\/IMG_7076-scaled.jpg\" alt=\"\" class=\"wp-image-766\" style=\"border-radius:11px;aspect-ratio:4\/3;object-fit:cover\" srcset=\"https:\/\/calparro.cat\/wp-content\/uploads\/2026\/01\/IMG_7076-scaled.jpg 2560w, https:\/\/calparro.cat\/wp-content\/uploads\/2026\/01\/IMG_7076-300x225.jpg 300w, https:\/\/calparro.cat\/wp-content\/uploads\/2026\/01\/IMG_7076-1024x768.jpg 1024w, https:\/\/calparro.cat\/wp-content\/uploads\/2026\/01\/IMG_7076-2000x1500.jpg 2000w\" sizes=\"auto, (max-width: 2560px) 100vw, 2560px\" \/><\/figure>\n<\/div>\n<\/div>\n<\/div>\n<\/div>\n\n\n\n<div class=\"wp-block-group has-global-padding is-content-justification-left is-layout-constrained wp-container-core-group-is-layout-12dd3699 wp-block-group-is-layout-constrained\">\n<h2 class=\"wp-block-heading\">Sala de estar y comedor<\/h2>\n\n\n\n<div class=\"wp-block-columns is-layout-flex wp-container-core-columns-is-layout-28f84493 wp-block-columns-is-layout-flex\">\n<div class=\"wp-block-column is-layout-flow wp-block-column-is-layout-flow\" style=\"flex-basis:100%\">\n<figure class=\"wp-block-image size-large is-resized has-custom-border is-style-rounded\"><img loading=\"lazy\" decoding=\"async\" width=\"1024\" height=\"624\" src=\"https:\/\/calparro.cat\/wp-content\/uploads\/2026\/01\/1708265231646-1-1024x624.jpg\" alt=\"\" class=\"wp-image-760\" style=\"border-top-left-radius:11px;border-top-right-radius:11px;border-bottom-left-radius:11px;border-bottom-right-radius:11px;width:684px;height:auto\" srcset=\"https:\/\/calparro.cat\/wp-content\/uploads\/2026\/01\/1708265231646-1-1024x624.jpg 1024w, https:\/\/calparro.cat\/wp-content\/uploads\/2026\/01\/1708265231646-1-300x183.jpg 300w, https:\/\/calparro.cat\/wp-content\/uploads\/2026\/01\/1708265231646-1-2000x1219.jpg 2000w\" sizes=\"auto, (max-width: 1024px) 100vw, 1024px\" \/><\/figure>\n<\/div>\n<\/div>\n<\/div>\n\n\n\n<div class=\"wp-block-group has-global-padding is-content-justification-center is-layout-constrained wp-block-group-is-layout-constrained\">\n<h2 class=\"wp-block-heading\">Habitaci\u00f3n doble con vestidor<\/h2>\n\n\n\n<div class=\"wp-block-columns is-layout-flex wp-container-core-columns-is-layout-28f84493 wp-block-columns-is-layout-flex\">\n<div class=\"wp-block-column is-style-default is-layout-flow wp-block-column-is-layout-flow\" style=\"border-style:none;border-width:0px;padding-top:0;padding-right:0;padding-bottom:0;padding-left:0\">\n<figure class=\"wp-block-image size-full has-custom-border is-style-default\"><img loading=\"lazy\" decoding=\"async\" width=\"2560\" height=\"1591\" src=\"https:\/\/calparro.cat\/wp-content\/uploads\/2026\/01\/1692276979551-scaled.jpg\" alt=\"\" class=\"wp-image-779\" style=\"border-radius:11px;aspect-ratio:4\/3;object-fit:cover\" srcset=\"https:\/\/calparro.cat\/wp-content\/uploads\/2026\/01\/1692276979551-scaled.jpg 2560w, https:\/\/calparro.cat\/wp-content\/uploads\/2026\/01\/1692276979551-300x186.jpg 300w, https:\/\/calparro.cat\/wp-content\/uploads\/2026\/01\/1692276979551-1024x636.jpg 1024w, https:\/\/calparro.cat\/wp-content\/uploads\/2026\/01\/1692276979551-2000x1243.jpg 2000w\" sizes=\"auto, (max-width: 2560px) 100vw, 2560px\" \/><\/figure>\n<\/div>\n\n\n\n<div class=\"wp-block-column is-style-default is-layout-flow wp-block-column-is-layout-flow\" style=\"border-style:none;border-width:0px;padding-top:0;padding-right:0;padding-bottom:0;padding-left:0\">\n<figure class=\"wp-block-image size-full has-custom-border\"><img loading=\"lazy\" decoding=\"async\" width=\"2560\" height=\"1920\" src=\"https:\/\/calparro.cat\/wp-content\/uploads\/2026\/01\/IMG_5613-scaled.jpg\" alt=\"\" class=\"wp-image-780\" style=\"border-radius:11px;aspect-ratio:4\/3;object-fit:cover\" srcset=\"https:\/\/calparro.cat\/wp-content\/uploads\/2026\/01\/IMG_5613-scaled.jpg 2560w, https:\/\/calparro.cat\/wp-content\/uploads\/2026\/01\/IMG_5613-300x225.jpg 300w, https:\/\/calparro.cat\/wp-content\/uploads\/2026\/01\/IMG_5613-1024x768.jpg 1024w, https:\/\/calparro.cat\/wp-content\/uploads\/2026\/01\/IMG_5613-2000x1500.jpg 2000w\" sizes=\"auto, (max-width: 2560px) 100vw, 2560px\" \/><\/figure>\n<\/div>\n<\/div>\n\n\n\n<div class=\"wp-block-columns is-layout-flex wp-container-core-columns-is-layout-28f84493 wp-block-columns-is-layout-flex\">\n<div class=\"wp-block-column is-style-default is-layout-flow wp-block-column-is-layout-flow\" style=\"border-style:none;border-width:0px;padding-top:0;padding-right:0;padding-bottom:0;padding-left:0\">\n<figure class=\"wp-block-image size-full has-custom-border is-style-default\"><img loading=\"lazy\" decoding=\"async\" width=\"2560\" height=\"1441\" src=\"https:\/\/calparro.cat\/wp-content\/uploads\/2026\/01\/1683458660843-scaled.jpg\" alt=\"\" class=\"wp-image-778\" style=\"border-radius:11px;aspect-ratio:4\/3;object-fit:cover\" srcset=\"https:\/\/calparro.cat\/wp-content\/uploads\/2026\/01\/1683458660843-scaled.jpg 2560w, https:\/\/calparro.cat\/wp-content\/uploads\/2026\/01\/1683458660843-300x169.jpg 300w, https:\/\/calparro.cat\/wp-content\/uploads\/2026\/01\/1683458660843-1024x576.jpg 1024w, https:\/\/calparro.cat\/wp-content\/uploads\/2026\/01\/1683458660843-2000x1125.jpg 2000w\" sizes=\"auto, (max-width: 2560px) 100vw, 2560px\" \/><\/figure>\n<\/div>\n\n\n\n<div class=\"wp-block-column is-style-default is-layout-flow wp-block-column-is-layout-flow\" style=\"border-style:none;border-width:0px;padding-top:0;padding-right:0;padding-bottom:0;padding-left:0\">\n<h3 class=\"wp-block-heading has-small-font-size\"><\/h3>\n<\/div>\n<\/div>\n<\/div>\n\n\n\n<div class=\"wp-block-group has-global-padding is-content-justification-center is-layout-constrained wp-block-group-is-layout-constrained\">\n<h2 class=\"wp-block-heading\">Cocina<\/h2>\n\n\n\n<div class=\"wp-block-columns is-layout-flex wp-container-core-columns-is-layout-28f84493 wp-block-columns-is-layout-flex\">\n<div class=\"wp-block-column is-style-default is-layout-flow wp-block-column-is-layout-flow\" style=\"border-style:none;border-width:0px;padding-top:0;padding-right:0;padding-bottom:0;padding-left:0\">\n<figure class=\"wp-block-image size-full has-custom-border is-style-default\"><img loading=\"lazy\" decoding=\"async\" width=\"2560\" height=\"1920\" src=\"https:\/\/calparro.cat\/wp-content\/uploads\/2026\/01\/IMG_5584-scaled.jpg\" alt=\"\" class=\"wp-image-775\" style=\"border-radius:11px;aspect-ratio:4\/3;object-fit:cover\" srcset=\"https:\/\/calparro.cat\/wp-content\/uploads\/2026\/01\/IMG_5584-scaled.jpg 2560w, https:\/\/calparro.cat\/wp-content\/uploads\/2026\/01\/IMG_5584-300x225.jpg 300w, https:\/\/calparro.cat\/wp-content\/uploads\/2026\/01\/IMG_5584-1024x768.jpg 1024w, https:\/\/calparro.cat\/wp-content\/uploads\/2026\/01\/IMG_5584-2000x1500.jpg 2000w\" sizes=\"auto, (max-width: 2560px) 100vw, 2560px\" \/><\/figure>\n<\/div>\n\n\n\n<div class=\"wp-block-column is-style-default is-layout-flow wp-block-column-is-layout-flow\" style=\"border-style:none;border-width:0px;padding-top:0;padding-right:0;padding-bottom:0;padding-left:0\">\n<figure class=\"wp-block-image size-full has-custom-border\"><img loading=\"lazy\" decoding=\"async\" width=\"1441\" height=\"2560\" src=\"https:\/\/calparro.cat\/wp-content\/uploads\/2026\/01\/1685902204197-scaled.jpg\" alt=\"\" class=\"wp-image-776\" style=\"border-radius:11px;aspect-ratio:4\/3;object-fit:cover\" srcset=\"https:\/\/calparro.cat\/wp-content\/uploads\/2026\/01\/1685902204197-scaled.jpg 1441w, https:\/\/calparro.cat\/wp-content\/uploads\/2026\/01\/1685902204197-169x300.jpg 169w, https:\/\/calparro.cat\/wp-content\/uploads\/2026\/01\/1685902204197-576x1024.jpg 576w, https:\/\/calparro.cat\/wp-content\/uploads\/2026\/01\/1685902204197-2000x3554.jpg 2000w\" sizes=\"auto, (max-width: 1441px) 100vw, 1441px\" \/><\/figure>\n<\/div>\n<\/div>\n<\/div>\n\n\n\n<div class=\"wp-block-group has-global-padding is-content-justification-center is-layout-constrained wp-block-group-is-layout-constrained\">\n<h2 class=\"wp-block-heading\">Ba\u00f1o<\/h2>\n\n\n\n<div class=\"wp-block-columns is-layout-flex wp-container-core-columns-is-layout-28f84493 wp-block-columns-is-layout-flex\">\n<div class=\"wp-block-column is-style-default is-layout-flow wp-block-column-is-layout-flow\" style=\"border-style:none;border-width:0px;padding-top:0;padding-right:0;padding-bottom:0;padding-left:0\">\n<figure class=\"wp-block-image size-full has-custom-border is-style-default\"><img loading=\"lazy\" decoding=\"async\" width=\"2560\" height=\"1920\" src=\"https:\/\/calparro.cat\/wp-content\/uploads\/2026\/01\/image3-scaled.jpeg\" alt=\"\" class=\"wp-image-769\" style=\"border-radius:11px;aspect-ratio:4\/3;object-fit:cover\" srcset=\"https:\/\/calparro.cat\/wp-content\/uploads\/2026\/01\/image3-scaled.jpeg 2560w, https:\/\/calparro.cat\/wp-content\/uploads\/2026\/01\/image3-300x225.jpeg 300w, https:\/\/calparro.cat\/wp-content\/uploads\/2026\/01\/image3-1024x768.jpeg 1024w, https:\/\/calparro.cat\/wp-content\/uploads\/2026\/01\/image3-2000x1500.jpeg 2000w\" sizes=\"auto, (max-width: 2560px) 100vw, 2560px\" \/><\/figure>\n<\/div>\n\n\n\n<div class=\"wp-block-column is-style-default is-layout-flow wp-block-column-is-layout-flow\" style=\"border-style:none;border-width:0px;padding-top:0;padding-right:0;padding-bottom:0;padding-left:0\">\n<figure class=\"wp-block-image size-full has-custom-border\"><img loading=\"lazy\" decoding=\"async\" width=\"1441\" height=\"2560\" src=\"https:\/\/calparro.cat\/wp-content\/uploads\/2026\/01\/1685904463493-scaled.jpg\" alt=\"\" class=\"wp-image-771\" style=\"border-radius:11px;aspect-ratio:4\/3;object-fit:cover\" srcset=\"https:\/\/calparro.cat\/wp-content\/uploads\/2026\/01\/1685904463493-scaled.jpg 1441w, https:\/\/calparro.cat\/wp-content\/uploads\/2026\/01\/1685904463493-169x300.jpg 169w, https:\/\/calparro.cat\/wp-content\/uploads\/2026\/01\/1685904463493-576x1024.jpg 576w, https:\/\/calparro.cat\/wp-content\/uploads\/2026\/01\/1685904463493-2000x3554.jpg 2000w\" sizes=\"auto, (max-width: 1441px) 100vw, 1441px\" \/><\/figure>\n<\/div>\n<\/div>\n\n\n\n<div class=\"wp-block-columns is-layout-flex wp-container-core-columns-is-layout-28f84493 wp-block-columns-is-layout-flex\">\n<div class=\"wp-block-column is-style-default is-layout-flow wp-block-column-is-layout-flow\" style=\"border-style:none;border-width:0px;padding-top:0;padding-right:0;padding-bottom:0;padding-left:0\">\n<figure class=\"wp-block-image size-full has-custom-border is-style-default\"><img loading=\"lazy\" decoding=\"async\" width=\"1407\" height=\"2560\" src=\"https:\/\/calparro.cat\/wp-content\/uploads\/2026\/01\/1685902204162-scaled.jpg\" alt=\"\" class=\"wp-image-770\" style=\"border-radius:11px;aspect-ratio:9\/16;object-fit:cover\" srcset=\"https:\/\/calparro.cat\/wp-content\/uploads\/2026\/01\/1685902204162-scaled.jpg 1407w, https:\/\/calparro.cat\/wp-content\/uploads\/2026\/01\/1685902204162-165x300.jpg 165w, https:\/\/calparro.cat\/wp-content\/uploads\/2026\/01\/1685902204162-563x1024.jpg 563w, https:\/\/calparro.cat\/wp-content\/uploads\/2026\/01\/1685902204162-2000x3639.jpg 2000w\" sizes=\"auto, (max-width: 1407px) 100vw, 1407px\" \/><\/figure>\n<\/div>\n\n\n\n<div class=\"wp-block-column is-style-default is-layout-flow wp-block-column-is-layout-flow\" style=\"border-style:none;border-width:0px;padding-top:0;padding-right:0;padding-bottom:0;padding-left:0\">\n<h3 class=\"wp-block-heading has-small-font-size\"><\/h3>\n<\/div>\n<\/div>\n<\/div>\n","protected":false},"excerpt":{"rendered":"<p>Apartamento 1 Entrada Terraza con piscina privada exterior (piscina abierta del 24 de junio al 11 de septiembre) Sala de estar y comedor Habitaci\u00f3n doble con vestidor Cocina Ba\u00f1o<\/p>\n","protected":false},"author":1,"featured_media":760,"parent":11,"menu_order":0,"comment_status":"closed","ping_status":"closed","template":"","meta":{"footnotes":""},"class_list":["post-666","page","type-page","status-publish","has-post-thumbnail","hentry"],"_links":{"self":[{"href":"https:\/\/calparro.cat\/es\/wp-json\/wp\/v2\/pages\/666","targetHints":{"allow":["GET"]}}],"collection":[{"href":"https:\/\/calparro.cat\/es\/wp-json\/wp\/v2\/pages"}],"about":[{"href":"https:\/\/calparro.cat\/es\/wp-json\/wp\/v2\/types\/page"}],"author":[{"embeddable":true,"href":"https:\/\/calparro.cat\/es\/wp-json\/wp\/v2\/users\/1"}],"replies":[{"embeddable":true,"href":"https:\/\/calparro.cat\/es\/wp-json\/wp\/v2\/comments?post=666"}],"version-history":[{"count":100,"href":"https:\/\/calparro.cat\/es\/wp-json\/wp\/v2\/pages\/666\/revisions"}],"predecessor-version":[{"id":1402,"href":"https:\/\/calparro.cat\/es\/wp-json\/wp\/v2\/pages\/666\/revisions\/1402"}],"up":[{"embeddable":true,"href":"https:\/\/calparro.cat\/es\/wp-json\/wp\/v2\/pages\/11"}],"wp:featuredmedia":[{"embeddable":true,"href":"https:\/\/calparro.cat\/es\/wp-json\/wp\/v2\/media\/760"}],"wp:attachment":[{"href":"https:\/\/calparro.cat\/es\/wp-json\/wp\/v2\/media?parent=666"}],"curies":[{"name":"wp","href":"https:\/\/api.w.org\/{rel}","templated":true}]}}