{"id":591,"date":"2025-12-26T18:13:26","date_gmt":"2025-12-26T16:13:26","guid":{"rendered":"https:\/\/calparro.cat\/ca\/?page_id=591"},"modified":"2026-02-22T13:54:26","modified_gmt":"2026-02-22T11:54:26","slug":"enoturisme","status":"publish","type":"page","link":"https:\/\/calparro.cat\/es\/blog\/enoturisme\/","title":{"rendered":"Enoturismo"},"content":{"rendered":"\n<p>El enoturismo en Batea se configura como una propuesta de alto valor cultural, paisaj\u00edstico y gastron\u00f3mico dentro de la comarca de la Terra Alta. Este municipio destaca por una tradici\u00f3n vitivin\u00edcola profundamente arraigada, sustentada por un clima mediterr\u00e1neo continental y unos suelos calc\u00e1reos que favorecen una viticultura de calidad, especialmente reconocida por la Garnacha Blanca.<\/p>\n\n\n\n<p>La oferta enotur\u00edstica de Batea combina la visita a bodegas \u2014tanto cooperativas como de producci\u00f3n familiar\u2014 con experiencias que ponen en valor el patrimonio arquitect\u00f3nico modernista, el paisaje de vi\u00f1edos y la cultura local. Las actividades habituales incluyen catas comentadas, rutas entre vi\u00f1as, maridajes con productos de proximidad y eventos vinculados al calendario agr\u00edcola y festivo.<\/p>\n\n\n\n<p>Adem\u00e1s, el enoturismo act\u00faa como motor de desarrollo local, integrando sectores como la restauraci\u00f3n, el alojamiento rural y el comercio de productos agroalimentarios. En conjunto, Batea se presenta como un destino id\u00f3neo para un turismo especializado, sostenible y orientado a visitantes que buscan autenticidad, conocimiento del territorio y experiencias vinculadas al vino.<\/p>\n\n\n\n<p>Para todas aquellas personas interesadas en profundizar en esta oferta, se pueden consultar todas las bodegas de nuestra poblaci\u00f3n a trav\u00e9s del portal oficial de turismo:<\/p>\n\n\n\n<p><br><a href=\"https:\/\/turismebatea.com\/enoturismo-bodegas-terra-alta\" data-type=\"link\" data-id=\"https:\/\/turismebatea.com\/enoturismo-bodegas-terra-alta\" target=\"_blank\" rel=\"noreferrer noopener\">Enoturismo Batea<\/a><\/p>\n\n\n\n<p>A continuaci\u00f3n, os dejamos una muestra representativa:<\/p>\n\n\n\n<div style=\"height:58px\" aria-hidden=\"true\" class=\"wp-block-spacer\"><\/div>\n\n\n\n<div class=\"wp-block-columns are-vertically-aligned-center is-layout-flex wp-container-core-columns-is-layout-28f84493 wp-block-columns-is-layout-flex\">\n<div class=\"wp-block-column is-vertically-aligned-center is-layout-flow wp-block-column-is-layout-flow\" style=\"flex-basis:26%\">\n<figure class=\"wp-block-image has-custom-border is-style-rounded\"><img loading=\"lazy\" decoding=\"async\" width=\"692\" height=\"692\" src=\"https:\/\/calparro.cat\/wp-content\/uploads\/2025\/12\/altavins1.jpg\" alt=\"\" class=\"wp-image-592\" style=\"border-top-left-radius:11px;border-top-right-radius:11px;border-bottom-left-radius:11px;border-bottom-right-radius:11px\" srcset=\"https:\/\/calparro.cat\/wp-content\/uploads\/2025\/12\/altavins1.jpg 692w, https:\/\/calparro.cat\/wp-content\/uploads\/2025\/12\/altavins1-300x300.jpg 300w, https:\/\/calparro.cat\/wp-content\/uploads\/2025\/12\/altavins1-150x150.jpg 150w\" sizes=\"auto, (max-width: 692px) 100vw, 692px\" \/><\/figure>\n<\/div>\n\n\n\n<div class=\"wp-block-column is-vertically-aligned-center is-layout-flow wp-block-column-is-layout-flow\" style=\"flex-basis:74%\">\n<p><strong>Altavins es una bodega situada dentro de la DO Terra Alta donde se elaboran vinos de calidad, distinguidos por la esencia de las variedades tradicionales y producidos siguiendo la cultura vitivin\u00edcola de la zona. \u00bfConoces la tradici\u00f3n milenaria y las historias que se esconden en los 75 cl de una botella de vino? \u00a1Ven y desc\u00fabrelas!<\/strong><\/p>\n\n\n\n<p><strong>ILERCAVONIA:<\/strong> vino joven 100 % Garnacha Blanca<br><strong>ALMODI:<\/strong> 100 % Garnacha negra, 4 meses en barrica<br><strong>TEMPUS:<\/strong> Garnacha, Syrah y Cari\u00f1ena, 10 meses de crianza<br><strong>DOMUS PENSI:<\/strong> Reserva. Garnacha, Syrah, Cabernet y Merlot con 18 meses en roble franc\u00e9s<\/p>\n<\/div>\n<\/div>\n\n\n\n<div style=\"height:58px\" aria-hidden=\"true\" class=\"wp-block-spacer\"><\/div>\n\n\n\n<div class=\"wp-block-columns are-vertically-aligned-center is-layout-flex wp-container-core-columns-is-layout-28f84493 wp-block-columns-is-layout-flex\">\n<div class=\"wp-block-column is-vertically-aligned-center is-layout-flow wp-block-column-is-layout-flow\" style=\"flex-basis:26%\">\n<figure class=\"wp-block-image has-custom-border is-style-rounded\"><img loading=\"lazy\" decoding=\"async\" width=\"800\" height=\"800\" src=\"https:\/\/calparro.cat\/wp-content\/uploads\/2025\/12\/lafou1.jpg\" alt=\"\" class=\"wp-image-593\" style=\"border-top-left-radius:11px;border-top-right-radius:11px;border-bottom-left-radius:11px;border-bottom-right-radius:11px\" srcset=\"https:\/\/calparro.cat\/wp-content\/uploads\/2025\/12\/lafou1.jpg 800w, https:\/\/calparro.cat\/wp-content\/uploads\/2025\/12\/lafou1-300x300.jpg 300w, https:\/\/calparro.cat\/wp-content\/uploads\/2025\/12\/lafou1-150x150.jpg 150w\" sizes=\"auto, (max-width: 800px) 100vw, 800px\" \/><\/figure>\n<\/div>\n\n\n\n<div class=\"wp-block-column is-vertically-aligned-center is-layout-flow wp-block-column-is-layout-flow\" style=\"flex-basis:74%\">\n<p><strong>Garnacha y territorio definen el estilo \u00fanico de los vinos de LaFou, una bodega ubicada en una casa se\u00f1orial del siglo XVIII en la Pla\u00e7a Major del pueblo.<\/strong><\/p>\n\n\n\n<p>LaFou busca encontrar la esencia de la Terra Alta a trav\u00e9s de la garnacha, persiguiendo la m\u00e1xima expresi\u00f3n de sus vinos mediante procesos de elaboraci\u00f3n que reflejen la profundidad, la identidad y la expresividad del territorio.<\/p>\n<\/div>\n<\/div>\n\n\n\n<div style=\"height:58px\" aria-hidden=\"true\" class=\"wp-block-spacer\"><\/div>\n\n\n\n<div class=\"wp-block-columns are-vertically-aligned-center is-layout-flex wp-container-core-columns-is-layout-28f84493 wp-block-columns-is-layout-flex\">\n<div class=\"wp-block-column is-vertically-aligned-center is-layout-flow wp-block-column-is-layout-flow\" style=\"flex-basis:26%\">\n<figure class=\"wp-block-image has-custom-border is-style-rounded\"><img loading=\"lazy\" decoding=\"async\" width=\"1024\" height=\"576\" src=\"https:\/\/calparro.cat\/wp-content\/uploads\/2025\/12\/logo-celler-batea-16-9-1024x576.png\" alt=\"\" class=\"wp-image-598\" style=\"border-top-left-radius:11px;border-top-right-radius:11px;border-bottom-left-radius:11px;border-bottom-right-radius:11px\" srcset=\"https:\/\/calparro.cat\/wp-content\/uploads\/2025\/12\/logo-celler-batea-16-9-1024x576.png 1024w, https:\/\/calparro.cat\/wp-content\/uploads\/2025\/12\/logo-celler-batea-16-9-300x169.png 300w, https:\/\/calparro.cat\/wp-content\/uploads\/2025\/12\/logo-celler-batea-16-9.png 1280w\" sizes=\"auto, (max-width: 1024px) 100vw, 1024px\" \/><\/figure>\n<\/div>\n\n\n\n<div class=\"wp-block-column is-vertically-aligned-center is-layout-flow wp-block-column-is-layout-flow\" style=\"flex-basis:74%\">\n<p><strong>El Celler Batea se fund\u00f3 en el a\u00f1o 1961. Actualmente cuenta con 212 socios y comercializa sus vinos tanto en el mercado catal\u00e1n como en la exportaci\u00f3n.<\/strong><\/p>\n\n\n\n<p>Sus marcas de vinos embotellados son Castell d\u2019Algars, Vallamajor, Prim\u00edcia, Vivertell, l\u2019Aube, Tipicitat, Equinox y Naturalis Mer, vino ecol\u00f3gico.<br>Tambi\u00e9n producen aceite y aceitunas de gran calidad.<\/p>\n<\/div>\n<\/div>\n","protected":false},"excerpt":{"rendered":"<p>El enoturismo en Batea se configura como una propuesta de alto valor cultural, paisaj\u00edstico y gastron\u00f3mico dentro de la comarca de la Terra Alta. Este municipio destaca por una tradici\u00f3n vitivin\u00edcola profundamente arraigada, sustentada por un clima mediterr\u00e1neo continental y unos suelos calc\u00e1reos que favorecen una viticultura de calidad, especialmente reconocida por la Garnacha Blanca. &hellip; <\/p>\n<p class=\"link-more\"><a href=\"https:\/\/calparro.cat\/es\/blog\/enoturisme\/\" class=\"more-link\">Leer m\u00e1s<span class=\"screen-reader-text\"> \u00abEnoturismo\u00bb<\/span><\/a><\/p>\n","protected":false},"author":1,"featured_media":992,"parent":13,"menu_order":0,"comment_status":"closed","ping_status":"closed","template":"","meta":{"footnotes":""},"class_list":["post-591","page","type-page","status-publish","has-post-thumbnail","hentry"],"_links":{"self":[{"href":"https:\/\/calparro.cat\/es\/wp-json\/wp\/v2\/pages\/591","targetHints":{"allow":["GET"]}}],"collection":[{"href":"https:\/\/calparro.cat\/es\/wp-json\/wp\/v2\/pages"}],"about":[{"href":"https:\/\/calparro.cat\/es\/wp-json\/wp\/v2\/types\/page"}],"author":[{"embeddable":true,"href":"https:\/\/calparro.cat\/es\/wp-json\/wp\/v2\/users\/1"}],"replies":[{"embeddable":true,"href":"https:\/\/calparro.cat\/es\/wp-json\/wp\/v2\/comments?post=591"}],"version-history":[{"count":17,"href":"https:\/\/calparro.cat\/es\/wp-json\/wp\/v2\/pages\/591\/revisions"}],"predecessor-version":[{"id":1437,"href":"https:\/\/calparro.cat\/es\/wp-json\/wp\/v2\/pages\/591\/revisions\/1437"}],"up":[{"embeddable":true,"href":"https:\/\/calparro.cat\/es\/wp-json\/wp\/v2\/pages\/13"}],"wp:featuredmedia":[{"embeddable":true,"href":"https:\/\/calparro.cat\/es\/wp-json\/wp\/v2\/media\/992"}],"wp:attachment":[{"href":"https:\/\/calparro.cat\/es\/wp-json\/wp\/v2\/media?parent=591"}],"curies":[{"name":"wp","href":"https:\/\/api.w.org\/{rel}","templated":true}]}}