{"id":560,"date":"2025-12-26T12:53:19","date_gmt":"2025-12-26T10:53:19","guid":{"rendered":"https:\/\/calparro.cat\/ca\/?page_id=560"},"modified":"2026-02-22T13:47:41","modified_gmt":"2026-02-22T11:47:41","slug":"punts-dinteres","status":"publish","type":"page","link":"https:\/\/calparro.cat\/es\/blog\/punts-dinteres\/","title":{"rendered":"Puntos de inter\u00e9s"},"content":{"rendered":"\n<div class=\"wp-block-columns are-vertically-aligned-center is-layout-flex wp-container-core-columns-is-layout-28f84493 wp-block-columns-is-layout-flex\">\n<div class=\"wp-block-column is-vertically-aligned-center is-layout-flow wp-block-column-is-layout-flow\" style=\"flex-basis:24%\">\n<figure class=\"wp-block-image has-custom-border is-style-rounded\"><img loading=\"lazy\" decoding=\"async\" width=\"400\" height=\"400\" src=\"https:\/\/calparro.cat\/wp-content\/uploads\/2025\/12\/image-3.png\" alt=\"\" class=\"wp-image-550\" style=\"border-top-left-radius:11px;border-top-right-radius:11px;border-bottom-left-radius:11px;border-bottom-right-radius:11px\" srcset=\"https:\/\/calparro.cat\/wp-content\/uploads\/2025\/12\/image-3.png 400w, https:\/\/calparro.cat\/wp-content\/uploads\/2025\/12\/image-3-300x300.png 300w, https:\/\/calparro.cat\/wp-content\/uploads\/2025\/12\/image-3-150x150.png 150w\" sizes=\"auto, (max-width: 400px) 100vw, 400px\" \/><\/figure>\n<\/div>\n\n\n\n<div class=\"wp-block-column is-vertically-aligned-center is-layout-flow wp-block-column-is-layout-flow\" style=\"flex-basis:76%\">\n<div style=\"height:16px\" aria-hidden=\"true\" class=\"wp-block-spacer\"><\/div>\n\n\n\n<p style=\"text-decoration:underline\"><strong>Punto de informaci\u00f3n tur\u00edstica<\/strong><\/p>\n\n\n\n<p><strong>Podr\u00e1s ver expuestos todos los vinos de nuestros productores locales en la planta baja del Ayuntamiento de Batea.<\/strong><\/p>\n\n\n\n<p>Abierto todos los d\u00edas del a\u00f1o para ofreceros informaci\u00f3n completa sobre nuestra localidad. Desde detalles administrativos hasta eventos y actividades, nuestro centro de informaci\u00f3n es la fuente central para conocer la vida de nuestra comunidad.<\/p>\n<\/div>\n<\/div>\n\n\n\n<div style=\"height:47px\" aria-hidden=\"true\" class=\"wp-block-spacer\"><\/div>\n\n\n\n<div class=\"wp-block-columns are-vertically-aligned-center is-layout-flex wp-container-core-columns-is-layout-28f84493 wp-block-columns-is-layout-flex\">\n<div class=\"wp-block-column is-vertically-aligned-center is-layout-flow wp-block-column-is-layout-flow\" style=\"flex-basis:24%\">\n<figure class=\"wp-block-image has-custom-border is-style-rounded\"><img loading=\"lazy\" decoding=\"async\" width=\"800\" height=\"800\" src=\"https:\/\/calparro.cat\/wp-content\/uploads\/2025\/12\/placa1.jpg\" alt=\"\" class=\"wp-image-564\" style=\"border-top-left-radius:11px;border-top-right-radius:11px;border-bottom-left-radius:11px;border-bottom-right-radius:11px\" srcset=\"https:\/\/calparro.cat\/wp-content\/uploads\/2025\/12\/placa1.jpg 800w, https:\/\/calparro.cat\/wp-content\/uploads\/2025\/12\/placa1-300x300.jpg 300w, https:\/\/calparro.cat\/wp-content\/uploads\/2025\/12\/placa1-150x150.jpg 150w\" sizes=\"auto, (max-width: 800px) 100vw, 800px\" \/><\/figure>\n<\/div>\n\n\n\n<div class=\"wp-block-column is-vertically-aligned-center is-layout-flow wp-block-column-is-layout-flow\" style=\"flex-basis:76%\">\n<div style=\"height:16px\" aria-hidden=\"true\" class=\"wp-block-spacer\"><\/div>\n\n\n\n<p style=\"text-decoration:underline\"><strong>Plaza Mayor<\/strong><\/p>\n\n\n\n<p><strong>La antigua explanada, preludio de una villa amurallada, se erige hoy en una plaza imponente, nexo de uni\u00f3n entre el n\u00facleo hist\u00f3rico y la modernidad.<\/strong><\/p>\n\n\n\n<p>La Plaza Catalunya se presenta actualmente como el punto de bienvenida para los visitantes de Batea. Y no es algo nuevo, ya que siglos atr\u00e1s era literalmente la llegada al pueblo, el principal punto de acceso para quienes llegaban por el camino de Tortosa y se encontraban con una villa completamente amurallada.<\/p>\n<\/div>\n<\/div>\n\n\n\n<div style=\"height:47px\" aria-hidden=\"true\" class=\"wp-block-spacer\"><\/div>\n\n\n\n<div class=\"wp-block-columns are-vertically-aligned-center is-layout-flex wp-container-core-columns-is-layout-28f84493 wp-block-columns-is-layout-flex\">\n<div class=\"wp-block-column is-vertically-aligned-center is-layout-flow wp-block-column-is-layout-flow\" style=\"flex-basis:24%\">\n<figure class=\"wp-block-image has-custom-border is-style-rounded\"><img loading=\"lazy\" decoding=\"async\" width=\"800\" height=\"800\" src=\"https:\/\/calparro.cat\/wp-content\/uploads\/2025\/12\/ajuntament1.jpg\" alt=\"\" class=\"wp-image-568\" style=\"border-top-left-radius:11px;border-top-right-radius:11px;border-bottom-left-radius:11px;border-bottom-right-radius:11px\" srcset=\"https:\/\/calparro.cat\/wp-content\/uploads\/2025\/12\/ajuntament1.jpg 800w, https:\/\/calparro.cat\/wp-content\/uploads\/2025\/12\/ajuntament1-300x300.jpg 300w, https:\/\/calparro.cat\/wp-content\/uploads\/2025\/12\/ajuntament1-150x150.jpg 150w\" sizes=\"auto, (max-width: 800px) 100vw, 800px\" \/><\/figure>\n<\/div>\n\n\n\n<div class=\"wp-block-column is-vertically-aligned-center is-layout-flow wp-block-column-is-layout-flow\" style=\"flex-basis:76%\">\n<div style=\"height:16px\" aria-hidden=\"true\" class=\"wp-block-spacer\"><\/div>\n\n\n\n<p style=\"text-decoration:underline\"><strong>Ca la Vila<\/strong><\/p>\n\n\n\n<p><strong>Un edificio que presid\u00eda la entrada a la villa durante la Edad Media y que hoy alberga servicios tanto para los turistas como para los habitantes de Batea.<\/strong><\/p>\n\n\n\n<p>Ca la Vila es el nombre que se daba a la Casa Grande del municipio, de origen medieval, y que hoy es la sede del ayuntamiento. Fue ampliada durante el siglo XVI y reconstruida a lo largo de los siglos XIX y XX.<\/p>\n<\/div>\n<\/div>\n\n\n\n<div style=\"height:47px\" aria-hidden=\"true\" class=\"wp-block-spacer\"><\/div>\n\n\n\n<div class=\"wp-block-columns are-vertically-aligned-center is-layout-flex wp-container-core-columns-is-layout-28f84493 wp-block-columns-is-layout-flex\">\n<div class=\"wp-block-column is-vertically-aligned-center is-layout-flow wp-block-column-is-layout-flow\" style=\"flex-basis:24%\">\n<figure class=\"wp-block-image has-custom-border is-style-rounded\"><img loading=\"lazy\" decoding=\"async\" width=\"400\" height=\"400\" src=\"https:\/\/calparro.cat\/wp-content\/uploads\/2025\/12\/capella3.jpg\" alt=\"\" class=\"wp-image-571\" style=\"border-top-left-radius:11px;border-top-right-radius:11px;border-bottom-left-radius:11px;border-bottom-right-radius:11px\" srcset=\"https:\/\/calparro.cat\/wp-content\/uploads\/2025\/12\/capella3.jpg 400w, https:\/\/calparro.cat\/wp-content\/uploads\/2025\/12\/capella3-300x300.jpg 300w, https:\/\/calparro.cat\/wp-content\/uploads\/2025\/12\/capella3-150x150.jpg 150w\" sizes=\"auto, (max-width: 400px) 100vw, 400px\" \/><\/figure>\n<\/div>\n\n\n\n<div class=\"wp-block-column is-vertically-aligned-center is-layout-flow wp-block-column-is-layout-flow\" style=\"flex-basis:76%\">\n<div style=\"height:16px\" aria-hidden=\"true\" class=\"wp-block-spacer\"><\/div>\n\n\n\n<p style=\"text-decoration:underline\"><strong>Capilla de la Virgen del Portal<\/strong><\/p>\n\n\n\n<p><strong>Capilla dedicada a la patrona de la villa, de estilo barroco, con una gran ornamentaci\u00f3n y una c\u00fapula de grandes dimensiones.<\/strong><\/p>\n\n\n\n<p>La Capilla de la Virgen del Portal es de estilo barroco y fue construida en el a\u00f1o 1698. En ella se venera la imagen de la patrona de la villa, la Virgen del Portal, una imagen que antiguamente presid\u00eda el portal que cerraba la calle d\u2019En Perera, situada junto a la capilla.<\/p>\n<\/div>\n<\/div>\n\n\n\n<div style=\"height:47px\" aria-hidden=\"true\" class=\"wp-block-spacer\"><\/div>\n\n\n\n<div class=\"wp-block-columns are-vertically-aligned-center is-layout-flex wp-container-core-columns-is-layout-28f84493 wp-block-columns-is-layout-flex\">\n<div class=\"wp-block-column is-vertically-aligned-center is-layout-flow wp-block-column-is-layout-flow\" style=\"flex-basis:24%\">\n<figure class=\"wp-block-image has-custom-border\"><img loading=\"lazy\" decoding=\"async\" width=\"400\" height=\"400\" src=\"https:\/\/calparro.cat\/wp-content\/uploads\/2025\/12\/major2.jpg\" alt=\"\" class=\"wp-image-577\" style=\"border-top-left-radius:11px;border-top-right-radius:11px;border-bottom-left-radius:11px;border-bottom-right-radius:11px\" srcset=\"https:\/\/calparro.cat\/wp-content\/uploads\/2025\/12\/major2.jpg 400w, https:\/\/calparro.cat\/wp-content\/uploads\/2025\/12\/major2-300x300.jpg 300w, https:\/\/calparro.cat\/wp-content\/uploads\/2025\/12\/major2-150x150.jpg 150w\" sizes=\"auto, (max-width: 400px) 100vw, 400px\" \/><\/figure>\n<\/div>\n\n\n\n<div class=\"wp-block-column is-vertically-aligned-center is-layout-flow wp-block-column-is-layout-flow\" style=\"flex-basis:76%\">\n<div style=\"height:16px\" aria-hidden=\"true\" class=\"wp-block-spacer\"><\/div>\n\n\n\n<p style=\"text-decoration:underline\"><strong>Calle Mayor<\/strong><\/p>\n\n\n\n<p><strong>La calle principal de la Villa Cerrada, que daba acceso a la iglesia y al castillo mediante unas arcadas g\u00f3ticas de la Edad Media.<\/strong><\/p>\n\n\n\n<p>Subir la cuesta de la calle Mayor es comenzar a adentrarse en la antigua Villa Cerrada. Destacan los arcos y soportales g\u00f3ticos de los siglos XIII, XIV y XV, que serv\u00edan de refugio para los peatones en d\u00edas de lluvia y de tienda y taller para los comerciantes artesanos durante las ferias y los d\u00edas de mercado semanal.<\/p>\n<\/div>\n<\/div>\n","protected":false},"excerpt":{"rendered":"<p>Punto de informaci\u00f3n tur\u00edstica Podr\u00e1s ver expuestos todos los vinos de nuestros productores locales en la planta baja del Ayuntamiento de Batea. Abierto todos los d\u00edas del a\u00f1o para ofreceros informaci\u00f3n completa sobre nuestra localidad. Desde detalles administrativos hasta eventos y actividades, nuestro centro de informaci\u00f3n es la fuente central para conocer la vida de &hellip; <\/p>\n<p class=\"link-more\"><a href=\"https:\/\/calparro.cat\/es\/blog\/punts-dinteres\/\" class=\"more-link\">Leer m\u00e1s<span class=\"screen-reader-text\"> \u00abPuntos de inter\u00e9s\u00bb<\/span><\/a><\/p>\n","protected":false},"author":1,"featured_media":989,"parent":13,"menu_order":0,"comment_status":"closed","ping_status":"closed","template":"","meta":{"footnotes":""},"class_list":["post-560","page","type-page","status-publish","has-post-thumbnail","hentry"],"_links":{"self":[{"href":"https:\/\/calparro.cat\/es\/wp-json\/wp\/v2\/pages\/560","targetHints":{"allow":["GET"]}}],"collection":[{"href":"https:\/\/calparro.cat\/es\/wp-json\/wp\/v2\/pages"}],"about":[{"href":"https:\/\/calparro.cat\/es\/wp-json\/wp\/v2\/types\/page"}],"author":[{"embeddable":true,"href":"https:\/\/calparro.cat\/es\/wp-json\/wp\/v2\/users\/1"}],"replies":[{"embeddable":true,"href":"https:\/\/calparro.cat\/es\/wp-json\/wp\/v2\/comments?post=560"}],"version-history":[{"count":17,"href":"https:\/\/calparro.cat\/es\/wp-json\/wp\/v2\/pages\/560\/revisions"}],"predecessor-version":[{"id":1429,"href":"https:\/\/calparro.cat\/es\/wp-json\/wp\/v2\/pages\/560\/revisions\/1429"}],"up":[{"embeddable":true,"href":"https:\/\/calparro.cat\/es\/wp-json\/wp\/v2\/pages\/13"}],"wp:featuredmedia":[{"embeddable":true,"href":"https:\/\/calparro.cat\/es\/wp-json\/wp\/v2\/media\/989"}],"wp:attachment":[{"href":"https:\/\/calparro.cat\/es\/wp-json\/wp\/v2\/media?parent=560"}],"curies":[{"name":"wp","href":"https:\/\/api.w.org\/{rel}","templated":true}]}}