{"id":540,"date":"2025-12-26T12:20:51","date_gmt":"2025-12-26T10:20:51","guid":{"rendered":"https:\/\/calparro.cat\/ca\/?page_id=540"},"modified":"2026-02-22T13:42:45","modified_gmt":"2026-02-22T11:42:45","slug":"historia","status":"publish","type":"page","link":"https:\/\/calparro.cat\/es\/blog\/historia\/","title":{"rendered":"Hist\u00f2ria"},"content":{"rendered":"\n<h3 class=\"wp-block-heading\"><strong>Aproximaci\u00f3n hist\u00f3rica a la villa de Batea<\/strong><\/h3>\n\n\n\n<p>Algunos historiadores han identificado Batea con una importante ciudad de la Ilercavonia (citada por Ptolomeo) conocida como Adeba. Existen dudas sobre esta hip\u00f3tesis, pero es evidente que Batea, al igual que el resto de poblaciones de la comarca de la Terra Alta, tiene un origen protohist\u00f3rico.<\/p>\n\n\n\n<figure class=\"wp-block-image\"><img decoding=\"async\" src=\"https:\/\/turismebatea.com\/assets\/img\/historia\/muralles.jpg\" alt=\"\"\/><\/figure>\n\n\n\n<p>Existen restos de diversos poblados \u00edberos situados dentro del t\u00e9rmino municipal de Batea, as\u00ed como un tramo de 3 km de la antigua v\u00eda romana que comunicaba el puerto de Dertusa (Tortosa) con las ciudades del interior de la provincia Tarraconense, como Ilerda (Lleida) y Caesaraugusta (Zaragoza). El trazado coincide con el antiguo camino de los Massalocans, que une Batea con la Pobla de Massaluca, y constituye el principal vestigio conservado del paso de los romanos por Batea.<\/p>\n\n\n\n<figure class=\"wp-block-image\"><img decoding=\"async\" src=\"https:\/\/turismebatea.com\/assets\/img\/historia\/santpol.jpg\" alt=\"\"\/><\/figure>\n\n\n\n<p>Tras la conquista del territorio a los \u00e1rabes en el a\u00f1o 1153, Batea aparece citada por primera vez en un documento escrito. Se trata de la carta de donaci\u00f3n de Ramon Berenguer IV a los templarios de Miravet. En el a\u00f1o 1181 existen dos concesiones de Alfonso I relativas a Batea y al Algars. Se otorga carta de poblaci\u00f3n a los futuros habitantes bajo el fuero de Zaragoza, pero al mismo tiempo se conceden ambos castillos, bajo el fuero de Barcelona, al caballero Bernat Granell, quien hizo efectiva la concesi\u00f3n. A\u00f1os m\u00e1s tarde, los templarios reclamaron y recuperaron el dominio de Batea y el Algars.<\/p>\n\n\n\n<p>Cuando en 1317 los hospitalarios heredaron los bienes de los templarios, Batea, Pinyeres y el Algars pasaron a formar parte de la Bail\u00eda de Miravet, que posteriormente ser\u00eda conocida como la Castellan\u00eda de Amposta.<\/p>\n\n\n\n<figure class=\"wp-block-image\"><img decoding=\"async\" src=\"https:\/\/turismebatea.com\/assets\/img\/historia\/castellania.jpg\" alt=\"\"\/><\/figure>\n\n\n\n<p>Tras varios siglos marcados por guerras y epidemias, en el siglo XVIII lleg\u00f3 un per\u00edodo de prosperidad econ\u00f3mica y demogr\u00e1fica. Esta se manifest\u00f3 en la construcci\u00f3n de la nueva iglesia parroquial de Sant Miquel, en la expansi\u00f3n agr\u00edcola m\u00e1s all\u00e1 del t\u00e9rmino municipal y en el crecimiento del n\u00facleo urbano.<\/p>\n\n\n\n<p>Durante la Guerra Civil Espa\u00f1ola (1936\u20131939), la villa se situ\u00f3 en la retaguardia del frente del Ebro, albergando numerosos hospitales de campa\u00f1a.<br><img decoding=\"async\" width=\"300\" src=\"https:\/\/turismebatea.com\/assets\/img\/historia\/placa.jpg\"><\/p>\n","protected":false},"excerpt":{"rendered":"<p>Aproximaci\u00f3n hist\u00f3rica a la villa de Batea Algunos historiadores han identificado Batea con una importante ciudad de la Ilercavonia (citada por Ptolomeo) conocida como Adeba. Existen dudas sobre esta hip\u00f3tesis, pero es evidente que Batea, al igual que el resto de poblaciones de la comarca de la Terra Alta, tiene un origen protohist\u00f3rico. Existen restos &hellip; <\/p>\n<p class=\"link-more\"><a href=\"https:\/\/calparro.cat\/es\/blog\/historia\/\" class=\"more-link\">Leer m\u00e1s<span class=\"screen-reader-text\"> \u00abHist\u00f2ria\u00bb<\/span><\/a><\/p>\n","protected":false},"author":1,"featured_media":988,"parent":13,"menu_order":0,"comment_status":"closed","ping_status":"closed","template":"","meta":{"footnotes":""},"class_list":["post-540","page","type-page","status-publish","has-post-thumbnail","hentry"],"_links":{"self":[{"href":"https:\/\/calparro.cat\/es\/wp-json\/wp\/v2\/pages\/540","targetHints":{"allow":["GET"]}}],"collection":[{"href":"https:\/\/calparro.cat\/es\/wp-json\/wp\/v2\/pages"}],"about":[{"href":"https:\/\/calparro.cat\/es\/wp-json\/wp\/v2\/types\/page"}],"author":[{"embeddable":true,"href":"https:\/\/calparro.cat\/es\/wp-json\/wp\/v2\/users\/1"}],"replies":[{"embeddable":true,"href":"https:\/\/calparro.cat\/es\/wp-json\/wp\/v2\/comments?post=540"}],"version-history":[{"count":9,"href":"https:\/\/calparro.cat\/es\/wp-json\/wp\/v2\/pages\/540\/revisions"}],"predecessor-version":[{"id":1425,"href":"https:\/\/calparro.cat\/es\/wp-json\/wp\/v2\/pages\/540\/revisions\/1425"}],"up":[{"embeddable":true,"href":"https:\/\/calparro.cat\/es\/wp-json\/wp\/v2\/pages\/13"}],"wp:featuredmedia":[{"embeddable":true,"href":"https:\/\/calparro.cat\/es\/wp-json\/wp\/v2\/media\/988"}],"wp:attachment":[{"href":"https:\/\/calparro.cat\/es\/wp-json\/wp\/v2\/media?parent=540"}],"curies":[{"name":"wp","href":"https:\/\/api.w.org\/{rel}","templated":true}]}}