{"id":13,"date":"2025-06-21T19:58:30","date_gmt":"2025-06-21T17:58:30","guid":{"rendered":"https:\/\/xavieradriafrigola.com\/?page_id=13"},"modified":"2026-02-22T13:39:21","modified_gmt":"2026-02-22T11:39:21","slug":"blog","status":"publish","type":"page","link":"https:\/\/calparro.cat\/es\/blog\/","title":{"rendered":"El Pueblo"},"content":{"rendered":"\n<div class=\"wp-block-group has-global-padding is-layout-constrained wp-block-group-is-layout-constrained\">\n<h2 class=\"wp-block-heading\">Batea<\/h2>\n\n\n\n<div class=\"wp-block-columns are-vertically-aligned-center is-layout-flex wp-container-core-columns-is-layout-28f84493 wp-block-columns-is-layout-flex\">\n<div class=\"wp-block-column is-vertically-aligned-center is-layout-flow wp-block-column-is-layout-flow\" style=\"flex-basis:100%\">\n<p><strong>Batea<\/strong> es un municipio de la comarca de la <strong>Terra Alta<\/strong>, en la provincia de <strong>Tarragona<\/strong>, que destaca por su patrimonio hist\u00f3rico, su entorno natural y una econom\u00eda fuertemente vinculada a la agricultura y al vino.<\/p>\n\n\n\n<p>Con una identidad arraigada y una clara vocaci\u00f3n de futuro, Batea combina tradici\u00f3n, calidad de vida y desarrollo sostenible.<\/p>\n<\/div>\n\n\n\n<div class=\"wp-block-column is-vertically-aligned-center is-layout-flow wp-block-column-is-layout-flow\" style=\"flex-basis:100%\">\n<figure class=\"wp-block-image size-full has-custom-border is-style-rounded\"><img loading=\"lazy\" decoding=\"async\" width=\"1000\" height=\"667\" src=\"https:\/\/calparro.cat\/wp-content\/uploads\/2025\/12\/image-5.png\" alt=\"\" class=\"wp-image-558\" style=\"border-top-left-radius:11px;border-top-right-radius:11px;border-bottom-left-radius:11px;border-bottom-right-radius:11px;aspect-ratio:4\/3;object-fit:cover\" srcset=\"https:\/\/calparro.cat\/wp-content\/uploads\/2025\/12\/image-5.png 1000w, https:\/\/calparro.cat\/wp-content\/uploads\/2025\/12\/image-5-300x200.png 300w\" sizes=\"auto, (max-width: 1000px) 100vw, 1000px\" \/><\/figure>\n<\/div>\n<\/div>\n\n\n\n<div style=\"height:47px\" aria-hidden=\"true\" class=\"wp-block-spacer\"><\/div>\n<\/div>\n\n\n\n<div class=\"wp-block-group has-global-padding is-layout-constrained wp-block-group-is-layout-constrained\">\n<h2 class=\"wp-block-heading\">Historia<\/h2>\n\n\n\n<div class=\"wp-block-columns are-vertically-aligned-center is-style-rounded is-layout-flex wp-container-core-columns-is-layout-28f84493 wp-block-columns-is-layout-flex\">\n<div class=\"wp-block-column is-vertically-aligned-center is-layout-flow wp-block-column-is-layout-flow\" style=\"flex-basis:50%\">\n<figure class=\"wp-block-image has-custom-border is-style-rounded\"><img loading=\"lazy\" decoding=\"async\" width=\"800\" height=\"800\" src=\"https:\/\/calparro.cat\/wp-content\/uploads\/2025\/12\/image-1.png\" alt=\"\" class=\"wp-image-547\" style=\"border-top-left-radius:11px;border-top-right-radius:11px;border-bottom-left-radius:11px;border-bottom-right-radius:11px;aspect-ratio:4\/3;object-fit:cover\" srcset=\"https:\/\/calparro.cat\/wp-content\/uploads\/2025\/12\/image-1.png 800w, https:\/\/calparro.cat\/wp-content\/uploads\/2025\/12\/image-1-300x300.png 300w, https:\/\/calparro.cat\/wp-content\/uploads\/2025\/12\/image-1-150x150.png 150w\" sizes=\"auto, (max-width: 800px) 100vw, 800px\" \/><\/figure>\n<\/div>\n\n\n\n<div class=\"wp-block-column is-vertically-aligned-center is-layout-flow wp-block-column-is-layout-flow\" style=\"flex-basis:50%\">\n<p>El casco antiguo de Batea conserva la estructura propia de los pueblos hist\u00f3ricos de la Terra Alta. Sus calles y plazas son testimonio de un pasado estrechamente ligado a la agricultura, a las \u00f3rdenes militares y a la vida rural tradicional.<\/p>\n\n\n\n<p>El patrimonio arquitect\u00f3nico y urban\u00edstico refleja siglos de historia y la evoluci\u00f3n del municipio a lo largo del tiempo.<\/p>\n<\/div>\n<\/div>\n\n\n\n<div style=\"height:47px\" aria-hidden=\"true\" class=\"wp-block-spacer\"><\/div>\n<\/div>\n\n\n\n<div class=\"wp-block-group has-global-padding is-layout-constrained wp-block-group-is-layout-constrained\">\n<h2 class=\"wp-block-heading\">Puntos de inter\u00e9s<\/h2>\n\n\n\n<div class=\"wp-block-columns is-style-rounded is-layout-flex wp-container-core-columns-is-layout-28f84493 wp-block-columns-is-layout-flex\">\n<div class=\"wp-block-column is-vertically-aligned-center is-layout-flow wp-block-column-is-layout-flow\" style=\"flex-basis:50%\">\n<p>Situado en un entorno privilegiado de vi\u00f1edos y olivares, Batea ofrece un paisaje ideal tanto para vivir como para visitar.<\/p>\n\n\n\n<p>Los espacios naturales del t\u00e9rmino municipal, junto con los elementos patrimoniales del pueblo, invitan a pasear, descubrir y disfrutar de un entorno tranquilo y aut\u00e9ntico.<\/p>\n<\/div>\n\n\n\n<div class=\"wp-block-column is-layout-flow wp-block-column-is-layout-flow\" style=\"flex-basis:50%\">\n<figure class=\"wp-block-image has-custom-border is-style-rounded\"><img loading=\"lazy\" decoding=\"async\" width=\"400\" height=\"400\" src=\"https:\/\/calparro.cat\/wp-content\/uploads\/2025\/12\/image-3.png\" alt=\"\" class=\"wp-image-550\" style=\"border-top-left-radius:11px;border-top-right-radius:11px;border-bottom-left-radius:11px;border-bottom-right-radius:11px\" srcset=\"https:\/\/calparro.cat\/wp-content\/uploads\/2025\/12\/image-3.png 400w, https:\/\/calparro.cat\/wp-content\/uploads\/2025\/12\/image-3-300x300.png 300w, https:\/\/calparro.cat\/wp-content\/uploads\/2025\/12\/image-3-150x150.png 150w\" sizes=\"auto, (max-width: 400px) 100vw, 400px\" \/><\/figure>\n<\/div>\n<\/div>\n\n\n\n<div style=\"height:47px\" aria-hidden=\"true\" class=\"wp-block-spacer\"><\/div>\n\n\n\n<div class=\"wp-block-group has-global-padding is-layout-constrained wp-block-group-is-layout-constrained\">\n<h2 class=\"wp-block-heading\">Enoturismo<\/h2>\n\n\n\n<div class=\"wp-block-columns are-vertically-aligned-center is-style-rounded is-layout-flex wp-container-core-columns-is-layout-28f84493 wp-block-columns-is-layout-flex\">\n<div class=\"wp-block-column is-vertically-aligned-center is-layout-flow wp-block-column-is-layout-flow\" style=\"flex-basis:50%\">\n<figure class=\"wp-block-image size-large has-custom-border is-style-rounded\"><img loading=\"lazy\" decoding=\"async\" width=\"1024\" height=\"769\" src=\"https:\/\/calparro.cat\/wp-content\/uploads\/2025\/12\/terra-alta-07-1024x769.jpg\" alt=\"\" class=\"wp-image-732\" style=\"border-top-left-radius:11px;border-top-right-radius:11px;border-bottom-left-radius:11px;border-bottom-right-radius:11px;aspect-ratio:4\/3;object-fit:cover\" srcset=\"https:\/\/calparro.cat\/wp-content\/uploads\/2025\/12\/terra-alta-07-1024x769.jpg 1024w, https:\/\/calparro.cat\/wp-content\/uploads\/2025\/12\/terra-alta-07-300x225.jpg 300w, https:\/\/calparro.cat\/wp-content\/uploads\/2025\/12\/terra-alta-07.jpg 1200w\" sizes=\"auto, (max-width: 1024px) 100vw, 1024px\" \/><\/figure>\n<\/div>\n\n\n\n<div class=\"wp-block-column is-vertically-aligned-center is-layout-flow wp-block-column-is-layout-flow\" style=\"flex-basis:50%\">\n<p>Batea forma parte de la Denominaci\u00f3n de Origen Terra Alta, reconocida especialmente por los vinos elaborados con garnacha blanca.<\/p>\n\n\n\n<p>El enoturismo se ha consolidado como una experiencia clave para conocer el territorio, con visitas a bodegas, catas de vino y actividades vinculadas a la cultura vitivin\u00edcola y al paisaje.<\/p>\n<\/div>\n<\/div>\n\n\n\n<div style=\"height:47px\" aria-hidden=\"true\" class=\"wp-block-spacer\"><\/div>\n\n\n\n<div class=\"wp-block-group has-global-padding is-layout-constrained wp-block-group-is-layout-constrained\">\n<div class=\"wp-block-group has-global-padding is-layout-constrained wp-block-group-is-layout-constrained\">\n<h2 class=\"wp-block-heading\">Productores locales<\/h2>\n\n\n\n<div class=\"wp-block-columns are-vertically-aligned-center is-style-rounded is-layout-flex wp-container-core-columns-is-layout-28f84493 wp-block-columns-is-layout-flex\">\n<div class=\"wp-block-column is-vertically-aligned-center is-layout-flow wp-block-column-is-layout-flow\" style=\"flex-basis:50%\">\n<p>La agricultura es uno de los pilares fundamentales de la econom\u00eda de Batea. Adem\u00e1s del vino, destacan otros productos de calidad vinculados a la tierra, como el aceite de oliva y los productos agroalimentarios de proximidad.<\/p>\n\n\n\n<p>Los productores locales combinan tradici\u00f3n e innovaci\u00f3n, contribuyendo al desarrollo econ\u00f3mico y a la preservaci\u00f3n del territorio.<\/p>\n<\/div>\n\n\n\n<div class=\"wp-block-column is-vertically-aligned-center is-layout-flow wp-block-column-is-layout-flow\" style=\"flex-basis:50%\">\n<figure class=\"wp-block-image size-full has-custom-border is-style-rounded\"><img loading=\"lazy\" decoding=\"async\" width=\"1024\" height=\"1024\" src=\"https:\/\/calparro.cat\/wp-content\/uploads\/2025\/12\/altavins.webp\" alt=\"\" class=\"wp-image-739\" style=\"border-top-left-radius:11px;border-top-right-radius:11px;border-bottom-left-radius:11px;border-bottom-right-radius:11px;aspect-ratio:4\/3;object-fit:cover\" srcset=\"https:\/\/calparro.cat\/wp-content\/uploads\/2025\/12\/altavins.webp 1024w, https:\/\/calparro.cat\/wp-content\/uploads\/2025\/12\/altavins-300x300.webp 300w, https:\/\/calparro.cat\/wp-content\/uploads\/2025\/12\/altavins-150x150.webp 150w\" sizes=\"auto, (max-width: 1024px) 100vw, 1024px\" \/><\/figure>\n<\/div>\n<\/div>\n\n\n\n<div style=\"height:47px\" aria-hidden=\"true\" class=\"wp-block-spacer\"><\/div>\n<\/div>\n<\/div>\n<\/div>\n<\/div>\n\n\n\n<div class=\"wp-block-group has-global-padding is-layout-constrained wp-block-group-is-layout-constrained\">\n<div class=\"wp-block-group has-global-padding is-layout-constrained wp-block-group-is-layout-constrained\">\n<h2 class=\"wp-block-heading\">Hostaleria<\/h2>\n\n\n\n<div class=\"wp-block-columns are-vertically-aligned-center is-style-rounded is-layout-flex wp-container-core-columns-is-layout-28f84493 wp-block-columns-is-layout-flex\">\n<div class=\"wp-block-column is-vertically-aligned-center is-layout-flow wp-block-column-is-layout-flow\" style=\"flex-basis:50%\">\n<figure class=\"wp-block-image size-full is-resized has-custom-border is-style-rounded\"><img loading=\"lazy\" decoding=\"async\" width=\"400\" height=\"400\" src=\"https:\/\/calparro.cat\/wp-content\/uploads\/2025\/12\/miravall1.jpg\" alt=\"\" class=\"wp-image-741\" style=\"border-top-left-radius:11px;border-top-right-radius:11px;border-bottom-left-radius:11px;border-bottom-right-radius:11px;aspect-ratio:4\/3;object-fit:cover;width:583px;height:auto\" srcset=\"https:\/\/calparro.cat\/wp-content\/uploads\/2025\/12\/miravall1.jpg 400w, https:\/\/calparro.cat\/wp-content\/uploads\/2025\/12\/miravall1-300x300.jpg 300w, https:\/\/calparro.cat\/wp-content\/uploads\/2025\/12\/miravall1-150x150.jpg 150w\" sizes=\"auto, (max-width: 400px) 100vw, 400px\" \/><\/figure>\n<\/div>\n\n\n\n<div class=\"wp-block-column is-vertically-aligned-center is-layout-flow wp-block-column-is-layout-flow\" style=\"flex-basis:50%\">\n<p>Batea dispone de una oferta de hosteler\u00eda y restauraci\u00f3n que permite al visitante descubrir la gastronom\u00eda local y disfrutar de una estancia acogedora. <\/p>\n\n\n\n<p>Los establecimientos del municipio apuestan por los productos de proximidad y por una atenci\u00f3n cercana, reforzando la experiencia tur\u00edstica y el car\u00e1cter hospitalario del pueblo.<\/p>\n<\/div>\n<\/div>\n<\/div>\n<\/div>\n","protected":false},"excerpt":{"rendered":"<p>Batea Batea es un municipio de la comarca de la Terra Alta, en la provincia de Tarragona, que destaca por su patrimonio hist\u00f3rico, su entorno natural y una econom\u00eda fuertemente vinculada a la agricultura y al vino. Con una identidad arraigada y una clara vocaci\u00f3n de futuro, Batea combina tradici\u00f3n, calidad de vida y desarrollo &hellip; <\/p>\n<p class=\"link-more\"><a href=\"https:\/\/calparro.cat\/es\/blog\/\" class=\"more-link\">Leer m\u00e1s<span class=\"screen-reader-text\"> \u00abEl Pueblo\u00bb<\/span><\/a><\/p>\n","protected":false},"author":1,"featured_media":341,"parent":0,"menu_order":0,"comment_status":"closed","ping_status":"closed","template":"","meta":{"footnotes":""},"class_list":["post-13","page","type-page","status-publish","has-post-thumbnail","hentry"],"_links":{"self":[{"href":"https:\/\/calparro.cat\/es\/wp-json\/wp\/v2\/pages\/13","targetHints":{"allow":["GET"]}}],"collection":[{"href":"https:\/\/calparro.cat\/es\/wp-json\/wp\/v2\/pages"}],"about":[{"href":"https:\/\/calparro.cat\/es\/wp-json\/wp\/v2\/types\/page"}],"author":[{"embeddable":true,"href":"https:\/\/calparro.cat\/es\/wp-json\/wp\/v2\/users\/1"}],"replies":[{"embeddable":true,"href":"https:\/\/calparro.cat\/es\/wp-json\/wp\/v2\/comments?post=13"}],"version-history":[{"count":46,"href":"https:\/\/calparro.cat\/es\/wp-json\/wp\/v2\/pages\/13\/revisions"}],"predecessor-version":[{"id":1420,"href":"https:\/\/calparro.cat\/es\/wp-json\/wp\/v2\/pages\/13\/revisions\/1420"}],"wp:featuredmedia":[{"embeddable":true,"href":"https:\/\/calparro.cat\/es\/wp-json\/wp\/v2\/media\/341"}],"wp:attachment":[{"href":"https:\/\/calparro.cat\/es\/wp-json\/wp\/v2\/media?parent=13"}],"curies":[{"name":"wp","href":"https:\/\/api.w.org\/{rel}","templated":true}]}}