{"id":110,"date":"2025-08-17T20:01:15","date_gmt":"2025-08-17T18:01:15","guid":{"rendered":"https:\/\/xavieradriafrigola.com\/?page_id=110"},"modified":"2026-02-24T22:59:56","modified_gmt":"2026-02-24T20:59:56","slug":"portada","status":"publish","type":"page","link":"https:\/\/calparro.cat\/es\/","title":{"rendered":"Cal Parro"},"content":{"rendered":"\n<div class=\"wp-block-group is-style-default has-light-background-background-color has-background has-global-padding is-layout-constrained wp-container-core-group-is-layout-02ab25f7 wp-block-group-is-layout-constrained\" style=\"padding-top:60px;padding-bottom:60px;padding-left:0\">\n<div class=\"wp-block-group has-global-padding is-layout-constrained wp-block-group-is-layout-constrained\">\n<div class=\"wp-block-columns are-vertically-aligned-center is-layout-flex wp-container-core-columns-is-layout-d7d455e7 wp-block-columns-is-layout-flex\" style=\"padding-top:0;padding-right:0;padding-bottom:0;padding-left:0\">\n<div class=\"wp-block-column is-vertically-aligned-center is-layout-flow wp-block-column-is-layout-flow\">\n<div class=\"wp-block-columns are-vertically-aligned-center is-layout-flex wp-container-core-columns-is-layout-28f84493 wp-block-columns-is-layout-flex\">\n<div class=\"wp-block-column is-vertically-aligned-center is-layout-flow wp-block-column-is-layout-flow\">\n<figure class=\"wp-block-image size-full has-custom-border is-style-rounded\"><img loading=\"lazy\" decoding=\"async\" width=\"471\" height=\"768\" src=\"https:\/\/calparro.cat\/wp-content\/uploads\/2025\/08\/calparro2.jpg\" alt=\"\" class=\"wp-image-114\" style=\"border-top-left-radius:11px;border-top-right-radius:11px;border-bottom-left-radius:11px;border-bottom-right-radius:11px\" srcset=\"https:\/\/calparro.cat\/wp-content\/uploads\/2025\/08\/calparro2.jpg 471w, https:\/\/calparro.cat\/wp-content\/uploads\/2025\/08\/calparro2-184x300.jpg 184w\" sizes=\"auto, (max-width: 471px) 100vw, 471px\" \/><\/figure>\n<\/div>\n\n\n\n<div class=\"wp-block-column is-vertically-aligned-center is-layout-flow wp-block-column-is-layout-flow\">\n<h2 class=\"wp-block-heading has-text-align-left\">Bienvenidos a Cal Parro<\/h2>\n\n\n\n<p>Nuestra casa rural est\u00e1 situada en un entorno encantador donde la tranquilidad, la naturaleza y la tradici\u00f3n se unen para ofrecerte una estancia inolvidable.<\/p>\n\n\n\n<details class=\"wp-block-details is-layout-flow wp-block-details-is-layout-flow\"><summary><strong>Ver m\u00e1s<\/strong><\/summary>\n<p>En <strong>Cal Parro<\/strong> abrimos las puertas de una casa de piedra con historia, restaurada con cuidado para preservar la esencia del pasado y, al mismo tiempo, ofrecer todas las comodidades actuales.<\/p>\n\n\n\n<p>Situada en el casco antiguo medieval de <strong>Batea<\/strong>, en la comarca de la <strong>Terra Alta<\/strong>, es el punto de partida ideal para descubrir la naturaleza, las rutas de senderismo, los productos locales y la cultura de la zona.<\/p>\n\n\n\n<p>Somos una familia arraigada al territorio y nos hace especial ilusi\u00f3n compartir con vosotros lo que m\u00e1s queremos: la hospitalidad y un entorno donde el tiempo parece detenerse.<\/p>\n\n\n\n<p>Tanto si ven\u00eds en pareja, con amigos o en familia, encontrar\u00e9is un espacio acogedor para descansar, desconectar y reconectar con lo esencial.<\/p>\n\n\n\n<p>En <strong>Cal Parro<\/strong> no solo ofrecemos alojamiento, sino una aut\u00e9ntica experiencia de vida rural.<\/p>\n<\/details>\n<\/div>\n<\/div>\n<\/div>\n<\/div>\n<\/div>\n<\/div>\n\n\n\n<div class=\"wp-block-group has-global-padding is-layout-constrained wp-block-group-is-layout-constrained\">\n<div class=\"wp-block-columns is-layout-flex wp-container-core-columns-is-layout-28f84493 wp-block-columns-is-layout-flex\">\n<div class=\"wp-block-column is-layout-flow wp-block-column-is-layout-flow\" style=\"flex-basis:100%\">\n<div class=\"wp-block-group is-layout-flow wp-block-group-is-layout-flow\">\n<h1 class=\"wp-block-heading has-text-align-center has-max-60-font-size\"><strong>\u00bfQu\u00e9 os ofrecemos?<\/strong><\/h1>\n\n\n\n<div style=\"height:14px\" aria-hidden=\"true\" class=\"wp-block-spacer\"><\/div>\n\n\n\n<div id=\"team\" class=\"wp-block-group has-global-padding is-layout-constrained wp-block-group-is-layout-constrained\">\n<div class=\"wp-block-group is-layout-flow wp-block-group-is-layout-flow\">\n<h2 class=\"wp-block-heading ocultar-text has-x-large-font-size\" style=\"border-style:none;border-width:0px;font-style:normal;font-weight:800\">La Casa<\/h2>\n\n\n\n<div class=\"wp-block-group has-global-padding is-layout-constrained wp-block-group-is-layout-constrained\">\n<details class=\"wp-block-details has-large-font-size is-layout-flow wp-block-details-is-layout-flow\"><summary><strong>Detalles<\/strong><\/summary>\n<p class=\"has-medium-font-size\"><strong>\ud83c\udff0 Alojamientos en el coraz\u00f3n del centro hist\u00f3rico medieval de Batea (Terra Alta).<\/strong><\/p>\n\n\n\n<p class=\"has-medium-font-size\">\ud83d\udecf\ufe0f Reformados pensando en la comodidad de los hu\u00e9spedes \u2728<br>\ud83d\udcdc Conservando la esencia de las viviendas originales de este edificio del siglo XVII.<\/p>\n<\/details>\n<\/div>\n\n\n\n<details class=\"wp-block-details has-large-font-size is-layout-flow wp-block-details-is-layout-flow\"><summary><strong>Apartamento 1<\/strong><\/summary>\n<p class=\"has-medium-font-size\"><strong>\ud83c\udf1e Apartamento con amplia terraza (incluye piscina privada de verano \ud83c\udfca\u200d\u2642\ufe0f)<\/strong><\/p>\n\n\n\n<p class=\"has-medium-font-size\">\ud83d\udecf\ufe0f 1 habitaci\u00f3n doble con vestidor<br>\ud83c\udf73 Cocina equipada<br>\ud83c\udf7d\ufe0f Comedor con zona de estar \ud83d\udecb\ufe0f<br>\ud83d\udebf Ba\u00f1o completo con plato de ducha<\/p>\n<\/details>\n\n\n\n<div class=\"wp-block-columns is-layout-flex wp-container-core-columns-is-layout-28f84493 wp-block-columns-is-layout-flex\">\n<div class=\"wp-block-column is-style-default is-layout-flow wp-block-column-is-layout-flow\" style=\"border-style:none;border-width:0px;padding-top:0;padding-right:0;padding-bottom:0;padding-left:0\">\n<figure class=\"wp-block-image size-full has-custom-border is-style-default\"><img loading=\"lazy\" decoding=\"async\" width=\"2560\" height=\"1560\" src=\"https:\/\/calparro.cat\/wp-content\/uploads\/2025\/11\/1708265231646-scaled.jpg\" alt=\"\" class=\"wp-image-374\" style=\"border-radius:11px;aspect-ratio:4\/3;object-fit:cover\" srcset=\"https:\/\/calparro.cat\/wp-content\/uploads\/2025\/11\/1708265231646-scaled.jpg 2560w, https:\/\/calparro.cat\/wp-content\/uploads\/2025\/11\/1708265231646-300x183.jpg 300w, https:\/\/calparro.cat\/wp-content\/uploads\/2025\/11\/1708265231646-1024x624.jpg 1024w, https:\/\/calparro.cat\/wp-content\/uploads\/2025\/11\/1708265231646-2000x1219.jpg 2000w\" sizes=\"auto, (max-width: 2560px) 100vw, 2560px\" \/><\/figure>\n\n\n\n<h3 class=\"wp-block-heading has-small-font-size\">Sala de estar<\/h3>\n<\/div>\n\n\n\n<div class=\"wp-block-column is-style-default is-layout-flow wp-block-column-is-layout-flow\" style=\"border-style:none;border-width:0px;padding-top:0;padding-right:0;padding-bottom:0;padding-left:0\">\n<figure class=\"wp-block-image size-full has-custom-border\"><img loading=\"lazy\" decoding=\"async\" width=\"2560\" height=\"1920\" src=\"https:\/\/calparro.cat\/wp-content\/uploads\/2025\/11\/IMG_5613-scaled.jpg\" alt=\"\" class=\"wp-image-387\" style=\"border-radius:11px;aspect-ratio:4\/3;object-fit:cover\" srcset=\"https:\/\/calparro.cat\/wp-content\/uploads\/2025\/11\/IMG_5613-scaled.jpg 2560w, https:\/\/calparro.cat\/wp-content\/uploads\/2025\/11\/IMG_5613-300x225.jpg 300w, https:\/\/calparro.cat\/wp-content\/uploads\/2025\/11\/IMG_5613-1024x768.jpg 1024w, https:\/\/calparro.cat\/wp-content\/uploads\/2025\/11\/IMG_5613-2000x1500.jpg 2000w\" sizes=\"auto, (max-width: 2560px) 100vw, 2560px\" \/><\/figure>\n\n\n\n<h3 class=\"wp-block-heading has-small-font-size\">Habitaci\u00f3n doble<\/h3>\n<\/div>\n<\/div>\n\n\n\n<div class=\"wp-block-columns is-layout-flex wp-container-core-columns-is-layout-28f84493 wp-block-columns-is-layout-flex\">\n<div class=\"wp-block-column is-style-default is-layout-flow wp-block-column-is-layout-flow\" style=\"border-style:none;border-width:0px;padding-top:0;padding-right:0;padding-bottom:0;padding-left:0\">\n<figure class=\"wp-block-image size-full has-custom-border is-style-default\"><img loading=\"lazy\" decoding=\"async\" width=\"2560\" height=\"1920\" src=\"https:\/\/calparro.cat\/wp-content\/uploads\/2025\/11\/image3-scaled.jpeg\" alt=\"\" class=\"wp-image-384\" style=\"border-radius:11px;aspect-ratio:4\/3;object-fit:cover\" srcset=\"https:\/\/calparro.cat\/wp-content\/uploads\/2025\/11\/image3-scaled.jpeg 2560w, https:\/\/calparro.cat\/wp-content\/uploads\/2025\/11\/image3-300x225.jpeg 300w, https:\/\/calparro.cat\/wp-content\/uploads\/2025\/11\/image3-1024x768.jpeg 1024w, https:\/\/calparro.cat\/wp-content\/uploads\/2025\/11\/image3-2000x1500.jpeg 2000w\" sizes=\"auto, (max-width: 2560px) 100vw, 2560px\" \/><\/figure>\n\n\n\n<h3 class=\"wp-block-heading has-small-font-size\">Ba\u00f1o<\/h3>\n<\/div>\n\n\n\n<div class=\"wp-block-column is-style-default is-layout-flow wp-block-column-is-layout-flow\" style=\"border-style:none;border-width:0px;padding-top:0;padding-right:0;padding-bottom:0;padding-left:0\">\n<figure class=\"wp-block-image size-full has-custom-border\"><img loading=\"lazy\" decoding=\"async\" width=\"1920\" height=\"1489\" src=\"https:\/\/calparro.cat\/wp-content\/uploads\/2025\/11\/piscina.jpg\" alt=\"\" class=\"wp-image-376\" style=\"border-radius:11px;aspect-ratio:4\/3;object-fit:cover\" srcset=\"https:\/\/calparro.cat\/wp-content\/uploads\/2025\/11\/piscina.jpg 1920w, https:\/\/calparro.cat\/wp-content\/uploads\/2025\/11\/piscina-300x233.jpg 300w, https:\/\/calparro.cat\/wp-content\/uploads\/2025\/11\/piscina-1024x794.jpg 1024w\" sizes=\"auto, (max-width: 1920px) 100vw, 1920px\" \/><\/figure>\n\n\n\n<h3 class=\"wp-block-heading has-small-font-size\">Terraza con piscina<\/h3>\n<\/div>\n<\/div>\n<\/div>\n<\/div>\n\n\n\n<div id=\"team\" class=\"wp-block-group has-global-padding is-layout-constrained wp-block-group-is-layout-constrained\">\n<div class=\"wp-block-group is-layout-flow wp-block-group-is-layout-flow\">\n<h3 class=\"wp-block-heading\"><a href=\"https:\/\/calparro.cat\/ca\/apartament-1\/\" data-type=\"link\" data-id=\"https:\/\/calparro.cat\/ca\/apartament-1\/\" target=\"_blank\" rel=\"noreferrer noopener\">Ver m\u00e1s<\/a><\/h3>\n\n\n\n<details class=\"wp-block-details has-large-font-size is-layout-flow wp-block-details-is-layout-flow\"><summary><strong>Apartamento 2<\/strong><\/summary>\n<p class=\"has-medium-font-size\"><strong>\ud83c\udf3f Apartamento de estilo r\u00fastico<\/strong><\/p>\n\n\n\n<p class=\"has-medium-font-size\">\ud83c\udf73 Cocina abierta<br>\ud83c\udf7d\ufe0f Comedor y sala de estar \ud83d\udecb\ufe0f<br>\ud83d\udecf\ufe0f 1 habitaci\u00f3n doble<br>\ud83d\udebf Ba\u00f1o completo con plato de ducha<br>\ud83c\udf04 2 balcones exteriores con vistas al pueblo y a las monta\u00f1as<\/p>\n<\/details>\n\n\n\n<div style=\"height:0px\" aria-hidden=\"true\" class=\"wp-block-spacer\"><\/div>\n\n\n\n<div class=\"wp-block-columns is-layout-flex wp-container-core-columns-is-layout-28f84493 wp-block-columns-is-layout-flex\">\n<div class=\"wp-block-column is-style-default is-layout-flow wp-block-column-is-layout-flow\" style=\"border-style:none;border-width:0px;padding-top:0;padding-right:0;padding-bottom:0;padding-left:0\">\n<figure class=\"wp-block-image size-full has-custom-border is-style-default\"><img loading=\"lazy\" decoding=\"async\" width=\"2560\" height=\"1660\" src=\"https:\/\/calparro.cat\/wp-content\/uploads\/2025\/11\/1678042490674-scaled.jpg\" alt=\"\" class=\"wp-image-379\" style=\"border-radius:11px;aspect-ratio:4\/3;object-fit:cover\" srcset=\"https:\/\/calparro.cat\/wp-content\/uploads\/2025\/11\/1678042490674-scaled.jpg 2560w, https:\/\/calparro.cat\/wp-content\/uploads\/2025\/11\/1678042490674-300x195.jpg 300w, https:\/\/calparro.cat\/wp-content\/uploads\/2025\/11\/1678042490674-1024x664.jpg 1024w, https:\/\/calparro.cat\/wp-content\/uploads\/2025\/11\/1678042490674-2000x1297.jpg 2000w\" sizes=\"auto, (max-width: 2560px) 100vw, 2560px\" \/><\/figure>\n\n\n\n<h3 class=\"wp-block-heading has-small-font-size\">Sala de estar<\/h3>\n<\/div>\n\n\n\n<div class=\"wp-block-column is-style-default is-layout-flow wp-block-column-is-layout-flow\" style=\"border-style:none;border-width:0px;padding-top:0;padding-right:0;padding-bottom:0;padding-left:0\">\n<figure class=\"wp-block-image size-full has-custom-border\"><img loading=\"lazy\" decoding=\"async\" width=\"2560\" height=\"1440\" src=\"https:\/\/calparro.cat\/wp-content\/uploads\/2025\/11\/1678042490662-scaled.jpg\" alt=\"\" class=\"wp-image-382\" style=\"border-radius:11px;aspect-ratio:4\/3;object-fit:cover\" srcset=\"https:\/\/calparro.cat\/wp-content\/uploads\/2025\/11\/1678042490662-scaled.jpg 2560w, https:\/\/calparro.cat\/wp-content\/uploads\/2025\/11\/1678042490662-300x169.jpg 300w, https:\/\/calparro.cat\/wp-content\/uploads\/2025\/11\/1678042490662-1024x576.jpg 1024w, https:\/\/calparro.cat\/wp-content\/uploads\/2025\/11\/1678042490662-2000x1125.jpg 2000w\" sizes=\"auto, (max-width: 2560px) 100vw, 2560px\" \/><\/figure>\n\n\n\n<h3 class=\"wp-block-heading has-small-font-size\">Habitaci\u00f3n doble<\/h3>\n<\/div>\n<\/div>\n\n\n\n<div class=\"wp-block-columns is-layout-flex wp-container-core-columns-is-layout-28f84493 wp-block-columns-is-layout-flex\">\n<div class=\"wp-block-column is-style-default is-layout-flow wp-block-column-is-layout-flow\" style=\"border-style:none;border-width:0px;padding-top:0;padding-right:0;padding-bottom:0;padding-left:0\">\n<figure class=\"wp-block-image size-full has-custom-border is-style-default\"><img loading=\"lazy\" decoding=\"async\" width=\"2560\" height=\"1663\" src=\"https:\/\/calparro.cat\/wp-content\/uploads\/2025\/11\/1678042490640-scaled.jpg\" alt=\"\" class=\"wp-image-377\" style=\"border-radius:11px;aspect-ratio:4\/3;object-fit:cover\" srcset=\"https:\/\/calparro.cat\/wp-content\/uploads\/2025\/11\/1678042490640-scaled.jpg 2560w, https:\/\/calparro.cat\/wp-content\/uploads\/2025\/11\/1678042490640-300x195.jpg 300w, https:\/\/calparro.cat\/wp-content\/uploads\/2025\/11\/1678042490640-1024x665.jpg 1024w, https:\/\/calparro.cat\/wp-content\/uploads\/2025\/11\/1678042490640-2000x1299.jpg 2000w\" sizes=\"auto, (max-width: 2560px) 100vw, 2560px\" \/><\/figure>\n\n\n\n<h3 class=\"wp-block-heading has-small-font-size\">Ba\u00f1o<\/h3>\n<\/div>\n\n\n\n<div class=\"wp-block-column is-style-default is-layout-flow wp-block-column-is-layout-flow\" style=\"border-style:none;border-width:0px;padding-top:0;padding-right:0;padding-bottom:0;padding-left:0\">\n<figure class=\"wp-block-image size-full has-custom-border\"><img loading=\"lazy\" decoding=\"async\" width=\"2560\" height=\"1576\" src=\"https:\/\/calparro.cat\/wp-content\/uploads\/2025\/11\/1691928415383-scaled.jpg\" alt=\"\" class=\"wp-image-381\" style=\"border-radius:11px;aspect-ratio:4\/3;object-fit:cover\" srcset=\"https:\/\/calparro.cat\/wp-content\/uploads\/2025\/11\/1691928415383-scaled.jpg 2560w, https:\/\/calparro.cat\/wp-content\/uploads\/2025\/11\/1691928415383-300x185.jpg 300w, https:\/\/calparro.cat\/wp-content\/uploads\/2025\/11\/1691928415383-1024x630.jpg 1024w, https:\/\/calparro.cat\/wp-content\/uploads\/2025\/11\/1691928415383-2000x1231.jpg 2000w\" sizes=\"auto, (max-width: 2560px) 100vw, 2560px\" \/><\/figure>\n\n\n\n<h3 class=\"wp-block-heading has-small-font-size\">Cocina-Comedor<\/h3>\n<\/div>\n<\/div>\n\n\n\n<h3 class=\"wp-block-heading\"><a href=\"https:\/\/calparro.cat\/ca\/apartament-2\/\" data-type=\"link\" data-id=\"https:\/\/calparro.cat\/ca\/apartament-2\/\" target=\"_blank\" rel=\"noreferrer noopener\">Ver m\u00e1s<\/a><\/h3>\n<\/div>\n<\/div>\n<\/div>\n<\/div>\n<\/div>\n<\/div>\n\n\n\n<div id=\"team\" class=\"wp-block-group has-global-padding is-layout-constrained wp-block-group-is-layout-constrained\">\n<div class=\"wp-block-group is-layout-flow wp-block-group-is-layout-flow\">\n<h2 class=\"wp-block-heading ocultar-text has-x-large-font-size\" style=\"border-style:none;border-width:0px;font-style:normal;font-weight:800\">El Pueblo<\/h2>\n\n\n\n<figure class=\"wp-block-image size-large is-resized\"><img loading=\"lazy\" decoding=\"async\" width=\"1024\" height=\"386\" src=\"https:\/\/xavieradriafrigola.com\/wp-content\/uploads\/2025\/09\/1-1024x386.jpg\" alt=\"\" class=\"wp-image-341\" style=\"width:907px;height:auto\" srcset=\"https:\/\/calparro.cat\/wp-content\/uploads\/2025\/09\/1-1024x386.jpg 1024w, https:\/\/calparro.cat\/wp-content\/uploads\/2025\/09\/1-300x113.jpg 300w, https:\/\/calparro.cat\/wp-content\/uploads\/2025\/09\/1.jpg 1140w\" sizes=\"auto, (max-width: 1024px) 100vw, 1024px\" \/><\/figure>\n\n\n\n<p class=\"has-medium-font-size\">\ud83c\udf47 <strong>Batea, Terra Alta<\/strong><br>\ud83c\udff0 Historia viva, calles medievales y autenticidad.<br>\ud83c\udf06 Modernidad y calidad tur\u00edstica con confort y accesibilidad.<br>\ud83c\udf77 Tierra de vinos, enoturismo y pasi\u00f3n por la vi\u00f1a.<br>\ud83c\udf3f Batea, arraigada a la tierra.<\/p>\n\n\n\n<details class=\"wp-block-details has-large-font-size is-layout-flow wp-block-details-is-layout-flow\"><summary><strong>Detalles<\/strong><\/summary>\n<p class=\"has-medium-font-size\">\ud83c\udf47\u2728 <strong>Turismo y vinos <\/strong><\/p>\n\n\n\n<p class=\"has-medium-font-size\">\ud83c\udff0 <strong>Batea medieval<\/strong><br>Un pueblo con patrimonio e historia, un casco antiguo medieval perfectamente conservado y en constante rehabilitaci\u00f3n. Un espacio que mantiene un trazado medieval \u00fanico, con p\u00f3rticos y arcos que os transportar\u00e1n a otras \u00e9pocas y donde el recorrido de las calles permite imaginar la forma que ten\u00eda el pueblo en tiempos antiguos. Os enamorar\u00e1 por su autenticidad.<\/p>\n\n\n\n<p class=\"has-medium-font-size\">\ud83c\udf06 <strong>Batea moderna<\/strong><br>Una ciudad que combina tradici\u00f3n y modernidad: calidad tur\u00edstica, confort, vanguardia y un firme compromiso con el turismo accesible y social.<\/p>\n\n\n\n<p class=\"has-medium-font-size\">\ud83c\udf77 <strong>Batea \u00e9s Vino<\/strong><br>El enoturismo es su alma: pasi\u00f3n por la vi\u00f1a, la tierra y el vino, motor econ\u00f3mico y social de la comarca.<\/p>\n<\/details>\n\n\n\n<details class=\"wp-block-details has-large-font-size is-layout-flow wp-block-details-is-layout-flow\"><summary><strong>Puntos de inter\u00e9s<\/strong><\/summary>\n<p class=\"has-medium-font-size\"><strong>Aqu\u00ed ten\u00e9is una recopilaci\u00f3n de los puntos de inter\u00e9s m\u00e1s destacados del pueblo; pod\u00e9is consultarlos todos en este enlace:<\/strong><br><a href=\"https:\/\/turismebatea.com\/audioguia-puntos-interes\" target=\"_blank\" rel=\"noreferrer noopener\">Puntos de inter\u00e9s <\/a><\/p>\n\n\n\n<div style=\"height:25px\" aria-hidden=\"true\" class=\"wp-block-spacer\"><\/div>\n\n\n\n<figure class=\"wp-block-image size-full is-resized\"><img loading=\"lazy\" decoding=\"async\" width=\"400\" height=\"400\" src=\"https:\/\/xavieradriafrigola.com\/wp-content\/uploads\/2025\/09\/info_turistica3.png\" alt=\"\" class=\"wp-image-342\" style=\"width:320px;height:auto\" srcset=\"https:\/\/calparro.cat\/wp-content\/uploads\/2025\/09\/info_turistica3.png 400w, https:\/\/calparro.cat\/wp-content\/uploads\/2025\/09\/info_turistica3-300x300.png 300w, https:\/\/calparro.cat\/wp-content\/uploads\/2025\/09\/info_turistica3-150x150.png 150w\" sizes=\"auto, (max-width: 400px) 100vw, 400px\" \/><\/figure>\n\n\n\n<p class=\"has-medium-font-size\"><br><strong>\ud83d\udccd Punto de Informaci\u00f3n Tur\u00edstica<\/strong><\/p>\n<\/details>\n<\/div>\n<\/div>\n\n\n\n<div id=\"team\" class=\"wp-block-group has-global-padding is-layout-constrained wp-block-group-is-layout-constrained\">\n<div class=\"wp-block-group is-layout-flow wp-block-group-is-layout-flow\">\n<h2 class=\"wp-block-heading has-x-large-font-size\">Nuestra familia<\/h2>\n\n\n\n<p class=\"has-medium-font-size\">\u00a1Hola!<\/p>\n\n\n\n<p class=\"has-medium-font-size\">Somos <strong>Fina<\/strong> y <strong>Batiste<\/strong>, los propietarios de los alojamientos <strong>CAL PARRO<\/strong>.<\/p>\n\n\n\n<p class=\"has-medium-font-size\">Queremos aprovechar esta p\u00e1gina para presentarnos y que, de este modo, pod\u00e1is conocernos un poco mejor.<\/p>\n\n\n\n<div class=\"wp-block-columns is-layout-flex wp-container-core-columns-is-layout-28f84493 wp-block-columns-is-layout-flex\">\n<div class=\"wp-block-column is-style-default is-layout-flow wp-block-column-is-layout-flow\" style=\"border-style:none;border-width:0px;padding-top:0;padding-right:0;padding-bottom:0;padding-left:0\">\n<figure class=\"wp-block-image size-full has-custom-border is-style-default\"><img loading=\"lazy\" decoding=\"async\" width=\"1200\" height=\"1600\" src=\"https:\/\/xavieradriafrigola.com\/wp-content\/uploads\/2025\/09\/mare.jpg\" alt=\"\" class=\"wp-image-345\" style=\"border-radius:11px\" srcset=\"https:\/\/calparro.cat\/wp-content\/uploads\/2025\/09\/mare.jpg 1200w, https:\/\/calparro.cat\/wp-content\/uploads\/2025\/09\/mare-225x300.jpg 225w, https:\/\/calparro.cat\/wp-content\/uploads\/2025\/09\/mare-768x1024.jpg 768w\" sizes=\"auto, (max-width: 1200px) 100vw, 1200px\" \/><\/figure>\n\n\n\n<h3 class=\"wp-block-heading\">Fina<\/h3>\n\n\n\n<p><strong>Propietaria<\/strong><\/p>\n\n\n\n<p>Soy Fina, la persona que os dar\u00e1 la bienvenida a los alojamientos. Me encargo de la recepci\u00f3n, la gesti\u00f3n del negocio y las tareas de limpieza de todos los espacios.<\/p>\n\n\n\n<p>Me gusta que aqu\u00ed os sint\u00e1is como en casa, veng\u00e1is de donde veng\u00e1is, y hacer lo m\u00e1s tranquilo y agradable posible vuestro paso por esta comarca.<\/p>\n\n\n\n<p>No dud\u00e9is en pedirme informaci\u00f3n sobre los lugares que pod\u00e9is visitar, las actividades que quer\u00e1is realizar o cualquier otra cosa que necesit\u00e9is.<\/p>\n<\/div>\n\n\n\n<div class=\"wp-block-column is-style-default is-layout-flow wp-block-column-is-layout-flow\" style=\"border-style:none;border-width:0px;padding-top:0;padding-right:0;padding-bottom:0;padding-left:0\">\n<figure class=\"wp-block-image size-full has-custom-border\"><img loading=\"lazy\" decoding=\"async\" width=\"1200\" height=\"1600\" src=\"https:\/\/xavieradriafrigola.com\/wp-content\/uploads\/2025\/09\/pare.jpg\" alt=\"\" class=\"wp-image-346\" style=\"border-radius:11px\" srcset=\"https:\/\/calparro.cat\/wp-content\/uploads\/2025\/09\/pare.jpg 1200w, https:\/\/calparro.cat\/wp-content\/uploads\/2025\/09\/pare-225x300.jpg 225w, https:\/\/calparro.cat\/wp-content\/uploads\/2025\/09\/pare-768x1024.jpg 768w\" sizes=\"auto, (max-width: 1200px) 100vw, 1200px\" \/><\/figure>\n\n\n\n<h3 class=\"wp-block-heading\">Batiste <\/h3>\n\n\n\n<p><strong>Propietario<\/strong><\/p>\n\n\n\n<div class=\"wp-block-group has-global-padding is-layout-constrained wp-block-group-is-layout-constrained\">\n<p>Soy Batiste. Me encargo del mantenimiento de los alojamientos y de algunas tareas de limpieza. Dependiendo del d\u00eda, tambi\u00e9n puede que me encontr\u00e9is en la recepci\u00f3n para daros la bienvenida.<\/p>\n\n\n\n<p>Soy carpintero y artesano de profesi\u00f3n y, de hecho, he restaurado y acondicionado todos y cada uno de los apartamentos que forman parte de nuestro peque\u00f1o negocio.<\/p>\n\n\n\n<p>Siempre hemos trabajado con materiales como la madera y la piedra para crear espacios acogedores, intentando conservar el mayor n\u00famero posible de elementos arquitect\u00f3nicos de las construcciones originales y mantener as\u00ed la esencia y el car\u00e1cter de las viviendas.<\/p>\n<\/div>\n<\/div>\n<\/div>\n<\/div>\n<\/div>\n\n\n\n<div class=\"wp-block-group has-global-padding is-layout-constrained wp-block-group-is-layout-constrained\">\n<div class=\"wp-block-group is-layout-flow wp-block-group-is-layout-flow\">\n<div style=\"height:67px\" aria-hidden=\"true\" class=\"wp-block-spacer\"><\/div>\n\n\n\n<div class=\"wp-block-columns is-layout-flex wp-container-core-columns-is-layout-28f84493 wp-block-columns-is-layout-flex\">\n<div class=\"wp-block-column is-layout-flow wp-block-column-is-layout-flow\">\n<h2 class=\"wp-block-heading has-text-align-left has-x-large-font-size\">D\u00f3nde Estamos?<\/h2>\n<\/div>\n<\/div>\n\n\n\n<hr class=\"wp-block-separator has-text-color has-lightgrey-color has-alpha-channel-opacity has-lightgrey-background-color has-background is-style-wide\"\/>\n<\/div>\n\n\n\n<h2 class=\"wp-block-heading\">Carrer de Sant Pol, 14, 43786 Batea, Tarragona<\/h2>\n<\/div>\n\n\n\n<!-- Contenidor responsive amb relaci\u00f3 16:9 -->\n<div style=\"position:relative;padding-bottom:56.25%;height:0;overflow:hidden;border-radius:12px;\">\n  <iframe\n    src=\"https:\/\/www.google.com\/maps\/embed?pb=!1m18!1m12!1m3!1d3006.8001543206506!2d0.30641527644725186!3d41.09521291406668!2m3!1f0!2f0!3f0!3m2!1i1024!2i768!4f13.1!3m3!1m2!1s0x12a0c7f994971e4f%3A0xdbd8d18f5884f4e4!2sCal%20Parro%20-%20Batea%20-%20Apartaments%20Rurals!5e0!3m2!1ses!2ses!4v1755538977659!5m2!1ses!2ses\"\n    style=\"position:absolute;top:0;left:0;width:100%;height:100%;border:0;\"\n    allowfullscreen=\"\"\n    loading=\"lazy\"\n    referrerpolicy=\"no-referrer-when-downgrade\">\n  <\/iframe>\n<\/div>\n\n\n\n<div style=\"height:100px\" aria-hidden=\"true\" class=\"wp-block-spacer\"><\/div>\n","protected":false},"excerpt":{"rendered":"<p>Bienvenidos a Cal Parro Nuestra casa rural est\u00e1 situada en un entorno encantador donde la tranquilidad, la naturaleza y la tradici\u00f3n se unen para ofrecerte una estancia inolvidable. \u00bfQu\u00e9 os ofrecemos? La Casa Sala de estar Habitaci\u00f3n doble Ba\u00f1o Terraza con piscina Ver m\u00e1s Sala de estar Habitaci\u00f3n doble Ba\u00f1o Cocina-Comedor Ver m\u00e1s El Pueblo &hellip; <\/p>\n<p class=\"link-more\"><a href=\"https:\/\/calparro.cat\/es\/\" class=\"more-link\">Leer m\u00e1s<span class=\"screen-reader-text\"> \u00abCal Parro\u00bb<\/span><\/a><\/p>\n","protected":false},"author":1,"featured_media":0,"parent":0,"menu_order":0,"comment_status":"open","ping_status":"closed","template":"page-templates\/no-title.php","meta":{"footnotes":""},"class_list":["post-110","page","type-page","status-publish","hentry"],"_links":{"self":[{"href":"https:\/\/calparro.cat\/es\/wp-json\/wp\/v2\/pages\/110","targetHints":{"allow":["GET"]}}],"collection":[{"href":"https:\/\/calparro.cat\/es\/wp-json\/wp\/v2\/pages"}],"about":[{"href":"https:\/\/calparro.cat\/es\/wp-json\/wp\/v2\/types\/page"}],"author":[{"embeddable":true,"href":"https:\/\/calparro.cat\/es\/wp-json\/wp\/v2\/users\/1"}],"replies":[{"embeddable":true,"href":"https:\/\/calparro.cat\/es\/wp-json\/wp\/v2\/comments?post=110"}],"version-history":[{"count":275,"href":"https:\/\/calparro.cat\/es\/wp-json\/wp\/v2\/pages\/110\/revisions"}],"predecessor-version":[{"id":1444,"href":"https:\/\/calparro.cat\/es\/wp-json\/wp\/v2\/pages\/110\/revisions\/1444"}],"wp:attachment":[{"href":"https:\/\/calparro.cat\/es\/wp-json\/wp\/v2\/media?parent=110"}],"curies":[{"name":"wp","href":"https:\/\/api.w.org\/{rel}","templated":true}]}}