{"id":1043,"date":"2026-01-16T12:58:41","date_gmt":"2026-01-16T10:58:41","guid":{"rendered":"https:\/\/calparro.cat\/?page_id=1043"},"modified":"2026-02-22T13:34:06","modified_gmt":"2026-02-22T11:34:06","slug":"actividades","status":"publish","type":"page","link":"https:\/\/calparro.cat\/es\/actividades\/","title":{"rendered":"Actividades"},"content":{"rendered":"\n<div class=\"wp-block-group has-global-padding is-layout-constrained wp-block-group-is-layout-constrained\">\n<p>La Terra Alta ofrece una amplia variedad de actividades para todos los gustos: desde rutas de senderismo y cicloturismo por espacios emblem\u00e1ticos como la V\u00eda Verde de la Terra Alta, hasta visitas culturales vinculadas a la memoria hist\u00f3rica y la Batalla del Ebro. Los amantes de la naturaleza pueden explorar el Parque Natural dels Ports, mientras que los apasionados del vino encontrar\u00e1n en la Denominaci\u00f3n de Origen Terra Alta una experiencia enotur\u00edstica de primer nivel.<\/p>\n\n\n\n<p>A continuaci\u00f3n, os dejamos algunas recomendaciones:<\/p>\n\n\n\n<h2 class=\"wp-block-heading\"><strong>V\u00eda Verde entre Prat de Comte y El Pinell, pasando por la Fontcalda<\/strong><\/h2>\n\n\n\n<p>La V\u00eda Verde es una excelente alternativa para adentrarse en el entorno natural de la Terra Alta. Si viaj\u00e1is con ni\u00f1os, una de las rutas m\u00e1s recomendables es la que une la antigua estaci\u00f3n ferroviaria de Prat de Comte con El Pinell de Brai.<\/p>\n\n\n\n<p>La raz\u00f3n es clara: a mitad del recorrido, tras la divertida experiencia de atravesar varios t\u00faneles, se llega al santuario de la Fontcalda, un espacio que destaca por m\u00e9ritos propios. All\u00ed podr\u00e9is descubrir un manantial de aguas termales, disfrutar de las piscinas naturales que forma el r\u00edo Canaletes y descansar en una agradable zona de p\u00edcnic.<\/p>\n\n\n\n<p>Cabe destacar tambi\u00e9n que en la antigua estaci\u00f3n de Prat de Comte hay otra \u00e1rea de p\u00edcnic, ideal para comenzar o finalizar la excursi\u00f3n con tranquilidad.<\/p>\n\n\n\n<div class=\"wp-block-columns is-layout-flex wp-container-core-columns-is-layout-28f84493 wp-block-columns-is-layout-flex\">\n<div class=\"wp-block-column is-style-default is-layout-flow wp-block-column-is-layout-flow\" style=\"border-style:none;border-width:0px;padding-top:0;padding-right:0;padding-bottom:0;padding-left:0\">\n<figure class=\"wp-block-image size-full has-custom-border is-style-default\"><img loading=\"lazy\" decoding=\"async\" width=\"1280\" height=\"855\" src=\"https:\/\/calparro.cat\/wp-content\/uploads\/2026\/01\/viaverda.avif\" alt=\"\" class=\"wp-image-1004\" style=\"border-radius:11px;aspect-ratio:4\/3;object-fit:cover\"\/><\/figure>\n<\/div>\n\n\n\n<div class=\"wp-block-column is-style-default is-layout-flow wp-block-column-is-layout-flow\" style=\"border-style:none;border-width:0px;padding-top:0;padding-right:0;padding-bottom:0;padding-left:0\">\n<figure class=\"wp-block-image size-full has-custom-border\"><img loading=\"lazy\" decoding=\"async\" width=\"730\" height=\"487\" src=\"https:\/\/calparro.cat\/wp-content\/uploads\/2026\/01\/turismo-fontcalda-pozas-de-bano.jpg\" alt=\"\" class=\"wp-image-1000\" style=\"border-radius:11px;aspect-ratio:4\/3;object-fit:cover\" srcset=\"https:\/\/calparro.cat\/wp-content\/uploads\/2026\/01\/turismo-fontcalda-pozas-de-bano.jpg 730w, https:\/\/calparro.cat\/wp-content\/uploads\/2026\/01\/turismo-fontcalda-pozas-de-bano-300x200.jpg 300w\" sizes=\"auto, (max-width: 730px) 100vw, 730px\" \/><\/figure>\n<\/div>\n<\/div>\n\n\n\n<h2 class=\"wp-block-heading\"><strong>Les Olles<\/strong><\/h2>\n\n\n\n<p>Si realiz\u00e1is la visita durante los meses m\u00e1s calurosos, la experiencia es realmente inolvidable: podr\u00e9is refrescaros en unas impresionantes piscinas naturales, consideradas entre las m\u00e1s bonitas no solo de la Terra Alta y las Terres de l\u2019Ebre, sino de toda la provincia de Tarragona. En cambio, si acud\u00eds en una \u00e9poca m\u00e1s fr\u00eda, el paisaje sigue ofreciendo un entorno natural espectacular para disfrutarlo con calma.<\/p>\n\n\n\n<p>Adem\u00e1s, se trata de un lugar muy accesible, apto para todo el mundo.<\/p>\n\n\n\n<div class=\"wp-block-columns is-layout-flex wp-container-core-columns-is-layout-28f84493 wp-block-columns-is-layout-flex\">\n<div class=\"wp-block-column is-style-default is-layout-flow wp-block-column-is-layout-flow\" style=\"border-style:none;border-width:0px;padding-top:0;padding-right:0;padding-bottom:0;padding-left:0\">\n<figure class=\"wp-block-image size-full has-custom-border is-style-default\"><img loading=\"lazy\" decoding=\"async\" width=\"1600\" height=\"1000\" src=\"https:\/\/calparro.cat\/wp-content\/uploads\/2026\/01\/olles-bot-horta-sant-joan.webp\" alt=\"\" class=\"wp-image-1007\" style=\"border-radius:11px;aspect-ratio:4\/3;object-fit:cover\" srcset=\"https:\/\/calparro.cat\/wp-content\/uploads\/2026\/01\/olles-bot-horta-sant-joan.webp 1600w, https:\/\/calparro.cat\/wp-content\/uploads\/2026\/01\/olles-bot-horta-sant-joan-300x188.webp 300w, https:\/\/calparro.cat\/wp-content\/uploads\/2026\/01\/olles-bot-horta-sant-joan-1024x640.webp 1024w\" sizes=\"auto, (max-width: 1600px) 100vw, 1600px\" \/><\/figure>\n<\/div>\n\n\n\n<div class=\"wp-block-column is-style-default is-layout-flow wp-block-column-is-layout-flow\" style=\"border-style:none;border-width:0px;padding-top:0;padding-right:0;padding-bottom:0;padding-left:0\">\n<figure class=\"wp-block-image size-full has-custom-border\"><img loading=\"lazy\" decoding=\"async\" width=\"1600\" height=\"1200\" src=\"https:\/\/calparro.cat\/wp-content\/uploads\/2026\/01\/17420362Master.jpg\" alt=\"\" class=\"wp-image-1009\" style=\"border-radius:11px;aspect-ratio:4\/3;object-fit:cover\" srcset=\"https:\/\/calparro.cat\/wp-content\/uploads\/2026\/01\/17420362Master.jpg 1600w, https:\/\/calparro.cat\/wp-content\/uploads\/2026\/01\/17420362Master-300x225.jpg 300w, https:\/\/calparro.cat\/wp-content\/uploads\/2026\/01\/17420362Master-1024x768.jpg 1024w\" sizes=\"auto, (max-width: 1600px) 100vw, 1600px\" \/><\/figure>\n<\/div>\n<\/div>\n<\/div>\n","protected":false},"excerpt":{"rendered":"<p>La Terra Alta ofrece una amplia variedad de actividades para todos los gustos: desde rutas de senderismo y cicloturismo por espacios emblem\u00e1ticos como la V\u00eda Verde de la Terra Alta, hasta visitas culturales vinculadas a la memoria hist\u00f3rica y la Batalla del Ebro. Los amantes de la naturaleza pueden explorar el Parque Natural dels Ports, &hellip; <\/p>\n<p class=\"link-more\"><a href=\"https:\/\/calparro.cat\/es\/actividades\/\" class=\"more-link\">Leer m\u00e1s<span class=\"screen-reader-text\"> \u00abActividades\u00bb<\/span><\/a><\/p>\n","protected":false},"author":1,"featured_media":752,"parent":0,"menu_order":0,"comment_status":"closed","ping_status":"closed","template":"","meta":{"footnotes":""},"class_list":["post-1043","page","type-page","status-publish","has-post-thumbnail","hentry"],"_links":{"self":[{"href":"https:\/\/calparro.cat\/es\/wp-json\/wp\/v2\/pages\/1043","targetHints":{"allow":["GET"]}}],"collection":[{"href":"https:\/\/calparro.cat\/es\/wp-json\/wp\/v2\/pages"}],"about":[{"href":"https:\/\/calparro.cat\/es\/wp-json\/wp\/v2\/types\/page"}],"author":[{"embeddable":true,"href":"https:\/\/calparro.cat\/es\/wp-json\/wp\/v2\/users\/1"}],"replies":[{"embeddable":true,"href":"https:\/\/calparro.cat\/es\/wp-json\/wp\/v2\/comments?post=1043"}],"version-history":[{"count":29,"href":"https:\/\/calparro.cat\/es\/wp-json\/wp\/v2\/pages\/1043\/revisions"}],"predecessor-version":[{"id":1408,"href":"https:\/\/calparro.cat\/es\/wp-json\/wp\/v2\/pages\/1043\/revisions\/1408"}],"wp:featuredmedia":[{"embeddable":true,"href":"https:\/\/calparro.cat\/es\/wp-json\/wp\/v2\/media\/752"}],"wp:attachment":[{"href":"https:\/\/calparro.cat\/es\/wp-json\/wp\/v2\/media?parent=1043"}],"curies":[{"name":"wp","href":"https:\/\/api.w.org\/{rel}","templated":true}]}}