{"id":591,"date":"2025-12-26T18:13:26","date_gmt":"2025-12-26T16:13:26","guid":{"rendered":"https:\/\/calparro.cat\/ca\/?page_id=591"},"modified":"2026-02-22T13:54:26","modified_gmt":"2026-02-22T11:54:26","slug":"enoturisme","status":"publish","type":"page","link":"https:\/\/calparro.cat\/en\/blog\/enoturisme\/","title":{"rendered":"Wine Tourism"},"content":{"rendered":"\n<p>Wine tourism in Batea is an experience of high cultural, landscape, and gastronomic value within the Terra Alta region. The town stands out for its deeply rooted winemaking tradition, supported by a continental Mediterranean climate and limestone soils that favor high-quality viticulture, especially known for White Garnacha (Garnatxa Blanca).<\/p>\n\n\n\n<p>Batea\u2019s wine tourism offer combines visits to wineries\u2014both cooperative and family-run\u2014with experiences that highlight modernist architectural heritage, vineyard landscapes, and local culture. Typical activities include guided tastings, vineyard walks, pairings with local products, and events linked to the agricultural and festive calendar.<\/p>\n\n\n\n<p>In addition, wine tourism acts as a driver of local development, connecting sectors such as restaurants, rural accommodation, and agri-food commerce. Altogether, Batea presents itself as an ideal destination for specialized, sustainable tourism aimed at visitors seeking authenticity, knowledge of the territory, and experiences connected to wine.<\/p>\n\n\n\n<p>For anyone interested in exploring this offer in more depth, all the wineries in the town can be consulted on the official tourism portal:<br><a href=\"https:\/\/turismebatea.com\/enoturisme-cellers-terra-alta\" target=\"_blank\" rel=\"noreferrer noopener\">https:\/\/turismebatea.com\/enoturisme-cellers-terra-alta<\/a><\/p>\n\n\n\n<p>Below is a representative selection:<\/p>\n\n\n\n<div style=\"height:58px\" aria-hidden=\"true\" class=\"wp-block-spacer\"><\/div>\n\n\n\n<div class=\"wp-block-columns are-vertically-aligned-center is-layout-flex wp-container-core-columns-is-layout-28f84493 wp-block-columns-is-layout-flex\">\n<div class=\"wp-block-column is-vertically-aligned-center is-layout-flow wp-block-column-is-layout-flow\" style=\"flex-basis:26%\">\n<figure class=\"wp-block-image has-custom-border is-style-rounded\"><img loading=\"lazy\" decoding=\"async\" width=\"692\" height=\"692\" src=\"https:\/\/calparro.cat\/wp-content\/uploads\/2025\/12\/altavins1.jpg\" alt=\"\" class=\"wp-image-592\" style=\"border-top-left-radius:11px;border-top-right-radius:11px;border-bottom-left-radius:11px;border-bottom-right-radius:11px\" srcset=\"https:\/\/calparro.cat\/wp-content\/uploads\/2025\/12\/altavins1.jpg 692w, https:\/\/calparro.cat\/wp-content\/uploads\/2025\/12\/altavins1-300x300.jpg 300w, https:\/\/calparro.cat\/wp-content\/uploads\/2025\/12\/altavins1-150x150.jpg 150w\" sizes=\"auto, (max-width: 692px) 100vw, 692px\" \/><\/figure>\n<\/div>\n\n\n\n<div class=\"wp-block-column is-vertically-aligned-center is-layout-flow wp-block-column-is-layout-flow\" style=\"flex-basis:74%\">\n<p><strong><strong>Altavins<\/strong> is a winery located within the <strong>DO Terra Alta<\/strong>, where fine wines are produced, distinguished by the essence of traditional grape varieties and crafted following the region\u2019s winemaking culture. Do you know the thousand-year-old tradition and the stories hidden in the 75 cl of a bottle of wine? Come and discover them!<\/strong><\/p>\n\n\n\n<p><strong>ILERCAVONIA<\/strong> \u2013 young wine, 100% White Garnacha<br><strong>ALMOD\u00cd<\/strong> \u2013 100% Red Garnacha, aged 4 months in oak<br><strong>TEMPUS<\/strong> \u2013 Garnacha, Syrah, and Carignan, aged 10 months<br><strong>DOMUS PENSI<\/strong> \u2013 Reserve. Garnacha, Syrah, Cabernet, and Merlot aged 18 months in French oak.<\/p>\n<\/div>\n<\/div>\n\n\n\n<div style=\"height:58px\" aria-hidden=\"true\" class=\"wp-block-spacer\"><\/div>\n\n\n\n<div class=\"wp-block-columns are-vertically-aligned-center is-layout-flex wp-container-core-columns-is-layout-28f84493 wp-block-columns-is-layout-flex\">\n<div class=\"wp-block-column is-vertically-aligned-center is-layout-flow wp-block-column-is-layout-flow\" style=\"flex-basis:26%\">\n<figure class=\"wp-block-image has-custom-border is-style-rounded\"><img loading=\"lazy\" decoding=\"async\" width=\"800\" height=\"800\" src=\"https:\/\/calparro.cat\/wp-content\/uploads\/2025\/12\/lafou1.jpg\" alt=\"\" class=\"wp-image-593\" style=\"border-top-left-radius:11px;border-top-right-radius:11px;border-bottom-left-radius:11px;border-bottom-right-radius:11px\" srcset=\"https:\/\/calparro.cat\/wp-content\/uploads\/2025\/12\/lafou1.jpg 800w, https:\/\/calparro.cat\/wp-content\/uploads\/2025\/12\/lafou1-300x300.jpg 300w, https:\/\/calparro.cat\/wp-content\/uploads\/2025\/12\/lafou1-150x150.jpg 150w\" sizes=\"auto, (max-width: 800px) 100vw, 800px\" \/><\/figure>\n<\/div>\n\n\n\n<div class=\"wp-block-column is-vertically-aligned-center is-layout-flow wp-block-column-is-layout-flow\" style=\"flex-basis:74%\">\n<p><strong><strong>Garnacha and territory<\/strong> define the unique style of the wines of <strong>LaFou<\/strong>, a winery located in an 18th-century manor house in the <strong>Pla\u00e7a Major<\/strong> of the town.<\/strong><\/p>\n\n\n\n<p>LaFou seeks to capture the essence of Terra Alta through Garnacha, aiming to achieve the greatest expression of its wines through winemaking processes that highlight the depth, identity, and character of the land.<\/p>\n<\/div>\n<\/div>\n\n\n\n<div style=\"height:58px\" aria-hidden=\"true\" class=\"wp-block-spacer\"><\/div>\n\n\n\n<div class=\"wp-block-columns are-vertically-aligned-center is-layout-flex wp-container-core-columns-is-layout-28f84493 wp-block-columns-is-layout-flex\">\n<div class=\"wp-block-column is-vertically-aligned-center is-layout-flow wp-block-column-is-layout-flow\" style=\"flex-basis:26%\">\n<figure class=\"wp-block-image has-custom-border is-style-rounded\"><img loading=\"lazy\" decoding=\"async\" width=\"1024\" height=\"576\" src=\"https:\/\/calparro.cat\/wp-content\/uploads\/2025\/12\/logo-celler-batea-16-9-1024x576.png\" alt=\"\" class=\"wp-image-598\" style=\"border-top-left-radius:11px;border-top-right-radius:11px;border-bottom-left-radius:11px;border-bottom-right-radius:11px\" srcset=\"https:\/\/calparro.cat\/wp-content\/uploads\/2025\/12\/logo-celler-batea-16-9-1024x576.png 1024w, https:\/\/calparro.cat\/wp-content\/uploads\/2025\/12\/logo-celler-batea-16-9-300x169.png 300w, https:\/\/calparro.cat\/wp-content\/uploads\/2025\/12\/logo-celler-batea-16-9.png 1280w\" sizes=\"auto, (max-width: 1024px) 100vw, 1024px\" \/><\/figure>\n<\/div>\n\n\n\n<div class=\"wp-block-column is-vertically-aligned-center is-layout-flow wp-block-column-is-layout-flow\" style=\"flex-basis:74%\">\n<p><strong>El Celler Batea es fund\u00e0 l&#8217;any 1961, actualment t\u00e9 212 socis i comercialitzem el nostre vi al mercat catal\u00e0 i l\u2019exportaci\u00f3.<\/strong><\/p>\n\n\n\n<p>Les nostres marques dels vins embotellats s\u00f3n Castell d\u2019Algars, Vallamajor, Prim\u00edcia, Vivertell, l\u2019Aube, Tipicitat, Equinox i Naturalis Mer vi ecol\u00f2gic.<br>Tenim oli i olives de gran qualitat.<\/p>\n<\/div>\n<\/div>\n","protected":false},"excerpt":{"rendered":"<p>Wine tourism in Batea is an experience of high cultural, landscape, and gastronomic value within the Terra Alta region. The town stands out for its deeply rooted winemaking tradition, supported by a continental Mediterranean climate and limestone soils that favor high-quality viticulture, especially known for White Garnacha (Garnatxa Blanca). Batea\u2019s wine tourism offer combines visits &hellip; <\/p>\n<p class=\"link-more\"><a href=\"https:\/\/calparro.cat\/en\/blog\/enoturisme\/\" class=\"more-link\">Read more<span class=\"screen-reader-text\"> &#8220;Wine Tourism&#8221;<\/span><\/a><\/p>\n","protected":false},"author":1,"featured_media":992,"parent":13,"menu_order":0,"comment_status":"closed","ping_status":"closed","template":"","meta":{"footnotes":""},"class_list":["post-591","page","type-page","status-publish","has-post-thumbnail","hentry"],"_links":{"self":[{"href":"https:\/\/calparro.cat\/en\/wp-json\/wp\/v2\/pages\/591","targetHints":{"allow":["GET"]}}],"collection":[{"href":"https:\/\/calparro.cat\/en\/wp-json\/wp\/v2\/pages"}],"about":[{"href":"https:\/\/calparro.cat\/en\/wp-json\/wp\/v2\/types\/page"}],"author":[{"embeddable":true,"href":"https:\/\/calparro.cat\/en\/wp-json\/wp\/v2\/users\/1"}],"replies":[{"embeddable":true,"href":"https:\/\/calparro.cat\/en\/wp-json\/wp\/v2\/comments?post=591"}],"version-history":[{"count":17,"href":"https:\/\/calparro.cat\/en\/wp-json\/wp\/v2\/pages\/591\/revisions"}],"predecessor-version":[{"id":1437,"href":"https:\/\/calparro.cat\/en\/wp-json\/wp\/v2\/pages\/591\/revisions\/1437"}],"up":[{"embeddable":true,"href":"https:\/\/calparro.cat\/en\/wp-json\/wp\/v2\/pages\/13"}],"wp:featuredmedia":[{"embeddable":true,"href":"https:\/\/calparro.cat\/en\/wp-json\/wp\/v2\/media\/992"}],"wp:attachment":[{"href":"https:\/\/calparro.cat\/en\/wp-json\/wp\/v2\/media?parent=591"}],"curies":[{"name":"wp","href":"https:\/\/api.w.org\/{rel}","templated":true}]}}