{"id":591,"date":"2025-12-26T18:13:26","date_gmt":"2025-12-26T16:13:26","guid":{"rendered":"https:\/\/calparro.cat\/ca\/?page_id=591"},"modified":"2026-02-22T13:54:26","modified_gmt":"2026-02-22T11:54:26","slug":"enoturisme","status":"publish","type":"page","link":"https:\/\/calparro.cat\/ca\/blog\/enoturisme\/","title":{"rendered":"Enoturisme"},"content":{"rendered":"\n<p>L\u2019enoturisme a Batea es configura com una proposta d\u2019alt valor cultural, paisatg\u00edstic i gastron\u00f2mic dins la comarca de la Terra Alta. Aquest municipi destaca per una tradici\u00f3 vitivin\u00edcola profundament arrelada, sustentada per un clima mediterrani continental i uns s\u00f2ls calcaris que afavoreixen una viticultura de qualitat, especialment reconeguda per la Garnatxa Blanca.<\/p>\n\n\n\n<p>L\u2019oferta enotur\u00edstica de Batea combina la visita a cellers \u2014tant cooperatius com de producci\u00f3 familiar\u2014 amb experi\u00e8ncies que posen en valor el patrimoni arquitect\u00f2nic modernista, el paisatge de vinyes i la cultura local. Les activitats habituals inclouen tastos comentats, rutes entre vinyes, maridatges amb productes de proximitat i esdeveniments vinculats al calendari agr\u00edcola i festiu.<\/p>\n\n\n\n<p>A m\u00e9s, l\u2019enoturisme actua com a motor de desenvolupament local, integrant sectors com la restauraci\u00f3, l\u2019allotjament rural i el comer\u00e7 de productes agroalimentaris. En conjunt, Batea es presenta com una destinaci\u00f3 id\u00f2nia per a un turisme especialitzat, sostenible i orientat a visitants que cerquen autenticitat, coneixement del territori i experi\u00e8ncies vinculades al vi.<\/p>\n\n\n\n<p>Per a totes aquelles persones interessades a aprofundir en aquesta oferta, es poden consultar <strong>tots els cellers de la nostra poblaci\u00f3<\/strong> a trav\u00e9s del portal oficial de turisme:<br><a href=\"https:\/\/turismebatea.com\/enoturisme-cellers-terra-alta\">https:\/\/turismebatea.com\/enoturisme-cellers-terra-alta<\/a><\/p>\n\n\n\n<p>Tot seguit, us en deixem una mostra representativa:<\/p>\n\n\n\n<div style=\"height:58px\" aria-hidden=\"true\" class=\"wp-block-spacer\"><\/div>\n\n\n\n<div class=\"wp-block-columns are-vertically-aligned-center is-layout-flex wp-container-core-columns-is-layout-28f84493 wp-block-columns-is-layout-flex\">\n<div class=\"wp-block-column is-vertically-aligned-center is-layout-flow wp-block-column-is-layout-flow\" style=\"flex-basis:26%\">\n<figure class=\"wp-block-image has-custom-border is-style-rounded\"><img loading=\"lazy\" decoding=\"async\" width=\"692\" height=\"692\" src=\"https:\/\/calparro.cat\/wp-content\/uploads\/2025\/12\/altavins1.jpg\" alt=\"\" class=\"wp-image-592\" style=\"border-top-left-radius:11px;border-top-right-radius:11px;border-bottom-left-radius:11px;border-bottom-right-radius:11px\" srcset=\"https:\/\/calparro.cat\/wp-content\/uploads\/2025\/12\/altavins1.jpg 692w, https:\/\/calparro.cat\/wp-content\/uploads\/2025\/12\/altavins1-300x300.jpg 300w, https:\/\/calparro.cat\/wp-content\/uploads\/2025\/12\/altavins1-150x150.jpg 150w\" sizes=\"auto, (max-width: 692px) 100vw, 692px\" \/><\/figure>\n<\/div>\n\n\n\n<div class=\"wp-block-column is-vertically-aligned-center is-layout-flow wp-block-column-is-layout-flow\" style=\"flex-basis:74%\">\n<p><strong>Altavins \u00e9s un celler que es troba dins de la DO Terra Alta on es produeixen vins fins, distingits per l\u2019ess\u00e8ncia de les varietats tradicionals i elaborats seguint la cultura vitivin\u00edcola de la zona. Coneixes la tradici\u00f3 mil\u2022len\u00e0ria i les hist\u00f2ries que s\u2019amaguen en els 75 cl d\u2019una ampolla de vi? Vine i descobreix-los!<\/strong><\/p>\n\n\n\n<p><strong>ILERCAVONIA:<\/strong> vi jove 100% Garnatxa Blanca<br><strong>ALMODI: <\/strong>100% Garnatxa negra 4 mesos de barrica<br><strong>TEMPUS: <\/strong>Garnatxa, Syrah i Carinyena 10 mesos de crian\u00e7a.<br>DOMUS PENSI: Reserva. Garnatxa, Syrah, Cabernet i Merlot amb 18 mesos en roure franc\u00e8s.<\/p>\n<\/div>\n<\/div>\n\n\n\n<div style=\"height:58px\" aria-hidden=\"true\" class=\"wp-block-spacer\"><\/div>\n\n\n\n<div class=\"wp-block-columns are-vertically-aligned-center is-layout-flex wp-container-core-columns-is-layout-28f84493 wp-block-columns-is-layout-flex\">\n<div class=\"wp-block-column is-vertically-aligned-center is-layout-flow wp-block-column-is-layout-flow\" style=\"flex-basis:26%\">\n<figure class=\"wp-block-image has-custom-border is-style-rounded\"><img loading=\"lazy\" decoding=\"async\" width=\"800\" height=\"800\" src=\"https:\/\/calparro.cat\/wp-content\/uploads\/2025\/12\/lafou1.jpg\" alt=\"\" class=\"wp-image-593\" style=\"border-top-left-radius:11px;border-top-right-radius:11px;border-bottom-left-radius:11px;border-bottom-right-radius:11px\" srcset=\"https:\/\/calparro.cat\/wp-content\/uploads\/2025\/12\/lafou1.jpg 800w, https:\/\/calparro.cat\/wp-content\/uploads\/2025\/12\/lafou1-300x300.jpg 300w, https:\/\/calparro.cat\/wp-content\/uploads\/2025\/12\/lafou1-150x150.jpg 150w\" sizes=\"auto, (max-width: 800px) 100vw, 800px\" \/><\/figure>\n<\/div>\n\n\n\n<div class=\"wp-block-column is-vertically-aligned-center is-layout-flow wp-block-column-is-layout-flow\" style=\"flex-basis:74%\">\n<p><strong>Garnatxa i territori defineixen l\u2019estil \u00fanic dels vins de LaFou, celler ubicat a una casa senyorial del s. XVIII a la Pla\u00e7a Major del poble.<\/strong><\/p>\n\n\n\n<p>LaFou persegueix trobar l\u2019ess\u00e8ncia de la Terra Alta a trav\u00e9s de la garnatxa, i es busca aconseguir la m\u00e0xima esplendor dels seus vins a trav\u00e9s dels processos d\u2019elaboraci\u00f3 que millor expressin la profunditat, identitat i expressivitat del territori.<\/p>\n<\/div>\n<\/div>\n\n\n\n<div style=\"height:58px\" aria-hidden=\"true\" class=\"wp-block-spacer\"><\/div>\n\n\n\n<div class=\"wp-block-columns are-vertically-aligned-center is-layout-flex wp-container-core-columns-is-layout-28f84493 wp-block-columns-is-layout-flex\">\n<div class=\"wp-block-column is-vertically-aligned-center is-layout-flow wp-block-column-is-layout-flow\" style=\"flex-basis:26%\">\n<figure class=\"wp-block-image has-custom-border is-style-rounded\"><img loading=\"lazy\" decoding=\"async\" width=\"1024\" height=\"576\" src=\"https:\/\/calparro.cat\/wp-content\/uploads\/2025\/12\/logo-celler-batea-16-9-1024x576.png\" alt=\"\" class=\"wp-image-598\" style=\"border-top-left-radius:11px;border-top-right-radius:11px;border-bottom-left-radius:11px;border-bottom-right-radius:11px\" srcset=\"https:\/\/calparro.cat\/wp-content\/uploads\/2025\/12\/logo-celler-batea-16-9-1024x576.png 1024w, https:\/\/calparro.cat\/wp-content\/uploads\/2025\/12\/logo-celler-batea-16-9-300x169.png 300w, https:\/\/calparro.cat\/wp-content\/uploads\/2025\/12\/logo-celler-batea-16-9.png 1280w\" sizes=\"auto, (max-width: 1024px) 100vw, 1024px\" \/><\/figure>\n<\/div>\n\n\n\n<div class=\"wp-block-column is-vertically-aligned-center is-layout-flow wp-block-column-is-layout-flow\" style=\"flex-basis:74%\">\n<p><strong>El Celler Batea es fund\u00e0 l&#8217;any 1961, actualment t\u00e9 212 socis i comercialitzem el nostre vi al mercat catal\u00e0 i l\u2019exportaci\u00f3.<\/strong><\/p>\n\n\n\n<p>Les nostres marques dels vins embotellats s\u00f3n Castell d\u2019Algars, Vallamajor, Prim\u00edcia, Vivertell, l\u2019Aube, Tipicitat, Equinox i Naturalis Mer vi ecol\u00f2gic.<br>Tenim oli i olives de gran qualitat.<\/p>\n<\/div>\n<\/div>\n","protected":false},"excerpt":{"rendered":"<p>L\u2019enoturisme a Batea es configura com una proposta d\u2019alt valor cultural, paisatg\u00edstic i gastron\u00f2mic dins la comarca de la Terra Alta. Aquest municipi destaca per una tradici\u00f3 vitivin\u00edcola profundament arrelada, sustentada per un clima mediterrani continental i uns s\u00f2ls calcaris que afavoreixen una viticultura de qualitat, especialment reconeguda per la Garnatxa Blanca. L\u2019oferta enotur\u00edstica de &hellip; <\/p>\n<p class=\"link-more\"><a href=\"https:\/\/calparro.cat\/ca\/blog\/enoturisme\/\" class=\"more-link\">Read more<span class=\"screen-reader-text\"> &#8220;Enoturisme&#8221;<\/span><\/a><\/p>\n","protected":false},"author":1,"featured_media":992,"parent":13,"menu_order":0,"comment_status":"closed","ping_status":"closed","template":"","meta":{"footnotes":""},"class_list":["post-591","page","type-page","status-publish","has-post-thumbnail","hentry"],"_links":{"self":[{"href":"https:\/\/calparro.cat\/ca\/wp-json\/wp\/v2\/pages\/591","targetHints":{"allow":["GET"]}}],"collection":[{"href":"https:\/\/calparro.cat\/ca\/wp-json\/wp\/v2\/pages"}],"about":[{"href":"https:\/\/calparro.cat\/ca\/wp-json\/wp\/v2\/types\/page"}],"author":[{"embeddable":true,"href":"https:\/\/calparro.cat\/ca\/wp-json\/wp\/v2\/users\/1"}],"replies":[{"embeddable":true,"href":"https:\/\/calparro.cat\/ca\/wp-json\/wp\/v2\/comments?post=591"}],"version-history":[{"count":17,"href":"https:\/\/calparro.cat\/ca\/wp-json\/wp\/v2\/pages\/591\/revisions"}],"predecessor-version":[{"id":1437,"href":"https:\/\/calparro.cat\/ca\/wp-json\/wp\/v2\/pages\/591\/revisions\/1437"}],"up":[{"embeddable":true,"href":"https:\/\/calparro.cat\/ca\/wp-json\/wp\/v2\/pages\/13"}],"wp:featuredmedia":[{"embeddable":true,"href":"https:\/\/calparro.cat\/ca\/wp-json\/wp\/v2\/media\/992"}],"wp:attachment":[{"href":"https:\/\/calparro.cat\/ca\/wp-json\/wp\/v2\/media?parent=591"}],"curies":[{"name":"wp","href":"https:\/\/api.w.org\/{rel}","templated":true}]}}