{"id":560,"date":"2025-12-26T12:53:19","date_gmt":"2025-12-26T10:53:19","guid":{"rendered":"https:\/\/calparro.cat\/ca\/?page_id=560"},"modified":"2026-02-22T13:47:41","modified_gmt":"2026-02-22T11:47:41","slug":"punts-dinteres","status":"publish","type":"page","link":"https:\/\/calparro.cat\/ca\/blog\/punts-dinteres\/","title":{"rendered":"Punts d&#8217;inter\u00e8s"},"content":{"rendered":"\n<div class=\"wp-block-columns are-vertically-aligned-center is-layout-flex wp-container-core-columns-is-layout-28f84493 wp-block-columns-is-layout-flex\">\n<div class=\"wp-block-column is-vertically-aligned-center is-layout-flow wp-block-column-is-layout-flow\" style=\"flex-basis:24%\">\n<figure class=\"wp-block-image has-custom-border is-style-rounded\"><img loading=\"lazy\" decoding=\"async\" width=\"400\" height=\"400\" src=\"https:\/\/calparro.cat\/wp-content\/uploads\/2025\/12\/image-3.png\" alt=\"\" class=\"wp-image-550\" style=\"border-top-left-radius:11px;border-top-right-radius:11px;border-bottom-left-radius:11px;border-bottom-right-radius:11px\" srcset=\"https:\/\/calparro.cat\/wp-content\/uploads\/2025\/12\/image-3.png 400w, https:\/\/calparro.cat\/wp-content\/uploads\/2025\/12\/image-3-300x300.png 300w, https:\/\/calparro.cat\/wp-content\/uploads\/2025\/12\/image-3-150x150.png 150w\" sizes=\"auto, (max-width: 400px) 100vw, 400px\" \/><\/figure>\n<\/div>\n\n\n\n<div class=\"wp-block-column is-vertically-aligned-center is-layout-flow wp-block-column-is-layout-flow\" style=\"flex-basis:76%\">\n<div style=\"height:16px\" aria-hidden=\"true\" class=\"wp-block-spacer\"><\/div>\n\n\n\n<p style=\"text-decoration:underline\"><strong>Punt d&#8217;informaci\u00f3 tur\u00edstica<\/strong><\/p>\n\n\n\n<p><strong>Veur\u00e0s exposats tots els vins dels nostres productors locals, als baixos de l&#8217;Ajuntament de Batea.<\/strong><\/p>\n\n\n\n<p>Obert tots els dies de l&#8217;any per oferir-vos informaci\u00f3 completa sobre la nostra localitat. Des de detalls administratius fins a esdeveniments i activitats, el nostre centre d&#8217;informaci\u00f3 \u00e9s la font central per con\u00e8ixer la vida a la nostra comunitat. <\/p>\n<\/div>\n<\/div>\n\n\n\n<div style=\"height:47px\" aria-hidden=\"true\" class=\"wp-block-spacer\"><\/div>\n\n\n\n<div class=\"wp-block-columns are-vertically-aligned-center is-layout-flex wp-container-core-columns-is-layout-28f84493 wp-block-columns-is-layout-flex\">\n<div class=\"wp-block-column is-vertically-aligned-center is-layout-flow wp-block-column-is-layout-flow\" style=\"flex-basis:24%\">\n<figure class=\"wp-block-image has-custom-border is-style-rounded\"><img loading=\"lazy\" decoding=\"async\" width=\"800\" height=\"800\" src=\"https:\/\/calparro.cat\/wp-content\/uploads\/2025\/12\/placa1.jpg\" alt=\"\" class=\"wp-image-564\" style=\"border-top-left-radius:11px;border-top-right-radius:11px;border-bottom-left-radius:11px;border-bottom-right-radius:11px\" srcset=\"https:\/\/calparro.cat\/wp-content\/uploads\/2025\/12\/placa1.jpg 800w, https:\/\/calparro.cat\/wp-content\/uploads\/2025\/12\/placa1-300x300.jpg 300w, https:\/\/calparro.cat\/wp-content\/uploads\/2025\/12\/placa1-150x150.jpg 150w\" sizes=\"auto, (max-width: 800px) 100vw, 800px\" \/><\/figure>\n<\/div>\n\n\n\n<div class=\"wp-block-column is-vertically-aligned-center is-layout-flow wp-block-column-is-layout-flow\" style=\"flex-basis:76%\">\n<div style=\"height:16px\" aria-hidden=\"true\" class=\"wp-block-spacer\"><\/div>\n\n\n\n<p style=\"text-decoration:underline\"><strong>Pla\u00e7a Major<\/strong><\/p>\n\n\n\n<p><strong>L\u2019antic pla, preludi d\u2019una vila emmurallada, s\u2019erigeix avui dia en una pla\u00e7a imponent, nexe d\u2019uni\u00f3 entre nucli hist\u00f2ric i modernitat.<\/strong><\/p>\n\n\n\n<p>La Pla\u00e7a Catalunya s\u2019erigeix avui dia com a punt de benvinguda per als visitants de Batea. I no li ve de nou, ja que segles enrere era literalment l\u2019arribada al poble, el punt d\u2019acc\u00e9s principal per als visitants que arribaven pel cam\u00ed de Tortosa i que es trobaven una vila completament emmurallada.<\/p>\n<\/div>\n<\/div>\n\n\n\n<div style=\"height:47px\" aria-hidden=\"true\" class=\"wp-block-spacer\"><\/div>\n\n\n\n<div class=\"wp-block-columns are-vertically-aligned-center is-layout-flex wp-container-core-columns-is-layout-28f84493 wp-block-columns-is-layout-flex\">\n<div class=\"wp-block-column is-vertically-aligned-center is-layout-flow wp-block-column-is-layout-flow\" style=\"flex-basis:24%\">\n<figure class=\"wp-block-image has-custom-border is-style-rounded\"><img loading=\"lazy\" decoding=\"async\" width=\"800\" height=\"800\" src=\"https:\/\/calparro.cat\/wp-content\/uploads\/2025\/12\/ajuntament1.jpg\" alt=\"\" class=\"wp-image-568\" style=\"border-top-left-radius:11px;border-top-right-radius:11px;border-bottom-left-radius:11px;border-bottom-right-radius:11px\" srcset=\"https:\/\/calparro.cat\/wp-content\/uploads\/2025\/12\/ajuntament1.jpg 800w, https:\/\/calparro.cat\/wp-content\/uploads\/2025\/12\/ajuntament1-300x300.jpg 300w, https:\/\/calparro.cat\/wp-content\/uploads\/2025\/12\/ajuntament1-150x150.jpg 150w\" sizes=\"auto, (max-width: 800px) 100vw, 800px\" \/><\/figure>\n<\/div>\n\n\n\n<div class=\"wp-block-column is-vertically-aligned-center is-layout-flow wp-block-column-is-layout-flow\" style=\"flex-basis:76%\">\n<div style=\"height:16px\" aria-hidden=\"true\" class=\"wp-block-spacer\"><\/div>\n\n\n\n<p style=\"text-decoration:underline\"><strong>Ca la Vila<\/strong><\/p>\n\n\n\n<p><strong>Un edifici que presidia l\u2019entrada a la Vila durant l\u2019edat mitjana i que avui alberga serveis per als turistes i els habitants de Batea.<\/strong><\/p>\n\n\n\n<p>Ca la Vila \u00e9s el nom que se li donava a la Casa Gran del municipi, origin\u00e0ria de l\u2019edat mitjana, i que \u00e9s avui la seu de l\u2019ajuntament. Va ser ampliada durant el segle XVI i reconstru\u00efda durant els segles XIX i XX.&nbsp;<\/p>\n<\/div>\n<\/div>\n\n\n\n<div style=\"height:47px\" aria-hidden=\"true\" class=\"wp-block-spacer\"><\/div>\n\n\n\n<div class=\"wp-block-columns are-vertically-aligned-center is-layout-flex wp-container-core-columns-is-layout-28f84493 wp-block-columns-is-layout-flex\">\n<div class=\"wp-block-column is-vertically-aligned-center is-layout-flow wp-block-column-is-layout-flow\" style=\"flex-basis:24%\">\n<figure class=\"wp-block-image has-custom-border is-style-rounded\"><img loading=\"lazy\" decoding=\"async\" width=\"400\" height=\"400\" src=\"https:\/\/calparro.cat\/wp-content\/uploads\/2025\/12\/capella3.jpg\" alt=\"\" class=\"wp-image-571\" style=\"border-top-left-radius:11px;border-top-right-radius:11px;border-bottom-left-radius:11px;border-bottom-right-radius:11px\" srcset=\"https:\/\/calparro.cat\/wp-content\/uploads\/2025\/12\/capella3.jpg 400w, https:\/\/calparro.cat\/wp-content\/uploads\/2025\/12\/capella3-300x300.jpg 300w, https:\/\/calparro.cat\/wp-content\/uploads\/2025\/12\/capella3-150x150.jpg 150w\" sizes=\"auto, (max-width: 400px) 100vw, 400px\" \/><\/figure>\n<\/div>\n\n\n\n<div class=\"wp-block-column is-vertically-aligned-center is-layout-flow wp-block-column-is-layout-flow\" style=\"flex-basis:76%\">\n<div style=\"height:16px\" aria-hidden=\"true\" class=\"wp-block-spacer\"><\/div>\n\n\n\n<p style=\"text-decoration:underline\"><strong>Capella Mare de D\u00e9u del Portal<\/strong><\/p>\n\n\n\n<p><strong>Capella dedicada a la patrona de la Vila, d\u2019estil barroc, amb gran ornamentaci\u00f3 i una c\u00fapula de grans dimensions.<\/strong><\/p>\n\n\n\n<p>La Capella de la Verge del Portal \u00e9s d\u2019estil barroc i fou constru\u00efda l\u2019any 1698. S\u2019hi venera la imatge de la patrona de la Vila, la Mare de D\u00e9u del Portal, una imatge que havia presidit el portal que tancava el carrer d\u2019En Perera, immediat a la capella.<\/p>\n<\/div>\n<\/div>\n\n\n\n<div style=\"height:47px\" aria-hidden=\"true\" class=\"wp-block-spacer\"><\/div>\n\n\n\n<div class=\"wp-block-columns are-vertically-aligned-center is-layout-flex wp-container-core-columns-is-layout-28f84493 wp-block-columns-is-layout-flex\">\n<div class=\"wp-block-column is-vertically-aligned-center is-layout-flow wp-block-column-is-layout-flow\" style=\"flex-basis:24%\">\n<figure class=\"wp-block-image has-custom-border\"><img loading=\"lazy\" decoding=\"async\" width=\"400\" height=\"400\" src=\"https:\/\/calparro.cat\/wp-content\/uploads\/2025\/12\/major2.jpg\" alt=\"\" class=\"wp-image-577\" style=\"border-top-left-radius:11px;border-top-right-radius:11px;border-bottom-left-radius:11px;border-bottom-right-radius:11px\" srcset=\"https:\/\/calparro.cat\/wp-content\/uploads\/2025\/12\/major2.jpg 400w, https:\/\/calparro.cat\/wp-content\/uploads\/2025\/12\/major2-300x300.jpg 300w, https:\/\/calparro.cat\/wp-content\/uploads\/2025\/12\/major2-150x150.jpg 150w\" sizes=\"auto, (max-width: 400px) 100vw, 400px\" \/><\/figure>\n<\/div>\n\n\n\n<div class=\"wp-block-column is-vertically-aligned-center is-layout-flow wp-block-column-is-layout-flow\" style=\"flex-basis:76%\">\n<div style=\"height:16px\" aria-hidden=\"true\" class=\"wp-block-spacer\"><\/div>\n\n\n\n<p style=\"text-decoration:underline\"><strong>Carrer Major<\/strong><\/p>\n\n\n\n<p><strong>El carrer principal de la Vila Closa, que donava acc\u00e9s a l\u2019Esgl\u00e9sia i al Castell per mitj\u00e0 d\u2019unes arcades g\u00f2tiques de l\u2019edat mitjana.<\/strong><\/p>\n\n\n\n<p>Pujar la costa del carrer Major \u00e9s comen\u00e7ar a endinsar-se en l\u2019antiga Vila Closa. Hi destaquen els arcs i porxades g\u00f2tiques dels segles XIII, XIV i XV, que servien d\u2019aixopluc als vianants en dies de pluja, i de botiga i obrador als comerciants artesans durant els dies de fira i de mercat setmanal.<\/p>\n<\/div>\n<\/div>\n","protected":false},"excerpt":{"rendered":"<p>Punt d&#8217;informaci\u00f3 tur\u00edstica Veur\u00e0s exposats tots els vins dels nostres productors locals, als baixos de l&#8217;Ajuntament de Batea. Obert tots els dies de l&#8217;any per oferir-vos informaci\u00f3 completa sobre la nostra localitat. Des de detalls administratius fins a esdeveniments i activitats, el nostre centre d&#8217;informaci\u00f3 \u00e9s la font central per con\u00e8ixer la vida a la &hellip; <\/p>\n<p class=\"link-more\"><a href=\"https:\/\/calparro.cat\/ca\/blog\/punts-dinteres\/\" class=\"more-link\">Read more<span class=\"screen-reader-text\"> &#8220;Punts d&#8217;inter\u00e8s&#8221;<\/span><\/a><\/p>\n","protected":false},"author":1,"featured_media":989,"parent":13,"menu_order":0,"comment_status":"closed","ping_status":"closed","template":"","meta":{"footnotes":""},"class_list":["post-560","page","type-page","status-publish","has-post-thumbnail","hentry"],"_links":{"self":[{"href":"https:\/\/calparro.cat\/ca\/wp-json\/wp\/v2\/pages\/560","targetHints":{"allow":["GET"]}}],"collection":[{"href":"https:\/\/calparro.cat\/ca\/wp-json\/wp\/v2\/pages"}],"about":[{"href":"https:\/\/calparro.cat\/ca\/wp-json\/wp\/v2\/types\/page"}],"author":[{"embeddable":true,"href":"https:\/\/calparro.cat\/ca\/wp-json\/wp\/v2\/users\/1"}],"replies":[{"embeddable":true,"href":"https:\/\/calparro.cat\/ca\/wp-json\/wp\/v2\/comments?post=560"}],"version-history":[{"count":17,"href":"https:\/\/calparro.cat\/ca\/wp-json\/wp\/v2\/pages\/560\/revisions"}],"predecessor-version":[{"id":1429,"href":"https:\/\/calparro.cat\/ca\/wp-json\/wp\/v2\/pages\/560\/revisions\/1429"}],"up":[{"embeddable":true,"href":"https:\/\/calparro.cat\/ca\/wp-json\/wp\/v2\/pages\/13"}],"wp:featuredmedia":[{"embeddable":true,"href":"https:\/\/calparro.cat\/ca\/wp-json\/wp\/v2\/media\/989"}],"wp:attachment":[{"href":"https:\/\/calparro.cat\/ca\/wp-json\/wp\/v2\/media?parent=560"}],"curies":[{"name":"wp","href":"https:\/\/api.w.org\/{rel}","templated":true}]}}