{"id":540,"date":"2025-12-26T12:20:51","date_gmt":"2025-12-26T10:20:51","guid":{"rendered":"https:\/\/calparro.cat\/ca\/?page_id=540"},"modified":"2026-02-22T13:42:45","modified_gmt":"2026-02-22T11:42:45","slug":"historia","status":"publish","type":"page","link":"https:\/\/calparro.cat\/ca\/blog\/historia\/","title":{"rendered":"Hist\u00f2ria"},"content":{"rendered":"\n<h3 class=\"wp-block-heading\"><strong>Aproximaci\u00f3 hist\u00f2rica a la vila de Batea<\/strong><\/h3>\n\n\n\n<p>Alguns historiadors han identificat Batea amb una important ciutat d\u2019Ilercav\u00f2nia (citada per Ptolemeu) coneguda per \u201cAdeba\u201d. Hi ha dubtes sobre aquest sup\u00f2sit, per\u00f2 \u00e9s obvi que Batea, com la resta de poblacions de la comarca de la Terra Alta, \u00e9s d\u2019origen protohist\u00f2ric.<\/p>\n\n\n\n<figure class=\"wp-block-image\"><img decoding=\"async\" src=\"https:\/\/turismebatea.com\/assets\/img\/historia\/muralles.jpg\" alt=\"\"\/><\/figure>\n\n\n\n<p>Existeixen restes de diferents poblats ibers ubicats al terme de Batea. I tamb\u00e9 d\u2019un tram de 3 km de l\u2019antiga via romana, que comunicava el port de Dertusa (Tortosa) amb les ciutats de l\u2019interior de la prov\u00edncia Tarraconense, com Ilerda (Lleida) i Caesaraugusta (Saragossa). El tra\u00e7at es correspon amb l\u2019antic cam\u00ed dels Massalocans, que va de Batea a la Pobla de Massaluca, i \u00e9s el principal vestigi que ha quedat del pas dels romans per Batea.<\/p>\n\n\n\n<figure class=\"wp-block-image\"><img decoding=\"async\" src=\"https:\/\/turismebatea.com\/assets\/img\/historia\/santpol.jpg\" alt=\"\"\/><\/figure>\n\n\n\n<p>Despr\u00e9s d\u2019haver pres el territori als \u00e0rabs, l\u2019any 1153, Batea se cita per primer cop en un document escrit. Es tracta de la carta de donaci\u00f3 de Ramon Berenguer IV als Templers de Miravet. L\u2019any 1181 hi ha dues concessions d\u2019Alfons I referents a Batea i l\u2019Algars. Atorga carta de poblament als futurs residents sota el fur de Saragossa, per\u00f2 alhora concedeix els dos castells, a fur de Barcelona, al cavaller Bernat Granell el qual va fer-ho efectiu. Uns anys despr\u00e9s, els templers van exigir i recuperar el domini de Batea i l\u2019Algars.<\/p>\n\n\n\n<p>Quan el 1317 els hospitalers van heretar els b\u00e9ns dels templers, Batea, Pinyeres i l\u2019Algars formaven part de la Batllia de Miravet, la qual es coneixeria m\u00e9s endavant com la Castellania d\u2019Amposta.<\/p>\n\n\n\n<figure class=\"wp-block-image\"><img decoding=\"async\" src=\"https:\/\/turismebatea.com\/assets\/img\/historia\/castellania.jpg\" alt=\"\"\/><\/figure>\n\n\n\n<p>Despr\u00e9s d\u2019uns segles de moltes guerres i epid\u00e8mies, al XVIII arriba la prosperitat econ\u00f2mica i demogr\u00e0fica. Es fa palesa en la construcci\u00f3 de la nova esgl\u00e9sia parroquial de Sant Miquel i en l\u2019expansi\u00f3 agr\u00edcola m\u00e9s enll\u00e0 del terme municipal i en l\u2019engrandiment del poble.<\/p>\n\n\n\n<p>Durant la Guerra Civil (1936-1939), la vila es troba situada a la reraguarda del front de l\u2019Ebre, plena d\u2019hospitals de campanya.<br><img decoding=\"async\" width=\"300\" src=\"https:\/\/turismebatea.com\/assets\/img\/historia\/placa.jpg\"><\/p>\n","protected":false},"excerpt":{"rendered":"<p>Aproximaci\u00f3 hist\u00f2rica a la vila de Batea Alguns historiadors han identificat Batea amb una important ciutat d\u2019Ilercav\u00f2nia (citada per Ptolemeu) coneguda per \u201cAdeba\u201d. Hi ha dubtes sobre aquest sup\u00f2sit, per\u00f2 \u00e9s obvi que Batea, com la resta de poblacions de la comarca de la Terra Alta, \u00e9s d\u2019origen protohist\u00f2ric. Existeixen restes de diferents poblats ibers &hellip; <\/p>\n<p class=\"link-more\"><a href=\"https:\/\/calparro.cat\/ca\/blog\/historia\/\" class=\"more-link\">Read more<span class=\"screen-reader-text\"> &#8220;Hist\u00f2ria&#8221;<\/span><\/a><\/p>\n","protected":false},"author":1,"featured_media":988,"parent":13,"menu_order":0,"comment_status":"closed","ping_status":"closed","template":"","meta":{"footnotes":""},"class_list":["post-540","page","type-page","status-publish","has-post-thumbnail","hentry"],"_links":{"self":[{"href":"https:\/\/calparro.cat\/ca\/wp-json\/wp\/v2\/pages\/540","targetHints":{"allow":["GET"]}}],"collection":[{"href":"https:\/\/calparro.cat\/ca\/wp-json\/wp\/v2\/pages"}],"about":[{"href":"https:\/\/calparro.cat\/ca\/wp-json\/wp\/v2\/types\/page"}],"author":[{"embeddable":true,"href":"https:\/\/calparro.cat\/ca\/wp-json\/wp\/v2\/users\/1"}],"replies":[{"embeddable":true,"href":"https:\/\/calparro.cat\/ca\/wp-json\/wp\/v2\/comments?post=540"}],"version-history":[{"count":9,"href":"https:\/\/calparro.cat\/ca\/wp-json\/wp\/v2\/pages\/540\/revisions"}],"predecessor-version":[{"id":1425,"href":"https:\/\/calparro.cat\/ca\/wp-json\/wp\/v2\/pages\/540\/revisions\/1425"}],"up":[{"embeddable":true,"href":"https:\/\/calparro.cat\/ca\/wp-json\/wp\/v2\/pages\/13"}],"wp:featuredmedia":[{"embeddable":true,"href":"https:\/\/calparro.cat\/ca\/wp-json\/wp\/v2\/media\/988"}],"wp:attachment":[{"href":"https:\/\/calparro.cat\/ca\/wp-json\/wp\/v2\/media?parent=540"}],"curies":[{"name":"wp","href":"https:\/\/api.w.org\/{rel}","templated":true}]}}