{"id":13,"date":"2025-06-21T19:58:30","date_gmt":"2025-06-21T17:58:30","guid":{"rendered":"https:\/\/xavieradriafrigola.com\/?page_id=13"},"modified":"2026-02-22T13:39:21","modified_gmt":"2026-02-22T11:39:21","slug":"blog","status":"publish","type":"page","link":"https:\/\/calparro.cat\/ca\/blog\/","title":{"rendered":"El Poble"},"content":{"rendered":"\n<div class=\"wp-block-group has-global-padding is-layout-constrained wp-block-group-is-layout-constrained\">\n<h2 class=\"wp-block-heading\">Batea<\/h2>\n\n\n\n<div class=\"wp-block-columns are-vertically-aligned-center is-layout-flex wp-container-core-columns-is-layout-28f84493 wp-block-columns-is-layout-flex\">\n<div class=\"wp-block-column is-vertically-aligned-center is-layout-flow wp-block-column-is-layout-flow\" style=\"flex-basis:100%\">\n<p>Batea \u00e9s un municipi de la comarca de la Terra Alta, a la prov\u00edncia de Tarragona, que destaca pel seu patrimoni hist\u00f2ric, el seu entorn natural i una economia fortament vinculada a l\u2019agricultura i al vi. <\/p>\n\n\n\n<p>Amb una identitat arrelada i una clara vocaci\u00f3 de futur, Batea combina tradici\u00f3, qualitat de vida i desenvolupament sostenible.<\/p>\n<\/div>\n\n\n\n<div class=\"wp-block-column is-vertically-aligned-center is-layout-flow wp-block-column-is-layout-flow\" style=\"flex-basis:100%\">\n<figure class=\"wp-block-image size-full has-custom-border is-style-rounded\"><img loading=\"lazy\" decoding=\"async\" width=\"1000\" height=\"667\" src=\"https:\/\/calparro.cat\/wp-content\/uploads\/2025\/12\/image-5.png\" alt=\"\" class=\"wp-image-558\" style=\"border-top-left-radius:11px;border-top-right-radius:11px;border-bottom-left-radius:11px;border-bottom-right-radius:11px;aspect-ratio:4\/3;object-fit:cover\" srcset=\"https:\/\/calparro.cat\/wp-content\/uploads\/2025\/12\/image-5.png 1000w, https:\/\/calparro.cat\/wp-content\/uploads\/2025\/12\/image-5-300x200.png 300w\" sizes=\"auto, (max-width: 1000px) 100vw, 1000px\" \/><\/figure>\n<\/div>\n<\/div>\n\n\n\n<div style=\"height:47px\" aria-hidden=\"true\" class=\"wp-block-spacer\"><\/div>\n<\/div>\n\n\n\n<div class=\"wp-block-group has-global-padding is-layout-constrained wp-block-group-is-layout-constrained\">\n<h2 class=\"wp-block-heading\">Hist\u00f2ria<\/h2>\n\n\n\n<div class=\"wp-block-columns are-vertically-aligned-center is-style-rounded is-layout-flex wp-container-core-columns-is-layout-28f84493 wp-block-columns-is-layout-flex\">\n<div class=\"wp-block-column is-vertically-aligned-center is-layout-flow wp-block-column-is-layout-flow\" style=\"flex-basis:50%\">\n<figure class=\"wp-block-image has-custom-border is-style-rounded\"><img loading=\"lazy\" decoding=\"async\" width=\"800\" height=\"800\" src=\"https:\/\/calparro.cat\/wp-content\/uploads\/2025\/12\/image-1.png\" alt=\"\" class=\"wp-image-547\" style=\"border-top-left-radius:11px;border-top-right-radius:11px;border-bottom-left-radius:11px;border-bottom-right-radius:11px;aspect-ratio:4\/3;object-fit:cover\" srcset=\"https:\/\/calparro.cat\/wp-content\/uploads\/2025\/12\/image-1.png 800w, https:\/\/calparro.cat\/wp-content\/uploads\/2025\/12\/image-1-300x300.png 300w, https:\/\/calparro.cat\/wp-content\/uploads\/2025\/12\/image-1-150x150.png 150w\" sizes=\"auto, (max-width: 800px) 100vw, 800px\" \/><\/figure>\n<\/div>\n\n\n\n<div class=\"wp-block-column is-vertically-aligned-center is-layout-flow wp-block-column-is-layout-flow\" style=\"flex-basis:50%\">\n<p>El nucli antic de Batea conserva l\u2019estructura pr\u00f2pia dels pobles hist\u00f2rics de la Terra Alta. Els seus carrers i places s\u00f3n testimoni d\u2019un passat estretament lligat a l\u2019agricultura, a les ordres militars i a la vida rural tradicional. <\/p>\n\n\n\n<p>El patrimoni arquitect\u00f2nic i urban\u00edstic reflecteix segles d\u2019hist\u00f2ria i l\u2019evoluci\u00f3 del municipi al llarg del temps.<\/p>\n<\/div>\n<\/div>\n\n\n\n<div style=\"height:47px\" aria-hidden=\"true\" class=\"wp-block-spacer\"><\/div>\n<\/div>\n\n\n\n<div class=\"wp-block-group has-global-padding is-layout-constrained wp-block-group-is-layout-constrained\">\n<h2 class=\"wp-block-heading\">Punts d\u2019inter\u00e8s<\/h2>\n\n\n\n<div class=\"wp-block-columns is-style-rounded is-layout-flex wp-container-core-columns-is-layout-28f84493 wp-block-columns-is-layout-flex\">\n<div class=\"wp-block-column is-vertically-aligned-center is-layout-flow wp-block-column-is-layout-flow\" style=\"flex-basis:50%\">\n<p>Situat en un entorn privilegiat de vinyes i oliveres, Batea ofereix un paisatge ideal tant per viure-hi com per visitar-lo. <\/p>\n\n\n\n<p>Els espais naturals del terme municipal, juntament amb els elements patrimonials del poble, conviden a passejar, descobrir i gaudir d\u2019un entorn tranquil i aut\u00e8ntic.<\/p>\n<\/div>\n\n\n\n<div class=\"wp-block-column is-layout-flow wp-block-column-is-layout-flow\" style=\"flex-basis:50%\">\n<figure class=\"wp-block-image has-custom-border is-style-rounded\"><img loading=\"lazy\" decoding=\"async\" width=\"400\" height=\"400\" src=\"https:\/\/calparro.cat\/wp-content\/uploads\/2025\/12\/image-3.png\" alt=\"\" class=\"wp-image-550\" style=\"border-top-left-radius:11px;border-top-right-radius:11px;border-bottom-left-radius:11px;border-bottom-right-radius:11px\" srcset=\"https:\/\/calparro.cat\/wp-content\/uploads\/2025\/12\/image-3.png 400w, https:\/\/calparro.cat\/wp-content\/uploads\/2025\/12\/image-3-300x300.png 300w, https:\/\/calparro.cat\/wp-content\/uploads\/2025\/12\/image-3-150x150.png 150w\" sizes=\"auto, (max-width: 400px) 100vw, 400px\" \/><\/figure>\n<\/div>\n<\/div>\n\n\n\n<div style=\"height:47px\" aria-hidden=\"true\" class=\"wp-block-spacer\"><\/div>\n\n\n\n<div class=\"wp-block-group has-global-padding is-layout-constrained wp-block-group-is-layout-constrained\">\n<h2 class=\"wp-block-heading\">Enoturisme<\/h2>\n\n\n\n<div class=\"wp-block-columns are-vertically-aligned-center is-style-rounded is-layout-flex wp-container-core-columns-is-layout-28f84493 wp-block-columns-is-layout-flex\">\n<div class=\"wp-block-column is-vertically-aligned-center is-layout-flow wp-block-column-is-layout-flow\" style=\"flex-basis:50%\">\n<figure class=\"wp-block-image size-large has-custom-border is-style-rounded\"><img loading=\"lazy\" decoding=\"async\" width=\"1024\" height=\"769\" src=\"https:\/\/calparro.cat\/wp-content\/uploads\/2025\/12\/terra-alta-07-1024x769.jpg\" alt=\"\" class=\"wp-image-732\" style=\"border-top-left-radius:11px;border-top-right-radius:11px;border-bottom-left-radius:11px;border-bottom-right-radius:11px;aspect-ratio:4\/3;object-fit:cover\" srcset=\"https:\/\/calparro.cat\/wp-content\/uploads\/2025\/12\/terra-alta-07-1024x769.jpg 1024w, https:\/\/calparro.cat\/wp-content\/uploads\/2025\/12\/terra-alta-07-300x225.jpg 300w, https:\/\/calparro.cat\/wp-content\/uploads\/2025\/12\/terra-alta-07.jpg 1200w\" sizes=\"auto, (max-width: 1024px) 100vw, 1024px\" \/><\/figure>\n<\/div>\n\n\n\n<div class=\"wp-block-column is-vertically-aligned-center is-layout-flow wp-block-column-is-layout-flow\" style=\"flex-basis:50%\">\n<p>Batea forma part de la Denominaci\u00f3 d\u2019Origen Terra Alta, reconeguda especialment pels vins elaborats amb garnatxa blanca. L\u2019enoturisme s\u2019ha consolidat com una experi\u00e8ncia clau per con\u00e8ixer el territori, amb visites a cellers, tastos de vins i activitats vinculades a la cultura vitivin\u00edcola i al paisatge.<\/p>\n<\/div>\n<\/div>\n\n\n\n<div style=\"height:47px\" aria-hidden=\"true\" class=\"wp-block-spacer\"><\/div>\n\n\n\n<div class=\"wp-block-group has-global-padding is-layout-constrained wp-block-group-is-layout-constrained\">\n<div class=\"wp-block-group has-global-padding is-layout-constrained wp-block-group-is-layout-constrained\">\n<h2 class=\"wp-block-heading\">Productors locals<\/h2>\n\n\n\n<div class=\"wp-block-columns are-vertically-aligned-center is-style-rounded is-layout-flex wp-container-core-columns-is-layout-28f84493 wp-block-columns-is-layout-flex\">\n<div class=\"wp-block-column is-vertically-aligned-center is-layout-flow wp-block-column-is-layout-flow\" style=\"flex-basis:50%\">\n<p>L\u2019agricultura \u00e9s un dels pilars fonamentals de l\u2019economia de Batea. A m\u00e9s del vi, destaquen altres productes de qualitat vinculats a la terra, com l\u2019oli d\u2019oliva i els productes agroalimentaris de proximitat. Els productors locals combinen tradici\u00f3 i innovaci\u00f3, contribuint al desenvolupament econ\u00f2mic i a la preservaci\u00f3 del territori.<\/p>\n<\/div>\n\n\n\n<div class=\"wp-block-column is-vertically-aligned-center is-layout-flow wp-block-column-is-layout-flow\" style=\"flex-basis:50%\">\n<figure class=\"wp-block-image size-full has-custom-border is-style-rounded\"><img loading=\"lazy\" decoding=\"async\" width=\"1024\" height=\"1024\" src=\"https:\/\/calparro.cat\/wp-content\/uploads\/2025\/12\/altavins.webp\" alt=\"\" class=\"wp-image-739\" style=\"border-top-left-radius:11px;border-top-right-radius:11px;border-bottom-left-radius:11px;border-bottom-right-radius:11px;aspect-ratio:4\/3;object-fit:cover\" srcset=\"https:\/\/calparro.cat\/wp-content\/uploads\/2025\/12\/altavins.webp 1024w, https:\/\/calparro.cat\/wp-content\/uploads\/2025\/12\/altavins-300x300.webp 300w, https:\/\/calparro.cat\/wp-content\/uploads\/2025\/12\/altavins-150x150.webp 150w\" sizes=\"auto, (max-width: 1024px) 100vw, 1024px\" \/><\/figure>\n<\/div>\n<\/div>\n\n\n\n<div style=\"height:47px\" aria-hidden=\"true\" class=\"wp-block-spacer\"><\/div>\n<\/div>\n<\/div>\n<\/div>\n<\/div>\n\n\n\n<div class=\"wp-block-group has-global-padding is-layout-constrained wp-block-group-is-layout-constrained\">\n<div class=\"wp-block-group has-global-padding is-layout-constrained wp-block-group-is-layout-constrained\">\n<h2 class=\"wp-block-heading\">Hostaleria<\/h2>\n\n\n\n<div class=\"wp-block-columns are-vertically-aligned-center is-style-rounded is-layout-flex wp-container-core-columns-is-layout-28f84493 wp-block-columns-is-layout-flex\">\n<div class=\"wp-block-column is-vertically-aligned-center is-layout-flow wp-block-column-is-layout-flow\" style=\"flex-basis:50%\">\n<figure class=\"wp-block-image size-full is-resized has-custom-border is-style-rounded\"><img loading=\"lazy\" decoding=\"async\" width=\"400\" height=\"400\" src=\"https:\/\/calparro.cat\/wp-content\/uploads\/2025\/12\/miravall1.jpg\" alt=\"\" class=\"wp-image-741\" style=\"border-top-left-radius:11px;border-top-right-radius:11px;border-bottom-left-radius:11px;border-bottom-right-radius:11px;aspect-ratio:4\/3;object-fit:cover;width:583px;height:auto\" srcset=\"https:\/\/calparro.cat\/wp-content\/uploads\/2025\/12\/miravall1.jpg 400w, https:\/\/calparro.cat\/wp-content\/uploads\/2025\/12\/miravall1-300x300.jpg 300w, https:\/\/calparro.cat\/wp-content\/uploads\/2025\/12\/miravall1-150x150.jpg 150w\" sizes=\"auto, (max-width: 400px) 100vw, 400px\" \/><\/figure>\n<\/div>\n\n\n\n<div class=\"wp-block-column is-vertically-aligned-center is-layout-flow wp-block-column-is-layout-flow\" style=\"flex-basis:50%\">\n<p>Batea disposa d\u2019una oferta d\u2019hostaleria i restauraci\u00f3 que permet al visitant descobrir la gastronomia local i gaudir d\u2019una estada acollidora. Els establiments del municipi aposten pels productes de proximitat i per una atenci\u00f3 propera, refor\u00e7ant l\u2019experi\u00e8ncia tur\u00edstica i el car\u00e0cter hospitalari del poble.<\/p>\n<\/div>\n<\/div>\n<\/div>\n<\/div>\n","protected":false},"excerpt":{"rendered":"<p>Batea Batea \u00e9s un municipi de la comarca de la Terra Alta, a la prov\u00edncia de Tarragona, que destaca pel seu patrimoni hist\u00f2ric, el seu entorn natural i una economia fortament vinculada a l\u2019agricultura i al vi. Amb una identitat arrelada i una clara vocaci\u00f3 de futur, Batea combina tradici\u00f3, qualitat de vida i desenvolupament &hellip; <\/p>\n<p class=\"link-more\"><a href=\"https:\/\/calparro.cat\/ca\/blog\/\" class=\"more-link\">Read more<span class=\"screen-reader-text\"> &#8220;El Poble&#8221;<\/span><\/a><\/p>\n","protected":false},"author":1,"featured_media":341,"parent":0,"menu_order":0,"comment_status":"closed","ping_status":"closed","template":"","meta":{"footnotes":""},"class_list":["post-13","page","type-page","status-publish","has-post-thumbnail","hentry"],"_links":{"self":[{"href":"https:\/\/calparro.cat\/ca\/wp-json\/wp\/v2\/pages\/13","targetHints":{"allow":["GET"]}}],"collection":[{"href":"https:\/\/calparro.cat\/ca\/wp-json\/wp\/v2\/pages"}],"about":[{"href":"https:\/\/calparro.cat\/ca\/wp-json\/wp\/v2\/types\/page"}],"author":[{"embeddable":true,"href":"https:\/\/calparro.cat\/ca\/wp-json\/wp\/v2\/users\/1"}],"replies":[{"embeddable":true,"href":"https:\/\/calparro.cat\/ca\/wp-json\/wp\/v2\/comments?post=13"}],"version-history":[{"count":46,"href":"https:\/\/calparro.cat\/ca\/wp-json\/wp\/v2\/pages\/13\/revisions"}],"predecessor-version":[{"id":1420,"href":"https:\/\/calparro.cat\/ca\/wp-json\/wp\/v2\/pages\/13\/revisions\/1420"}],"wp:featuredmedia":[{"embeddable":true,"href":"https:\/\/calparro.cat\/ca\/wp-json\/wp\/v2\/media\/341"}],"wp:attachment":[{"href":"https:\/\/calparro.cat\/ca\/wp-json\/wp\/v2\/media?parent=13"}],"curies":[{"name":"wp","href":"https:\/\/api.w.org\/{rel}","templated":true}]}}