{"id":110,"date":"2025-08-17T20:01:15","date_gmt":"2025-08-17T18:01:15","guid":{"rendered":"https:\/\/xavieradriafrigola.com\/?page_id=110"},"modified":"2026-02-24T22:59:56","modified_gmt":"2026-02-24T20:59:56","slug":"portada","status":"publish","type":"page","link":"https:\/\/calparro.cat\/ca\/","title":{"rendered":"Cal Parro"},"content":{"rendered":"\n<div class=\"wp-block-group is-style-default has-light-background-background-color has-background has-global-padding is-layout-constrained wp-container-core-group-is-layout-02ab25f7 wp-block-group-is-layout-constrained\" style=\"padding-top:60px;padding-bottom:60px;padding-left:0\">\n<div class=\"wp-block-group has-global-padding is-layout-constrained wp-block-group-is-layout-constrained\">\n<div class=\"wp-block-columns are-vertically-aligned-center is-layout-flex wp-container-core-columns-is-layout-d7d455e7 wp-block-columns-is-layout-flex\" style=\"padding-top:0;padding-right:0;padding-bottom:0;padding-left:0\">\n<div class=\"wp-block-column is-vertically-aligned-center is-layout-flow wp-block-column-is-layout-flow\">\n<div class=\"wp-block-columns are-vertically-aligned-center is-layout-flex wp-container-core-columns-is-layout-28f84493 wp-block-columns-is-layout-flex\">\n<div class=\"wp-block-column is-vertically-aligned-center is-layout-flow wp-block-column-is-layout-flow\">\n<figure class=\"wp-block-image size-full has-custom-border is-style-rounded\"><img loading=\"lazy\" decoding=\"async\" width=\"471\" height=\"768\" src=\"https:\/\/calparro.cat\/wp-content\/uploads\/2025\/08\/calparro2.jpg\" alt=\"\" class=\"wp-image-114\" style=\"border-top-left-radius:11px;border-top-right-radius:11px;border-bottom-left-radius:11px;border-bottom-right-radius:11px\" srcset=\"https:\/\/calparro.cat\/wp-content\/uploads\/2025\/08\/calparro2.jpg 471w, https:\/\/calparro.cat\/wp-content\/uploads\/2025\/08\/calparro2-184x300.jpg 184w\" sizes=\"auto, (max-width: 471px) 100vw, 471px\" \/><\/figure>\n<\/div>\n\n\n\n<div class=\"wp-block-column is-vertically-aligned-center is-layout-flow wp-block-column-is-layout-flow\">\n<h2 class=\"wp-block-heading has-text-align-left\">Benvinguts a Cal Parro<\/h2>\n\n\n\n<p>La nostra casa rural situada en un entorn encantador on la tranquil\u00b7litat, la natura i la tradici\u00f3 s\u2019uneixen per oferir-te una estada inoblidable.<\/p>\n\n\n\n<details class=\"wp-block-details is-layout-flow wp-block-details-is-layout-flow\"><summary><strong>Veure&#8217;n m\u00e9s<\/strong><\/summary>\n<p>A Cal Parro, obrim les portes d\u2019una casa de pedra amb hist\u00f2ria, restaurada amb cura per preservar l\u2019ess\u00e8ncia del passat i alhora oferir totes les comoditats d\u2019avui. <\/p>\n\n\n\n<p>Situada <strong>al casc antic medieval de Batea<\/strong>, a la <strong>comarca de la Terra Alta<\/strong>, \u00e9s el punt de partida ideal per descobrir la natura, les rutes de senderisme, els productes locals i la cultura de la zona.<\/p>\n\n\n\n<p>Som una fam\u00edlia arrelada al territori i ens fa especial il\u00b7lusi\u00f3 compartir amb vosaltres el que m\u00e9s estimem: l\u2019hospitalitat i un entorn on el temps sembla aturar-se.<\/p>\n\n\n\n<p>Tant si veniu en parella, amb amics o en fam\u00edlia, trobareu un espai acollidor per descansar, desconnectar i reconnectar amb all\u00f2 essencial.<\/p>\n\n\n\n<p>A Cal Parro no nom\u00e9s oferim allotjament, sin\u00f3 una experi\u00e8ncia de vida rural aut\u00e8ntica.<\/p>\n<\/details>\n<\/div>\n<\/div>\n<\/div>\n<\/div>\n<\/div>\n<\/div>\n\n\n\n<div class=\"wp-block-group has-global-padding is-layout-constrained wp-block-group-is-layout-constrained\">\n<div class=\"wp-block-columns is-layout-flex wp-container-core-columns-is-layout-28f84493 wp-block-columns-is-layout-flex\">\n<div class=\"wp-block-column is-layout-flow wp-block-column-is-layout-flow\" style=\"flex-basis:100%\">\n<div class=\"wp-block-group is-layout-flow wp-block-group-is-layout-flow\">\n<h1 class=\"wp-block-heading has-text-align-center has-max-60-font-size\"><strong>Qu\u00e8 us oferim?<\/strong><\/h1>\n\n\n\n<div style=\"height:14px\" aria-hidden=\"true\" class=\"wp-block-spacer\"><\/div>\n\n\n\n<div id=\"team\" class=\"wp-block-group has-global-padding is-layout-constrained wp-block-group-is-layout-constrained\">\n<div class=\"wp-block-group is-layout-flow wp-block-group-is-layout-flow\">\n<h2 class=\"wp-block-heading ocultar-text has-x-large-font-size\" style=\"border-style:none;border-width:0px;font-style:normal;font-weight:800\">La Casa<\/h2>\n\n\n\n<div class=\"wp-block-group has-global-padding is-layout-constrained wp-block-group-is-layout-constrained\">\n<details class=\"wp-block-details has-large-font-size is-layout-flow wp-block-details-is-layout-flow\"><summary><strong>Detalls<\/strong><\/summary>\n<p class=\"has-medium-font-size\">\ud83c\udff0 <strong>Allotjaments al cor del centre hist\u00f2ric medieval de Batea (Terra Alta).<\/strong><\/p>\n\n\n\n<p class=\"has-medium-font-size\">\ud83d\udecf\ufe0f Reformats pensant en la <strong>comoditat dels hostes<\/strong> \u2728<br>\ud83d\udcdc Conservant l\u2019ess\u00e8ncia dels <strong>habitatges originals<\/strong> d\u2019aquest edifici del <strong>segle XVII<\/strong>.<\/p>\n<\/details>\n<\/div>\n\n\n\n<details class=\"wp-block-details has-large-font-size is-layout-flow wp-block-details-is-layout-flow\"><summary><strong>Apartament 1<\/strong><\/summary>\n<p class=\"has-medium-font-size\">\ud83c\udf1e <strong>Apartament amb \u00e0mplia terrassa<\/strong> (inclou <strong>piscina d\u2019estiu privada \ud83c\udfca\u200d\u2642\ufe0f<\/strong>)<\/p>\n\n\n\n<p class=\"has-medium-font-size\">\ud83d\udecf\ufe0f 1 habitaci\u00f3 doble amb vestidor<br>\ud83c\udf73 Cuina equipada<br>\ud83c\udf7d\ufe0f Menjador amb zona d\u2019estar \ud83d\udecb\ufe0f<br>\ud83d\udebf Bany complet amb plat de dutxa<\/p>\n<\/details>\n\n\n\n<div class=\"wp-block-columns is-layout-flex wp-container-core-columns-is-layout-28f84493 wp-block-columns-is-layout-flex\">\n<div class=\"wp-block-column is-style-default is-layout-flow wp-block-column-is-layout-flow\" style=\"border-style:none;border-width:0px;padding-top:0;padding-right:0;padding-bottom:0;padding-left:0\">\n<figure class=\"wp-block-image size-full has-custom-border is-style-default\"><img loading=\"lazy\" decoding=\"async\" width=\"2560\" height=\"1560\" src=\"https:\/\/calparro.cat\/wp-content\/uploads\/2025\/11\/1708265231646-scaled.jpg\" alt=\"\" class=\"wp-image-374\" style=\"border-radius:11px;aspect-ratio:4\/3;object-fit:cover\" srcset=\"https:\/\/calparro.cat\/wp-content\/uploads\/2025\/11\/1708265231646-scaled.jpg 2560w, https:\/\/calparro.cat\/wp-content\/uploads\/2025\/11\/1708265231646-300x183.jpg 300w, https:\/\/calparro.cat\/wp-content\/uploads\/2025\/11\/1708265231646-1024x624.jpg 1024w, https:\/\/calparro.cat\/wp-content\/uploads\/2025\/11\/1708265231646-2000x1219.jpg 2000w\" sizes=\"auto, (max-width: 2560px) 100vw, 2560px\" \/><\/figure>\n\n\n\n<h3 class=\"wp-block-heading has-small-font-size\">Sala d&#8217;estar<\/h3>\n<\/div>\n\n\n\n<div class=\"wp-block-column is-style-default is-layout-flow wp-block-column-is-layout-flow\" style=\"border-style:none;border-width:0px;padding-top:0;padding-right:0;padding-bottom:0;padding-left:0\">\n<figure class=\"wp-block-image size-full has-custom-border\"><img loading=\"lazy\" decoding=\"async\" width=\"2560\" height=\"1920\" src=\"https:\/\/calparro.cat\/wp-content\/uploads\/2025\/11\/IMG_5613-scaled.jpg\" alt=\"\" class=\"wp-image-387\" style=\"border-radius:11px;aspect-ratio:4\/3;object-fit:cover\" srcset=\"https:\/\/calparro.cat\/wp-content\/uploads\/2025\/11\/IMG_5613-scaled.jpg 2560w, https:\/\/calparro.cat\/wp-content\/uploads\/2025\/11\/IMG_5613-300x225.jpg 300w, https:\/\/calparro.cat\/wp-content\/uploads\/2025\/11\/IMG_5613-1024x768.jpg 1024w, https:\/\/calparro.cat\/wp-content\/uploads\/2025\/11\/IMG_5613-2000x1500.jpg 2000w\" sizes=\"auto, (max-width: 2560px) 100vw, 2560px\" \/><\/figure>\n\n\n\n<h3 class=\"wp-block-heading has-small-font-size\">Habitaci\u00f3 doble<\/h3>\n<\/div>\n<\/div>\n\n\n\n<div class=\"wp-block-columns is-layout-flex wp-container-core-columns-is-layout-28f84493 wp-block-columns-is-layout-flex\">\n<div class=\"wp-block-column is-style-default is-layout-flow wp-block-column-is-layout-flow\" style=\"border-style:none;border-width:0px;padding-top:0;padding-right:0;padding-bottom:0;padding-left:0\">\n<figure class=\"wp-block-image size-full has-custom-border is-style-default\"><img loading=\"lazy\" decoding=\"async\" width=\"2560\" height=\"1920\" src=\"https:\/\/calparro.cat\/wp-content\/uploads\/2025\/11\/image3-scaled.jpeg\" alt=\"\" class=\"wp-image-384\" style=\"border-radius:11px;aspect-ratio:4\/3;object-fit:cover\" srcset=\"https:\/\/calparro.cat\/wp-content\/uploads\/2025\/11\/image3-scaled.jpeg 2560w, https:\/\/calparro.cat\/wp-content\/uploads\/2025\/11\/image3-300x225.jpeg 300w, https:\/\/calparro.cat\/wp-content\/uploads\/2025\/11\/image3-1024x768.jpeg 1024w, https:\/\/calparro.cat\/wp-content\/uploads\/2025\/11\/image3-2000x1500.jpeg 2000w\" sizes=\"auto, (max-width: 2560px) 100vw, 2560px\" \/><\/figure>\n\n\n\n<h3 class=\"wp-block-heading has-small-font-size\">Bany<\/h3>\n<\/div>\n\n\n\n<div class=\"wp-block-column is-style-default is-layout-flow wp-block-column-is-layout-flow\" style=\"border-style:none;border-width:0px;padding-top:0;padding-right:0;padding-bottom:0;padding-left:0\">\n<figure class=\"wp-block-image size-full has-custom-border\"><img loading=\"lazy\" decoding=\"async\" width=\"1920\" height=\"1489\" src=\"https:\/\/calparro.cat\/wp-content\/uploads\/2025\/11\/piscina.jpg\" alt=\"\" class=\"wp-image-376\" style=\"border-radius:11px;aspect-ratio:4\/3;object-fit:cover\" srcset=\"https:\/\/calparro.cat\/wp-content\/uploads\/2025\/11\/piscina.jpg 1920w, https:\/\/calparro.cat\/wp-content\/uploads\/2025\/11\/piscina-300x233.jpg 300w, https:\/\/calparro.cat\/wp-content\/uploads\/2025\/11\/piscina-1024x794.jpg 1024w\" sizes=\"auto, (max-width: 1920px) 100vw, 1920px\" \/><\/figure>\n\n\n\n<h3 class=\"wp-block-heading has-small-font-size\">Terrassa amb piscina<\/h3>\n<\/div>\n<\/div>\n<\/div>\n<\/div>\n\n\n\n<div id=\"team\" class=\"wp-block-group has-global-padding is-layout-constrained wp-block-group-is-layout-constrained\">\n<div class=\"wp-block-group is-layout-flow wp-block-group-is-layout-flow\">\n<h3 class=\"wp-block-heading\"><a href=\"https:\/\/calparro.cat\/ca\/apartament-1\/\" data-type=\"link\" data-id=\"https:\/\/calparro.cat\/ca\/apartament-1\/\" target=\"_blank\" rel=\"noreferrer noopener\">Veure&#8217;n m\u00e9s<\/a><\/h3>\n\n\n\n<details class=\"wp-block-details has-large-font-size is-layout-flow wp-block-details-is-layout-flow\"><summary><strong>Apartament 2<\/strong><\/summary>\n<p class=\"has-medium-font-size\">\ud83c\udf3f <strong>Apartament d\u2019estil r\u00fastic<\/strong><\/p>\n\n\n\n<p class=\"has-medium-font-size\">\ud83c\udf73 Cuina oberta<br>\ud83c\udf7d\ufe0f Menjador i sala d\u2019estar \ud83d\udecb\ufe0f<br>\ud83d\udecf\ufe0f 1 habitaci\u00f3 doble<br>\ud83d\udebf Bany complet amb plat de dutxa<br>\ud83c\udf04 2 balcons exteriors amb vistes al poble i a les muntanyes<\/p>\n<\/details>\n\n\n\n<div style=\"height:0px\" aria-hidden=\"true\" class=\"wp-block-spacer\"><\/div>\n\n\n\n<div class=\"wp-block-columns is-layout-flex wp-container-core-columns-is-layout-28f84493 wp-block-columns-is-layout-flex\">\n<div class=\"wp-block-column is-style-default is-layout-flow wp-block-column-is-layout-flow\" style=\"border-style:none;border-width:0px;padding-top:0;padding-right:0;padding-bottom:0;padding-left:0\">\n<figure class=\"wp-block-image size-full has-custom-border is-style-default\"><img loading=\"lazy\" decoding=\"async\" width=\"2560\" height=\"1660\" src=\"https:\/\/calparro.cat\/wp-content\/uploads\/2025\/11\/1678042490674-scaled.jpg\" alt=\"\" class=\"wp-image-379\" style=\"border-radius:11px;aspect-ratio:4\/3;object-fit:cover\" srcset=\"https:\/\/calparro.cat\/wp-content\/uploads\/2025\/11\/1678042490674-scaled.jpg 2560w, https:\/\/calparro.cat\/wp-content\/uploads\/2025\/11\/1678042490674-300x195.jpg 300w, https:\/\/calparro.cat\/wp-content\/uploads\/2025\/11\/1678042490674-1024x664.jpg 1024w, https:\/\/calparro.cat\/wp-content\/uploads\/2025\/11\/1678042490674-2000x1297.jpg 2000w\" sizes=\"auto, (max-width: 2560px) 100vw, 2560px\" \/><\/figure>\n\n\n\n<h3 class=\"wp-block-heading has-small-font-size\">Sala d&#8217;estar<\/h3>\n<\/div>\n\n\n\n<div class=\"wp-block-column is-style-default is-layout-flow wp-block-column-is-layout-flow\" style=\"border-style:none;border-width:0px;padding-top:0;padding-right:0;padding-bottom:0;padding-left:0\">\n<figure class=\"wp-block-image size-full has-custom-border\"><img loading=\"lazy\" decoding=\"async\" width=\"2560\" height=\"1440\" src=\"https:\/\/calparro.cat\/wp-content\/uploads\/2025\/11\/1678042490662-scaled.jpg\" alt=\"\" class=\"wp-image-382\" style=\"border-radius:11px;aspect-ratio:4\/3;object-fit:cover\" srcset=\"https:\/\/calparro.cat\/wp-content\/uploads\/2025\/11\/1678042490662-scaled.jpg 2560w, https:\/\/calparro.cat\/wp-content\/uploads\/2025\/11\/1678042490662-300x169.jpg 300w, https:\/\/calparro.cat\/wp-content\/uploads\/2025\/11\/1678042490662-1024x576.jpg 1024w, https:\/\/calparro.cat\/wp-content\/uploads\/2025\/11\/1678042490662-2000x1125.jpg 2000w\" sizes=\"auto, (max-width: 2560px) 100vw, 2560px\" \/><\/figure>\n\n\n\n<h3 class=\"wp-block-heading has-small-font-size\">Habitaci\u00f3 doble<\/h3>\n<\/div>\n<\/div>\n\n\n\n<div class=\"wp-block-columns is-layout-flex wp-container-core-columns-is-layout-28f84493 wp-block-columns-is-layout-flex\">\n<div class=\"wp-block-column is-style-default is-layout-flow wp-block-column-is-layout-flow\" style=\"border-style:none;border-width:0px;padding-top:0;padding-right:0;padding-bottom:0;padding-left:0\">\n<figure class=\"wp-block-image size-full has-custom-border is-style-default\"><img loading=\"lazy\" decoding=\"async\" width=\"2560\" height=\"1663\" src=\"https:\/\/calparro.cat\/wp-content\/uploads\/2025\/11\/1678042490640-scaled.jpg\" alt=\"\" class=\"wp-image-377\" style=\"border-radius:11px;aspect-ratio:4\/3;object-fit:cover\" srcset=\"https:\/\/calparro.cat\/wp-content\/uploads\/2025\/11\/1678042490640-scaled.jpg 2560w, https:\/\/calparro.cat\/wp-content\/uploads\/2025\/11\/1678042490640-300x195.jpg 300w, https:\/\/calparro.cat\/wp-content\/uploads\/2025\/11\/1678042490640-1024x665.jpg 1024w, https:\/\/calparro.cat\/wp-content\/uploads\/2025\/11\/1678042490640-2000x1299.jpg 2000w\" sizes=\"auto, (max-width: 2560px) 100vw, 2560px\" \/><\/figure>\n\n\n\n<h3 class=\"wp-block-heading has-small-font-size\">Bany<\/h3>\n<\/div>\n\n\n\n<div class=\"wp-block-column is-style-default is-layout-flow wp-block-column-is-layout-flow\" style=\"border-style:none;border-width:0px;padding-top:0;padding-right:0;padding-bottom:0;padding-left:0\">\n<figure class=\"wp-block-image size-full has-custom-border\"><img loading=\"lazy\" decoding=\"async\" width=\"2560\" height=\"1576\" src=\"https:\/\/calparro.cat\/wp-content\/uploads\/2025\/11\/1691928415383-scaled.jpg\" alt=\"\" class=\"wp-image-381\" style=\"border-radius:11px;aspect-ratio:4\/3;object-fit:cover\" srcset=\"https:\/\/calparro.cat\/wp-content\/uploads\/2025\/11\/1691928415383-scaled.jpg 2560w, https:\/\/calparro.cat\/wp-content\/uploads\/2025\/11\/1691928415383-300x185.jpg 300w, https:\/\/calparro.cat\/wp-content\/uploads\/2025\/11\/1691928415383-1024x630.jpg 1024w, https:\/\/calparro.cat\/wp-content\/uploads\/2025\/11\/1691928415383-2000x1231.jpg 2000w\" sizes=\"auto, (max-width: 2560px) 100vw, 2560px\" \/><\/figure>\n\n\n\n<h3 class=\"wp-block-heading has-small-font-size\">Cuina-Menjador<\/h3>\n<\/div>\n<\/div>\n\n\n\n<h3 class=\"wp-block-heading\"><a href=\"https:\/\/calparro.cat\/ca\/apartament-2\/\" data-type=\"link\" data-id=\"https:\/\/calparro.cat\/ca\/apartament-2\/\" target=\"_blank\" rel=\"noreferrer noopener\">Veure&#8217;n m\u00e9s<\/a><\/h3>\n<\/div>\n<\/div>\n<\/div>\n<\/div>\n<\/div>\n<\/div>\n\n\n\n<div id=\"team\" class=\"wp-block-group has-global-padding is-layout-constrained wp-block-group-is-layout-constrained\">\n<div class=\"wp-block-group is-layout-flow wp-block-group-is-layout-flow\">\n<h2 class=\"wp-block-heading ocultar-text has-x-large-font-size\" style=\"border-style:none;border-width:0px;font-style:normal;font-weight:800\">El Poble<\/h2>\n\n\n\n<figure class=\"wp-block-image size-large is-resized\"><img loading=\"lazy\" decoding=\"async\" width=\"1024\" height=\"386\" src=\"https:\/\/xavieradriafrigola.com\/wp-content\/uploads\/2025\/09\/1-1024x386.jpg\" alt=\"\" class=\"wp-image-341\" style=\"width:907px;height:auto\" srcset=\"https:\/\/calparro.cat\/wp-content\/uploads\/2025\/09\/1-1024x386.jpg 1024w, https:\/\/calparro.cat\/wp-content\/uploads\/2025\/09\/1-300x113.jpg 300w, https:\/\/calparro.cat\/wp-content\/uploads\/2025\/09\/1.jpg 1140w\" sizes=\"auto, (max-width: 1024px) 100vw, 1024px\" \/><\/figure>\n\n\n\n<p class=\"has-medium-font-size\">\ud83c\udf47 <strong>Batea, Terra Alta<\/strong><br>\ud83c\udff0 Hist\u00f2ria viva, carrers medievals i autenticitat.<br>\ud83c\udf06 Modernitat i qualitat tur\u00edstica amb confort i accessibilitat.<br>\ud83c\udf77 Terra de vins, enoturisme i passi\u00f3 per la vinya.<br>\ud83c\udf3f Batea, arrelada a la terra.<\/p>\n\n\n\n<details class=\"wp-block-details has-large-font-size is-layout-flow wp-block-details-is-layout-flow\"><summary><strong>Detalls<\/strong><\/summary>\n<p class=\"has-medium-font-size\">\ud83c\udf47\u2728 <strong>Turisme i vins <\/strong><\/p>\n\n\n\n<p class=\"has-medium-font-size\">\ud83c\udff0 <strong>Batea medieval<\/strong><br>Un poble amb patrimoni i hist\u00f2ria, un casc antic medieval perfectament conservat i en constant rehabilitaci\u00f3. Un espai que conserva un <strong>tra\u00e7 medieval \u00fanic, amb porxos i arcs<\/strong> que us transporten a altres \u00e8poques i on el tra\u00e7at dels carrers permet <strong>imaginar la forma que tenia el poble en temps antics.<\/strong> T\u2019enamorar\u00e0 per la seva autenticitat.<\/p>\n\n\n\n<p class=\"has-medium-font-size\">\ud83c\udf06 <strong>Batea moderna<\/strong><br>Una ciutat que combina tradici\u00f3 i modernitat: qualitat tur\u00edstica, confort, avantguarda i un ferm comprom\u00eds amb el <strong>turisme accessible i social<\/strong>.<\/p>\n\n\n\n<p class=\"has-medium-font-size\">\ud83c\udf77 <strong>Batea \u00e9s Vi<\/strong><br>L\u2019enoturisme \u00e9s la seva \u00e0nima: passi\u00f3 per la vinya, la terra i el vi, motor econ\u00f2mic i social de la comarca.<\/p>\n\n\n\n<p class=\"has-medium-font-size\">\ud83c\udf3f <strong>Batea arrelada a la terra.<\/strong><\/p>\n<\/details>\n\n\n\n<details class=\"wp-block-details has-large-font-size is-layout-flow wp-block-details-is-layout-flow\"><summary><strong>Punts d&#8217;inter\u00e8s<\/strong><\/summary>\n<p class=\"has-medium-font-size\">Aqui teniu un recull dels punts d&#8217;inter\u00e8s m\u00e9s destactas del poble, podeu consultar-los tots en aquest enlla\u00e7: <a href=\"https:\/\/turismebatea.com\/puntsinteres\">https:\/\/turismebatea.com\/puntsinteres<\/a><\/p>\n\n\n\n<div style=\"height:25px\" aria-hidden=\"true\" class=\"wp-block-spacer\"><\/div>\n\n\n\n<figure class=\"wp-block-image size-full is-resized\"><img loading=\"lazy\" decoding=\"async\" width=\"400\" height=\"400\" src=\"https:\/\/xavieradriafrigola.com\/wp-content\/uploads\/2025\/09\/info_turistica3.png\" alt=\"\" class=\"wp-image-342\" style=\"width:320px;height:auto\" srcset=\"https:\/\/calparro.cat\/wp-content\/uploads\/2025\/09\/info_turistica3.png 400w, https:\/\/calparro.cat\/wp-content\/uploads\/2025\/09\/info_turistica3-300x300.png 300w, https:\/\/calparro.cat\/wp-content\/uploads\/2025\/09\/info_turistica3-150x150.png 150w\" sizes=\"auto, (max-width: 400px) 100vw, 400px\" \/><\/figure>\n\n\n\n<p class=\"has-medium-font-size\"><br><strong>Punt d&#8217;Informaci\u00f3 tur\u00edstica<\/strong><\/p>\n<\/details>\n<\/div>\n<\/div>\n\n\n\n<div id=\"team\" class=\"wp-block-group has-global-padding is-layout-constrained wp-block-group-is-layout-constrained\">\n<div class=\"wp-block-group is-layout-flow wp-block-group-is-layout-flow\">\n<h2 class=\"wp-block-heading has-x-large-font-size\">La nostra fam\u00edlia<\/h2>\n\n\n\n<p class=\"has-medium-font-size\">Hola!<\/p>\n\n\n\n<p class=\"has-medium-font-size\">Som la Fina i en Batiste, els propietaris dels Allotjaments CAL PARRO. <\/p>\n\n\n\n<p class=\"has-medium-font-size\">Volem aprofitar aquesta p\u00e0gina per presentar-nos i que, d\u2019aquesta manera, ens pugueu con\u00e8ixer una mica millor.&nbsp;<\/p>\n\n\n\n<div class=\"wp-block-columns is-layout-flex wp-container-core-columns-is-layout-28f84493 wp-block-columns-is-layout-flex\">\n<div class=\"wp-block-column is-style-default is-layout-flow wp-block-column-is-layout-flow\" style=\"border-style:none;border-width:0px;padding-top:0;padding-right:0;padding-bottom:0;padding-left:0\">\n<figure class=\"wp-block-image size-full has-custom-border is-style-default\"><img loading=\"lazy\" decoding=\"async\" width=\"1200\" height=\"1600\" src=\"https:\/\/xavieradriafrigola.com\/wp-content\/uploads\/2025\/09\/mare.jpg\" alt=\"\" class=\"wp-image-345\" style=\"border-radius:11px\" srcset=\"https:\/\/calparro.cat\/wp-content\/uploads\/2025\/09\/mare.jpg 1200w, https:\/\/calparro.cat\/wp-content\/uploads\/2025\/09\/mare-225x300.jpg 225w, https:\/\/calparro.cat\/wp-content\/uploads\/2025\/09\/mare-768x1024.jpg 768w\" sizes=\"auto, (max-width: 1200px) 100vw, 1200px\" \/><\/figure>\n\n\n\n<h3 class=\"wp-block-heading\">Fina<\/h3>\n\n\n\n<p>Propietaria<\/p>\n\n\n\n<p>S\u00f3c la Fina. La persona que us donar\u00e0 la benvinguda als allotjaments. M\u2019encarrego de la recepci\u00f3, la gesti\u00f3 del negoci i les tasques de neteja de tots els espais.<\/p>\n\n\n\n<p>M\u2019agrada que aqu\u00ed us sentiu com a casa, sigui quin sigui l\u2019indret del m\u00f3n des del qual ens visiteu, i fer el m\u00e9s tranquil i agradable possible el vostre pas per aquesta comarca. <\/p>\n\n\n\n<p>No dubteu a demanar-me informaci\u00f3 sobre els llocs que podeu visitar, les activitats que voleu fer o sobre qualsevol altra cosa que necessiteu.<\/p>\n<\/div>\n\n\n\n<div class=\"wp-block-column is-style-default is-layout-flow wp-block-column-is-layout-flow\" style=\"border-style:none;border-width:0px;padding-top:0;padding-right:0;padding-bottom:0;padding-left:0\">\n<figure class=\"wp-block-image size-full has-custom-border\"><img loading=\"lazy\" decoding=\"async\" width=\"1200\" height=\"1600\" src=\"https:\/\/xavieradriafrigola.com\/wp-content\/uploads\/2025\/09\/pare.jpg\" alt=\"\" class=\"wp-image-346\" style=\"border-radius:11px\" srcset=\"https:\/\/calparro.cat\/wp-content\/uploads\/2025\/09\/pare.jpg 1200w, https:\/\/calparro.cat\/wp-content\/uploads\/2025\/09\/pare-225x300.jpg 225w, https:\/\/calparro.cat\/wp-content\/uploads\/2025\/09\/pare-768x1024.jpg 768w\" sizes=\"auto, (max-width: 1200px) 100vw, 1200px\" \/><\/figure>\n\n\n\n<h3 class=\"wp-block-heading\">Batiste <\/h3>\n\n\n\n<p>Propietari<\/p>\n\n\n\n<div class=\"wp-block-group has-global-padding is-layout-constrained wp-block-group-is-layout-constrained\">\n<p>S\u00f3c en Batiste. Jo m\u2019encarrego del manteniment dels allotjaments i algunes tasques de neteja. Depenent del dia, potser tamb\u00e9 em trobeu a la recepci\u00f3 per donar-vos la benvinguda.<\/p>\n\n\n\n<p>S\u00f3c fuster i artes\u00e0 de professi\u00f3 i, de fet, he restaurat i condicionat tots i cadascun dels apartaments que formen part del nostre petit negoci.<\/p>\n\n\n\n<p>Ho hem fet sempre treballant amb materials com la fusta i la pedra, per crear espais acollidors.<\/p>\n\n\n\n<p>Intentant conservar tots els elements arquitect\u00f2nics possibles de les construccions originals, per mantenir l\u2019ess\u00e8ncia i el car\u00e0cter dels habitatges.<\/p>\n<\/div>\n<\/div>\n<\/div>\n<\/div>\n<\/div>\n\n\n\n<div class=\"wp-block-group has-global-padding is-layout-constrained wp-block-group-is-layout-constrained\">\n<div class=\"wp-block-group is-layout-flow wp-block-group-is-layout-flow\">\n<div style=\"height:67px\" aria-hidden=\"true\" class=\"wp-block-spacer\"><\/div>\n\n\n\n<div class=\"wp-block-columns is-layout-flex wp-container-core-columns-is-layout-28f84493 wp-block-columns-is-layout-flex\">\n<div class=\"wp-block-column is-layout-flow wp-block-column-is-layout-flow\">\n<h2 class=\"wp-block-heading has-text-align-left has-x-large-font-size\">On Som?<\/h2>\n<\/div>\n<\/div>\n\n\n\n<hr class=\"wp-block-separator has-text-color has-lightgrey-color has-alpha-channel-opacity has-lightgrey-background-color has-background is-style-wide\"\/>\n<\/div>\n\n\n\n<h2 class=\"wp-block-heading\">Carrer de Sant Pol, 14, 43786 Batea, Tarragona<\/h2>\n<\/div>\n\n\n\n<!-- Contenidor responsive amb relaci\u00f3 16:9 -->\n<div style=\"position:relative;padding-bottom:56.25%;height:0;overflow:hidden;border-radius:12px;\">\n  <iframe\n    src=\"https:\/\/www.google.com\/maps\/embed?pb=!1m18!1m12!1m3!1d3006.8001543206506!2d0.30641527644725186!3d41.09521291406668!2m3!1f0!2f0!3f0!3m2!1i1024!2i768!4f13.1!3m3!1m2!1s0x12a0c7f994971e4f%3A0xdbd8d18f5884f4e4!2sCal%20Parro%20-%20Batea%20-%20Apartaments%20Rurals!5e0!3m2!1ses!2ses!4v1755538977659!5m2!1ses!2ses\"\n    style=\"position:absolute;top:0;left:0;width:100%;height:100%;border:0;\"\n    allowfullscreen=\"\"\n    loading=\"lazy\"\n    referrerpolicy=\"no-referrer-when-downgrade\">\n  <\/iframe>\n<\/div>\n\n\n\n<div style=\"height:100px\" aria-hidden=\"true\" class=\"wp-block-spacer\"><\/div>\n","protected":false},"excerpt":{"rendered":"<p>Benvinguts a Cal Parro La nostra casa rural situada en un entorn encantador on la tranquil\u00b7litat, la natura i la tradici\u00f3 s\u2019uneixen per oferir-te una estada inoblidable. Qu\u00e8 us oferim? La Casa Sala d&#8217;estar Habitaci\u00f3 doble Bany Terrassa amb piscina Veure&#8217;n m\u00e9s Sala d&#8217;estar Habitaci\u00f3 doble Bany Cuina-Menjador Veure&#8217;n m\u00e9s El Poble \ud83c\udf47 Batea, Terra &hellip; <\/p>\n<p class=\"link-more\"><a href=\"https:\/\/calparro.cat\/ca\/\" class=\"more-link\">Read more<span class=\"screen-reader-text\"> &#8220;Cal Parro&#8221;<\/span><\/a><\/p>\n","protected":false},"author":1,"featured_media":0,"parent":0,"menu_order":0,"comment_status":"open","ping_status":"closed","template":"page-templates\/no-title.php","meta":{"footnotes":""},"class_list":["post-110","page","type-page","status-publish","hentry"],"_links":{"self":[{"href":"https:\/\/calparro.cat\/ca\/wp-json\/wp\/v2\/pages\/110","targetHints":{"allow":["GET"]}}],"collection":[{"href":"https:\/\/calparro.cat\/ca\/wp-json\/wp\/v2\/pages"}],"about":[{"href":"https:\/\/calparro.cat\/ca\/wp-json\/wp\/v2\/types\/page"}],"author":[{"embeddable":true,"href":"https:\/\/calparro.cat\/ca\/wp-json\/wp\/v2\/users\/1"}],"replies":[{"embeddable":true,"href":"https:\/\/calparro.cat\/ca\/wp-json\/wp\/v2\/comments?post=110"}],"version-history":[{"count":275,"href":"https:\/\/calparro.cat\/ca\/wp-json\/wp\/v2\/pages\/110\/revisions"}],"predecessor-version":[{"id":1444,"href":"https:\/\/calparro.cat\/ca\/wp-json\/wp\/v2\/pages\/110\/revisions\/1444"}],"wp:attachment":[{"href":"https:\/\/calparro.cat\/ca\/wp-json\/wp\/v2\/media?parent=110"}],"curies":[{"name":"wp","href":"https:\/\/api.w.org\/{rel}","templated":true}]}}