{"id":1043,"date":"2026-01-16T12:58:41","date_gmt":"2026-01-16T10:58:41","guid":{"rendered":"https:\/\/calparro.cat\/?page_id=1043"},"modified":"2026-02-22T13:34:06","modified_gmt":"2026-02-22T11:34:06","slug":"actividades","status":"publish","type":"page","link":"https:\/\/calparro.cat\/ca\/actividades\/","title":{"rendered":"Activitats"},"content":{"rendered":"\n<div class=\"wp-block-group has-global-padding is-layout-constrained wp-block-group-is-layout-constrained\">\n<p>La Terra Alta ofereix una gran varietat d\u2019activitats per a tots els gustos: des de rutes de senderisme i cicloturisme per espais emblem\u00e0tics com la Via Verda de la Terra Alta, fins a visites culturals vinculades a la mem\u00f2ria hist\u00f2rica i a la Batalla de l\u2019Ebre. Els amants de la natura poden explorar el Parc Natural dels Ports, mentre que els apassionats del vi trobaran a la DO Terra Alta una experi\u00e8ncia enotur\u00edstica de primer nivell.<\/p>\n\n\n\n<p>A continuaci\u00f3 us proposem algunes recomanacions:<\/p>\n\n\n\n<h2 class=\"wp-block-heading\"><strong>Via Verda entre Prat de Comte i El Pinell, passant per la Fontcalda<\/strong><\/h2>\n\n\n\n<p>La Via Verda \u00e9s una excel\u00b7lent alternativa per endinsar-se en l\u2019entorn natural de la Terra Alta. Si viatgeu amb infants, una de les rutes m\u00e9s recomanables \u00e9s la que uneix l\u2019antiga estaci\u00f3 ferrovi\u00e0ria de Prat de Comte amb El Pinell de Brai.<\/p>\n\n\n\n<p>La ra\u00f3 \u00e9s clara: a mig recorregut, despr\u00e9s de la divertida experi\u00e8ncia de travessar diversos t\u00fanels, s\u2019arriba al santuari de la Fontcalda, un espai que destaca per m\u00e8rits propis. All\u00e0 podreu descobrir un brollador d\u2019aig\u00fces termals, gaudir de les piscines naturals que forma el riu Canaletes i descansar en una agradable zona de p\u00edcnic.<\/p>\n\n\n\n<p>Cal destacar tamb\u00e9 que a l\u2019antiga estaci\u00f3 de Prat de Comte hi ha una altra \u00e0rea de p\u00edcnic, ideal per comen\u00e7ar o acabar l\u2019excursi\u00f3 amb tranquil\u00b7litat.<\/p>\n\n\n\n<div class=\"wp-block-columns is-layout-flex wp-container-core-columns-is-layout-28f84493 wp-block-columns-is-layout-flex\">\n<div class=\"wp-block-column is-style-default is-layout-flow wp-block-column-is-layout-flow\" style=\"border-style:none;border-width:0px;padding-top:0;padding-right:0;padding-bottom:0;padding-left:0\">\n<figure class=\"wp-block-image size-full has-custom-border is-style-default\"><img loading=\"lazy\" decoding=\"async\" width=\"1280\" height=\"855\" src=\"https:\/\/calparro.cat\/wp-content\/uploads\/2026\/01\/viaverda.avif\" alt=\"\" class=\"wp-image-1004\" style=\"border-radius:11px;aspect-ratio:4\/3;object-fit:cover\"\/><\/figure>\n<\/div>\n\n\n\n<div class=\"wp-block-column is-style-default is-layout-flow wp-block-column-is-layout-flow\" style=\"border-style:none;border-width:0px;padding-top:0;padding-right:0;padding-bottom:0;padding-left:0\">\n<figure class=\"wp-block-image size-full has-custom-border\"><img loading=\"lazy\" decoding=\"async\" width=\"730\" height=\"487\" src=\"https:\/\/calparro.cat\/wp-content\/uploads\/2026\/01\/turismo-fontcalda-pozas-de-bano.jpg\" alt=\"\" class=\"wp-image-1000\" style=\"border-radius:11px;aspect-ratio:4\/3;object-fit:cover\" srcset=\"https:\/\/calparro.cat\/wp-content\/uploads\/2026\/01\/turismo-fontcalda-pozas-de-bano.jpg 730w, https:\/\/calparro.cat\/wp-content\/uploads\/2026\/01\/turismo-fontcalda-pozas-de-bano-300x200.jpg 300w\" sizes=\"auto, (max-width: 730px) 100vw, 730px\" \/><\/figure>\n<\/div>\n<\/div>\n\n\n\n<h2 class=\"wp-block-heading\"><strong>Les Olles<\/strong><\/h2>\n\n\n\n<p>Si feu la visita durant els mesos m\u00e9s calorosos, l\u2019experi\u00e8ncia \u00e9s realment inoblidable: podreu refrescar-vos en unes impressionants piscines naturals, considerades entre les m\u00e9s boniques no nom\u00e9s de la Terra Alta i les Terres de l\u2019Ebre, sin\u00f3 de tota la prov\u00edncia de Tarragona. En canvi, si hi aneu en una \u00e8poca m\u00e9s freda, el paisatge continua oferint un entorn natural espectacular per gaudir-lo amb calma.<\/p>\n\n\n\n<p>A m\u00e9s, es tracta d\u2019un indret molt accessible, apte per a tothom.<\/p>\n\n\n\n<div class=\"wp-block-columns is-layout-flex wp-container-core-columns-is-layout-28f84493 wp-block-columns-is-layout-flex\">\n<div class=\"wp-block-column is-style-default is-layout-flow wp-block-column-is-layout-flow\" style=\"border-style:none;border-width:0px;padding-top:0;padding-right:0;padding-bottom:0;padding-left:0\">\n<figure class=\"wp-block-image size-full has-custom-border is-style-default\"><img loading=\"lazy\" decoding=\"async\" width=\"1600\" height=\"1000\" src=\"https:\/\/calparro.cat\/wp-content\/uploads\/2026\/01\/olles-bot-horta-sant-joan.webp\" alt=\"\" class=\"wp-image-1007\" style=\"border-radius:11px;aspect-ratio:4\/3;object-fit:cover\" srcset=\"https:\/\/calparro.cat\/wp-content\/uploads\/2026\/01\/olles-bot-horta-sant-joan.webp 1600w, https:\/\/calparro.cat\/wp-content\/uploads\/2026\/01\/olles-bot-horta-sant-joan-300x188.webp 300w, https:\/\/calparro.cat\/wp-content\/uploads\/2026\/01\/olles-bot-horta-sant-joan-1024x640.webp 1024w\" sizes=\"auto, (max-width: 1600px) 100vw, 1600px\" \/><\/figure>\n<\/div>\n\n\n\n<div class=\"wp-block-column is-style-default is-layout-flow wp-block-column-is-layout-flow\" style=\"border-style:none;border-width:0px;padding-top:0;padding-right:0;padding-bottom:0;padding-left:0\">\n<figure class=\"wp-block-image size-full has-custom-border\"><img loading=\"lazy\" decoding=\"async\" width=\"1600\" height=\"1200\" src=\"https:\/\/calparro.cat\/wp-content\/uploads\/2026\/01\/17420362Master.jpg\" alt=\"\" class=\"wp-image-1009\" style=\"border-radius:11px;aspect-ratio:4\/3;object-fit:cover\" srcset=\"https:\/\/calparro.cat\/wp-content\/uploads\/2026\/01\/17420362Master.jpg 1600w, https:\/\/calparro.cat\/wp-content\/uploads\/2026\/01\/17420362Master-300x225.jpg 300w, https:\/\/calparro.cat\/wp-content\/uploads\/2026\/01\/17420362Master-1024x768.jpg 1024w\" sizes=\"auto, (max-width: 1600px) 100vw, 1600px\" \/><\/figure>\n<\/div>\n<\/div>\n<\/div>\n","protected":false},"excerpt":{"rendered":"<p>La Terra Alta ofereix una gran varietat d\u2019activitats per a tots els gustos: des de rutes de senderisme i cicloturisme per espais emblem\u00e0tics com la Via Verda de la Terra Alta, fins a visites culturals vinculades a la mem\u00f2ria hist\u00f2rica i a la Batalla de l\u2019Ebre. Els amants de la natura poden explorar el Parc &hellip; <\/p>\n<p class=\"link-more\"><a href=\"https:\/\/calparro.cat\/ca\/actividades\/\" class=\"more-link\">Read more<span class=\"screen-reader-text\"> &#8220;Activitats&#8221;<\/span><\/a><\/p>\n","protected":false},"author":1,"featured_media":752,"parent":0,"menu_order":0,"comment_status":"closed","ping_status":"closed","template":"","meta":{"footnotes":""},"class_list":["post-1043","page","type-page","status-publish","has-post-thumbnail","hentry"],"_links":{"self":[{"href":"https:\/\/calparro.cat\/ca\/wp-json\/wp\/v2\/pages\/1043","targetHints":{"allow":["GET"]}}],"collection":[{"href":"https:\/\/calparro.cat\/ca\/wp-json\/wp\/v2\/pages"}],"about":[{"href":"https:\/\/calparro.cat\/ca\/wp-json\/wp\/v2\/types\/page"}],"author":[{"embeddable":true,"href":"https:\/\/calparro.cat\/ca\/wp-json\/wp\/v2\/users\/1"}],"replies":[{"embeddable":true,"href":"https:\/\/calparro.cat\/ca\/wp-json\/wp\/v2\/comments?post=1043"}],"version-history":[{"count":29,"href":"https:\/\/calparro.cat\/ca\/wp-json\/wp\/v2\/pages\/1043\/revisions"}],"predecessor-version":[{"id":1408,"href":"https:\/\/calparro.cat\/ca\/wp-json\/wp\/v2\/pages\/1043\/revisions\/1408"}],"wp:featuredmedia":[{"embeddable":true,"href":"https:\/\/calparro.cat\/ca\/wp-json\/wp\/v2\/media\/752"}],"wp:attachment":[{"href":"https:\/\/calparro.cat\/ca\/wp-json\/wp\/v2\/media?parent=1043"}],"curies":[{"name":"wp","href":"https:\/\/api.w.org\/{rel}","templated":true}]}}